{"id":218229,"date":"2020-08-18T07:00:33","date_gmt":"2020-08-18T07:00:33","guid":{"rendered":"http:\/\/centroalum.vl23196.dinaserver.com\/sostenibilitat-centroalum\/"},"modified":"2020-08-18T07:00:33","modified_gmt":"2020-08-18T07:00:33","slug":"sostenibilitat-centroalum","status":"publish","type":"page","link":"https:\/\/centroalum.com\/ca\/sostenibilitat-centroalum\/","title":{"rendered":"Sostenibilitat Centroalum"},"content":{"rendered":"<p>[et_pb_section fb_built=&#8221;1&#8243; _builder_version=&#8221;4.4.2&#8243; background_image=&#8221;https:\/\/centroalum.com\/wp-content\/uploads\/2020\/06\/istockphoto-1166438440-2048&#215;2048-1.jpg&#8221; background_position=&#8221;bottom_center&#8221; custom_margin=&#8221;0px||0px||false|false&#8221; custom_padding=&#8221;20px||10px&#8221; saved_tabs=&#8221;all&#8221;][et_pb_row custom_padding_last_edited=&#8221;on|phone&#8221; _builder_version=&#8221;4.4.2&#8243; background_enable_color=&#8221;off&#8221; module_alignment=&#8221;center&#8221; custom_margin=&#8221;535px|0px|87px|0px|false|false&#8221; custom_margin_tablet=&#8221;50px|0px|0px|0px|false|false&#8221; custom_margin_phone=&#8221;|||40px|false|false&#8221; custom_margin_last_edited=&#8221;on|phone&#8221; custom_padding=&#8221;0px|0px|0px|0px|false|false&#8221; custom_padding_tablet=&#8221;&#8221; custom_padding_phone=&#8221;&#8221;][et_pb_column type=&#8221;4_4&#8243; _builder_version=&#8221;3.29.3&#8243;][et_pb_text _builder_version=&#8221;4.4.2&#8243; header_font=&#8221;|300|||||||&#8221; header_text_color=&#8221;#ffffff&#8221; header_font_size=&#8221;65px&#8221; custom_margin_last_edited=&#8221;off|phone&#8221; custom_padding=&#8221;||||false|false&#8221; header_font_size_tablet=&#8221;&#8221; header_font_size_phone=&#8221;40px&#8221; header_font_size_last_edited=&#8221;on|phone&#8221; header_2_font_size_phone=&#8221;20px&#8221; header_2_font_size_last_edited=&#8221;off|desktop&#8221;]<\/p>\n<h1>Sostenibilitat<\/h1>\n<p>[\/et_pb_text][\/et_pb_column][\/et_pb_row][\/et_pb_section][et_pb_section fb_built=&#8221;1&#8243; _builder_version=&#8221;4.4.2&#8243; background_color=&#8221;#f4de93&#8243; custom_padding=&#8221;||11px|||&#8221;][et_pb_row make_equal=&#8221;on&#8221; _builder_version=&#8221;4.4.2&#8243; custom_margin=&#8221;0px||||false|false&#8221; custom_padding=&#8221;||||false|false&#8221;][et_pb_column type=&#8221;4_4&#8243; _builder_version=&#8221;4.4.2&#8243;][et_pb_text content_tablet=&#8221;<\/p>\n<h2>IDA<\/h2>\n<h3>PER A TOTESS<br \/>LES LLARS<\/h3>\n<p><strong>IDA<\/strong> (sigla en angl\u00e8s de %22Portes d&#8217;Interior d&#8217;Alumini%22) d\u00f3na resposta a la tend\u00e8ncia a utilitzar <strong>portes i panells d&#8217;interior minimalistes<\/strong> que semblen d&#8217;acer. Per\u00f2 s\u00f3n fins i tot millors, perqu\u00e8 <strong>els hfem d&#8217;alumini<\/strong>! Per qu\u00e8?<\/p>\n<p>&#8221; content_phone=&#8221;<\/p>\n<h2 style=%22text-align: left;%22>IDA<\/h2>\n<h3 style=%22text-align: left;%22>PER A TOTES<br \/>LES LLARS<\/h3>\n<p><strong>IDA<\/strong> (sigla en angl\u00e8s de %22Portes d&#8217;Interior d&#8217;Alumini%22) d\u00f3na resposta a la tend\u00e8ncia a utilitzar <strong>portes i panells d&#8217;interior minimalistes<\/strong> que semblen d&#8217;acer. Per\u00f2 s\u00f3n fins i tot millors, perqu\u00e8 <strong>els fem d&#8217;alumini!<\/strong> Per qu\u00e8?<\/p>\n<p>&#8221; content_last_edited=&#8221;on|tablet&#8221; _builder_version=&#8221;4.4.2&#8243; text_font=&#8221;|300|||||||&#8221; text_text_color=&#8221;#000000&#8243; text_font_size=&#8221;16px&#8221; link_text_color=&#8221;#565656&#8243; header_text_color=&#8221;#000000&#8243; header_2_font=&#8221;|600|||||||&#8221; header_2_text_color=&#8221;#444444&#8243; header_2_font_size=&#8221;55px&#8221; header_2_line_height=&#8221;1.2em&#8221; header_3_font=&#8221;|600|||||||&#8221; header_3_text_color=&#8221;#636363&#8243; header_3_font_size=&#8221;25px&#8221; width=&#8221;100%&#8221; width_tablet=&#8221;&#8221; width_phone=&#8221;100%&#8221; width_last_edited=&#8221;on|phone&#8221; custom_margin=&#8221;30px||||false|false&#8221; header_2_font_tablet=&#8221;&#8221; header_2_font_phone=&#8221;&#8221; header_2_font_last_edited=&#8221;on|phone&#8221; header_3_font_tablet=&#8221;&#8221; header_3_font_phone=&#8221;&#8221; header_3_font_last_edited=&#8221;on|phone&#8221;]<\/p>\n<h2 style=\"text-align: left;\">Impulsant la Sostenibilitat<\/h2>\n<ul>\n<li>Per a detenir <strong>l&#8217;acceleraci\u00edo de l&#8217;escalfament global<\/strong> necessitem viure amb &lt;1 tona de CO\u2082 per persona i any<\/li>\n<li>La mitjana mundial \u00e9s de <strong>5 tones<\/strong><\/li>\n<li>La mitjana als pa\u00efsos de l&#8217;OCDE \u00e9s significativament superior<\/li>\n<li>Per a comprendre la teva petjada de carboni personal:<br \/>\n<a href=\"https:\/\/footprint.wwf.org.uk\/#\/questionnaire\" target=\"_blank\" rel=\"noopener noreferrer\">https:\/\/footprint.wwf.org.uk\/#\/questionnaire<\/a><br \/>\n<a href=\"https:\/\/co2cero.co\/huella-de-carbono\" target=\"_blank\" rel=\"noopener noreferrer\">https:\/\/co2cero.co\/huella-de-carbono<\/a><\/li>\n<\/ul>\n<p>&nbsp;[\/et_pb_text][\/et_pb_column][\/et_pb_row][et_pb_row make_equal=&#8221;on&#8221; disabled_on=&#8221;on|on|on&#8221; _builder_version=&#8221;4.4.2&#8243; custom_margin=&#8221;0px|auto|9px|auto|false|false&#8221; custom_padding=&#8221;||||false|false&#8221; disabled=&#8221;on&#8221;][et_pb_column type=&#8221;4_4&#8243; _builder_version=&#8221;4.4.2&#8243;][et_pb_button url_new_window=&#8221;on&#8221; button_text=&#8221; DESCARREGAR CAT\u00c0LEG EN PDF&#8221; module_id=&#8221;idacatalogo&#8221; _builder_version=&#8221;4.4.2&#8243;][\/et_pb_button][\/et_pb_column][\/et_pb_row][\/et_pb_section][et_pb_section fb_built=&#8221;1&#8243; module_id=&#8221; sostenibilitat&#8221; _builder_version=&#8221;4.4.2&#8243; custom_margin=&#8221;0px||0px||false|false&#8221; custom_padding=&#8221;0px||0px||false|false&#8221;][et_pb_row column_structure=&#8221;1_4,1_4,1_4,1_4&#8243; module_class=&#8221;sosten&#8221; _builder_version=&#8221;4.4.2&#8243; width=&#8221;100%&#8221; max_width=&#8221;100%&#8221; custom_margin=&#8221;0px||0px||false|false&#8221; custom_padding=&#8221;0px||0px||false|false&#8221;][et_pb_column type=&#8221;1_4&#8243; module_class=&#8221;idafotos&#8221; _builder_version=&#8221;4.4.2&#8243;][et_pb_image src=&#8221;https:\/\/centroalum.com\/wp-content\/uploads\/2020\/06\/sostenibilitat02.jpg&#8221; module_class=&#8221;sostenible&#8221; _builder_version=&#8221;4.4.2&#8243; hover_enabled=&#8221;0&#8243;][\/et_pb_image][\/et_pb_column][et_pb_column type=&#8221;1_4&#8243; module_class=&#8221;idafotos&#8221; _builder_version=&#8221;4.4.2&#8243;][et_pb_image src=&#8221;https:\/\/centroalum.com\/wp-content\/uploads\/2020\/06\/sostenibilitat05.jpg&#8221; module_class=&#8221;sostenible&#8221; _builder_version=&#8221;4.4.2&#8243; hover_enabled=&#8221;0&#8243;][\/et_pb_image][\/et_pb_column][et_pb_column type=&#8221;1_4&#8243; module_class=&#8221;idafotos&#8221; _builder_version=&#8221;4.4.2&#8243;][et_pb_image src=&#8221;https:\/\/centroalum.com\/wp-content\/uploads\/2020\/06\/sostenibilitat01.jpg&#8221; module_class=&#8221;sostenible&#8221; _builder_version=&#8221;4.4.2&#8243; hover_enabled=&#8221;0&#8243;][\/et_pb_image][\/et_pb_column][et_pb_column type=&#8221;1_4&#8243; module_class=&#8221;idafotos&#8221; _builder_version=&#8221;4.4.2&#8243;][et_pb_image src=&#8221;https:\/\/centroalum.com\/wp-content\/uploads\/2020\/06\/sostenibilitat04.jpg&#8221; module_class=&#8221;sostenible&#8221; _builder_version=&#8221;4.4.2&#8243; hover_enabled=&#8221;0&#8243;][\/et_pb_image][\/et_pb_column][\/et_pb_row][\/et_pb_section][et_pb_section fb_built=&#8221;1&#8243; _builder_version=&#8221;4.4.2&#8243; background_enable_color=&#8221;off&#8221; custom_padding=&#8221;17px||10px|||&#8221;][et_pb_row column_structure=&#8221;1_5,1_5,1_5,1_5,1_5&#8243; make_equal=&#8221;on&#8221; _builder_version=&#8221;4.4.2&#8243; width=&#8221;100%&#8221; custom_margin=&#8221;25px||30px||false|false&#8221; custom_padding=&#8221;0px||0px||false|false&#8221;][et_pb_column type=&#8221;1_5&#8243; _builder_version=&#8221;4.4.2&#8243;][et_pb_text content_tablet=&#8221; <\/p>\n<h3 style=%22text-align: center;%22>Major contingut<strong> del material reciclat<\/strong><\/h3>\n<h3 style=%22text-align: center;%22><strong> <\/strong><\/h3>\n<h3 style=%22text-align: center;%22><strong> <\/strong><\/h3>\n<p>&#8221; content_phone=&#8221; <\/p>\n<h3 style=%22text-align: center;%22>Major contingut<strong> del material reciclat<\/strong><\/h3>\n<h3 style=%22text-align: center;%22><strong> <\/strong><\/h3>\n<h3 style=%22text-align: center;%22><strong> <\/strong><\/h3>\n<p>&#8221; content_last_edited=&#8221;off|phone&#8221; _builder_version=&#8221;4.4.2&#8243; text_text_color=&#8221;#7c7c7c&#8221; header_3_font=&#8221;|300|||||||&#8221; header_3_text_color=&#8221;#7c7c7c&#8221; header_3_font_size=&#8221;18px&#8221; header_3_line_height=&#8221;1.3em&#8221; background_color=&#8221;rgba(0,0,0,0)&#8221; max_width=&#8221;150px&#8221; height=&#8221;150px&#8221; custom_margin=&#8221;||11px|||&#8221; custom_padding=&#8221;30px||||false|false&#8221; module_alignment_tablet=&#8221;center&#8221; module_alignment_phone=&#8221;center&#8221; module_alignment_last_edited=&#8221;on|tablet&#8221; border_width_all=&#8221;1px&#8221; border_color_all=&#8221;#7c7c7c&#8221;]<\/p>\n<h3 style=\"text-align: center;\">Major<br \/>\ncontingut<strong> del material reciclat<br \/>\n<\/strong><\/h3>\n<p>[\/et_pb_text][\/et_pb_column][et_pb_column type=&#8221;1_5&#8243; _builder_version=&#8221;4.4.2&#8243;][et_pb_text content_tablet=&#8221;<\/p>\n<h3 style=%22text-align: center;%22>Alt <br \/><strong>a\u00efllament<\/strong> t\u00e8rmic<\/h3>\n<p>&#8221; content_phone=&#8221;<\/p>\n<h3 style=%22text-align: center;%22>Alt <br \/><strong>a\u00efllament<\/strong> t\u00e8rmic<\/h3>\n<p>&#8221; content_last_edited=&#8221;off|desktop&#8221; _builder_version=&#8221;4.4.2&#8243; header_3_font=&#8221;|300|||||||&#8221; header_3_text_color=&#8221;#7c7c7c&#8221; header_3_font_size=&#8221;18px&#8221; header_3_line_height=&#8221;1.3em&#8221; background_enable_color=&#8221;off&#8221; max_width=&#8221;150px&#8221; height=&#8221;150px&#8221; custom_padding=&#8221;50px||||false|false&#8221; hover_enabled=&#8221;0&#8243; module_alignment_tablet=&#8221;center&#8221; module_alignment_phone=&#8221;center&#8221; module_alignment_last_edited=&#8221;on|phone&#8221; border_width_all=&#8221;1px&#8221; border_color_all=&#8221;#7c7c7c&#8221;]<\/p>\n<h3 style=\"text-align: center;\"><strong>Prove\u00efdor de<br \/>\n<\/strong><strong>Proximitat<\/strong><\/h3>\n<p>[\/et_pb_text][\/et_pb_column][et_pb_column type=&#8221;1_5&#8243; _builder_version=&#8221;4.4.2&#8243;][et_pb_text content_tablet=&#8221;<\/p>\n<h3 style=%22text-align: center;%22>Alta<br \/> <strong>estabilitat<\/strong><\/h3>\n<p>&#8221; content_phone=&#8221;<\/p>\n<h3 style=%22text-align: center;%22>Alta<br \/> <strong>estabilitat<\/strong><\/h3>\n<p>&#8221; content_last_edited=&#8221;on|phone&#8221; _builder_version=&#8221;4.4.2&#8243; header_3_font=&#8221;|300|||||||&#8221; header_3_text_color=&#8221;#7c7c7c&#8221; header_3_font_size=&#8221;18px&#8221; header_3_line_height=&#8221;1.3em&#8221; background_enable_color=&#8221;off&#8221; max_width=&#8221;150px&#8221; height=&#8221;150px&#8221; custom_padding=&#8221;30px||||false|false&#8221; hover_enabled=&#8221;0&#8243; module_alignment_tablet=&#8221;center&#8221; module_alignment_phone=&#8221;center&#8221; module_alignment_last_edited=&#8221;on|phone&#8221; border_width_all=&#8221;1px&#8221; border_color_all=&#8221;#7c7c7c&#8221;]<\/p>\n<h3 style=\"text-align: center;\"><span class=\"st\">Declaraci\u00f3 <\/span><strong><span class=\"st\">Ambiental<br \/>\nde Producte<\/span><\/strong><span class=\"st\">\u00a0(<\/span><span class=\"st\"><em>DAP<\/em>)<\/span><strong><br \/>\n<\/strong><\/h3>\n<p>[\/et_pb_text][\/et_pb_column][et_pb_column type=&#8221;1_5&#8243; _builder_version=&#8221;4.4.2&#8243;][et_pb_text content_tablet=&#8221;<\/p>\n<h3 style=%22text-align: center;%22>Alt<br \/><strong>a\u00efllament <br \/>ac\u00fastic<\/strong><\/h3>\n<p>&#8221; content_phone=&#8221;<\/p>\n<h3 style=%22text-align: center;%22>Alt<br \/><strong>a\u00efllament <br \/>ac\u00fastic<\/strong><\/h3>\n<p>&#8221; content_last_edited=&#8221;on|phone&#8221; _builder_version=&#8221;4.4.2&#8243; header_3_font=&#8221;|300|||||||&#8221; header_3_text_color=&#8221;#7c7c7c&#8221; header_3_font_size=&#8221;18px&#8221; header_3_line_height=&#8221;1.3em&#8221; background_enable_color=&#8221;off&#8221; max_width=&#8221;150px&#8221; height=&#8221;150px&#8221; custom_padding=&#8221;50px||||false|false&#8221; hover_enabled=&#8221;0&#8243; module_alignment_tablet=&#8221;center&#8221; module_alignment_phone=&#8221;center&#8221; module_alignment_last_edited=&#8221;on|phone&#8221; border_width_all=&#8221;1px&#8221; border_color_all=&#8221;#7c7c7c&#8221;]<\/p>\n<h3 style=\"text-align: center;\"><strong>Petjada de Carboni<br \/>\n<\/strong><\/h3>\n<p>&nbsp;<br \/>\n[\/et_pb_text][\/et_pb_column][et_pb_column type=&#8221;1_5&#8243; _builder_version=&#8221;4.4.2&#8243;][et_pb_text content_tablet=&#8221;<\/p>\n<h3 style=%22text-align: center;%22><strong>Sense necessitat<\/strong><br \/> de lacatge<br \/> posterior<\/h3>\n<p>&#8221; content_phone=&#8221;<\/p>\n<h3 style=%22text-align: center;%22><strong>Sense necessitat<\/strong><br \/> de lacatge<br \/> posterior<\/h3>\n<p>&#8221; content_last_edited=&#8221;off|desktop&#8221; _builder_version=&#8221;4.4.2&#8243; header_3_font=&#8221;|300|||||||&#8221; header_3_text_color=&#8221;#7c7c7c&#8221; header_3_font_size=&#8221;18px&#8221; header_3_line_height=&#8221;1.3em&#8221; background_enable_color=&#8221;off&#8221; max_width=&#8221;150px&#8221; height=&#8221;150px&#8221; custom_padding=&#8221;40px||||false|false&#8221; hover_enabled=&#8221;0&#8243; module_alignment_tablet=&#8221;center&#8221; module_alignment_phone=&#8221;center&#8221; module_alignment_last_edited=&#8221;on|phone&#8221; border_width_all=&#8221;1px&#8221; border_color_all=&#8221;#7c7c7c&#8221;]<\/p>\n<h3 style=\"text-align: center;\">Certificat d&#8217;<strong>Efici\u00e8ncia Energ\u00e8tica<\/strong><strong><br \/>\n<\/strong><\/h3>\n<p>[\/et_pb_text][\/et_pb_column][\/et_pb_row][\/et_pb_section][et_pb_section fb_built=&#8221;1&#8243; _builder_version=&#8221;3.22.3&#8243; background_color=&#8221;#f4de93&#8243; custom_margin=&#8221;0px||0px&#8221; custom_padding=&#8221;16px||16px||true|false&#8221; hover_enabled=&#8221;0&#8243;][et_pb_row column_structure=&#8221;3_5,2_5&#8243; _builder_version=&#8221;3.25&#8243; custom_padding=&#8221;27px|0px|1px|0px|false|false&#8221;][et_pb_column type=&#8221;3_5&#8243; _builder_version=&#8221;3.25&#8243; custom_padding=&#8221;|||&#8221; custom_padding__hover=&#8221;|||&#8221;][et_pb_text _builder_version=&#8221;4.4.2&#8243; hover_enabled=&#8221;0&#8243;]<\/p>\n<h3><strong>Les nostres portes i finestres d&#8217;alumini<br \/>\n<\/strong><\/h3>\n<p>Totes les claus sobre els habitatges amb certificat Passivhaus.<\/p>\n<p>&nbsp;<br \/>\n[\/et_pb_text][\/et_pb_column][et_pb_column type=&#8221;2_5&#8243; _builder_version=&#8221;3.25&#8243; custom_padding=&#8221;|||&#8221; custom_padding__hover=&#8221;|||&#8221;][et_pb_button url_new_window=&#8221;on&#8221; button_text=&#8221;M\u00c9S INFORMACI\u00d3&#8221; button_alignment=&#8221;right&#8221; module_id=&#8221;manillas&#8221; _builder_version=&#8221;4.4.2&#8243; custom_margin=&#8221;0px||0px||true|false&#8221; hover_enabled=&#8221;0&#8243;][\/et_pb_button][\/et_pb_column][\/et_pb_row][\/et_pb_section][et_pb_section fb_built=&#8221;1&#8243; module_id=&#8221;idafotos&#8221; _builder_version=&#8221;4.4.2&#8243; custom_margin=&#8221;0px||0px||false|false&#8221; custom_padding=&#8221;0px||0px||false|false&#8221;][et_pb_row column_structure=&#8221;1_3,1_3,1_3&#8243; module_class=&#8221;idafotos&#8221; _builder_version=&#8221;4.4.2&#8243; width=&#8221;100%&#8221; max_width=&#8221;100%&#8221; custom_margin=&#8221;0px||0px||false|false&#8221; custom_padding=&#8221;0px||0px||false|false&#8221;][et_pb_column type=&#8221;1_3&#8243; module_class=&#8221;idafotos&#8221; _builder_version=&#8221;4.4.2&#8243;][et_pb_image src=&#8221;https:\/\/centroalum.com\/wp-content\/uploads\/2020\/04\/IDA-puerta-individual-panel-fijo.jpg&#8221; module_class=&#8221;idafotos&#8221; _builder_version=&#8221;4.4.2&#8243;][\/et_pb_image][\/et_pb_column][et_pb_column type=&#8221;1_3&#8243; module_class=&#8221;idafotos&#8221; _builder_version=&#8221;4.4.2&#8243;][et_pb_image src=&#8221;https:\/\/centroalum.com\/wp-content\/uploads\/2020\/04\/IDA-primera-impresi\u00f3n.jpg&#8221; module_class=&#8221;idafotos&#8221; _builder_version=&#8221;4.4.2&#8243;][\/et_pb_image][\/et_pb_column][et_pb_column type=&#8221;1_3&#8243; module_class=&#8221;idafotos&#8221; _builder_version=&#8221;4.4.2&#8243;][et_pb_image src=&#8221;https:\/\/centroalum.com\/wp-content\/uploads\/2020\/04\/IDA-ambiente-unico-2.jpg&#8221; module_class=&#8221;idafotos&#8221; _builder_version=&#8221;4.4.2&#8243;][\/et_pb_image][\/et_pb_column][\/et_pb_row][\/et_pb_section][et_pb_section fb_built=&#8221;1&#8243; _builder_version=&#8221;4.4.2&#8243; background_color=&#8221;#f9f9f9&#8243; custom_margin=&#8221;0px||0px||false|false&#8221; custom_padding=&#8221;0px||18px||false|false&#8221; border_width_bottom=&#8221;3px&#8221; border_color_bottom=&#8221;#ffffff&#8221;][et_pb_row column_structure=&#8221;3_5,2_5&#8243; _builder_version=&#8221;3.25&#8243; custom_padding=&#8221;41px|||||&#8221;][et_pb_column type=&#8221;3_5&#8243; _builder_version=&#8221;3.25&#8243; custom_padding=&#8221;|||&#8221; custom_padding__hover=&#8221;|||&#8221;][et_pb_text _builder_version=&#8221;3.29.3&#8243; header_3_line_height=&#8221;1.5em&#8221;]<\/p>\n<h3>SOL\u00b7LICITA ALS NOSTRES EXPERTS UNA ASSESSORIA PERSONALITZADA<\/h3>\n<p>[\/et_pb_text][\/et_pb_column][et_pb_column type=&#8221;2_5&#8243; _builder_version=&#8221;3.25&#8243; custom_padding=&#8221;|||&#8221; custom_padding__hover=&#8221;|||&#8221;][et_pb_button button_url=&#8221;\/?page_id=215850&#8243; button_text=&#8221;VULL CONTACTAR&#8221; _builder_version=&#8221;4.4.2&#8243;][\/et_pb_button][\/et_pb_column][\/et_pb_row][\/et_pb_section][et_pb_section fb_built=&#8221;1&#8243; _builder_version=&#8221;4.4.2&#8243; background_color=&#8221;#f4de93&#8243; custom_padding=&#8221;15px||15px||true&#8221; global_module=&#8221;211971&#8243; saved_tabs=&#8221;all&#8221;][et_pb_row column_structure=&#8221;1_2,1_4,1_4&#8243; use_custom_gutter=&#8221;on&#8221; gutter_width=&#8221;1&#8243; _builder_version=&#8221;3.25&#8243; use_custom_width=&#8221;on&#8221;][et_pb_column type=&#8221;1_2&#8243; _builder_version=&#8221;3.25&#8243; custom_padding=&#8221;|||&#8221; custom_padding__hover=&#8221;|||&#8221;][et_pb_text _builder_version=&#8221;3.27.4&#8243;]<\/p>\n<h3>DESC\u00c0RREGA LA NOSTRA <strong>APP<\/strong><\/h3>\n<p>Una app de comandes, disponible per a Android i iOS.<\/p>\n<p>&nbsp;[\/et_pb_text][\/et_pb_column][et_pb_column type=&#8221;1_4&#8243; _builder_version=&#8221;3.25&#8243; custom_padding=&#8221;|||&#8221; custom_padding__hover=&#8221;|||&#8221;][et_pb_button button_url=&#8221;https:\/\/itunes.apple.com\/es\/app\/centroalum-pedidos\/id834852209?mt=8&#8243; button_text=&#8221;APP PER A IOS&#8221; button_alignment=&#8221;right&#8221; _builder_version=&#8221;4.4.2&#8243; custom_button=&#8221;on&#8221; button_text_size_tablet=&#8221;16px&#8221; button_text_size_phone=&#8221;&#8221; button_text_size_last_edited=&#8221;on|tablet&#8221;][\/et_pb_button][\/et_pb_column][et_pb_column type=&#8221;1_4&#8243; _builder_version=&#8221;3.25&#8243; custom_padding=&#8221;|||&#8221; custom_padding__hover=&#8221;|||&#8221;][et_pb_button button_url=&#8221;https:\/\/play.google.com\/store\/apps\/details?id=air.com.edertone.CentroalumPedidos&#8221; button_text=&#8221;APP PER A ANDROID&#8221; button_alignment=&#8221;right&#8221; _builder_version=&#8221;4.4.2&#8243; custom_button=&#8221;on&#8221; button_use_icon=&#8221;off&#8221; custom_margin_tablet=&#8221;|5px||5px|false|false&#8221; custom_margin_phone=&#8221;&#8221; custom_margin_last_edited=&#8221;on|desktop&#8221; button_text_size_tablet=&#8221;16px&#8221; button_text_size_phone=&#8221;&#8221; button_text_size_last_edited=&#8221;on|tablet&#8221; custom_margin__hover_enabled=&#8221;on|hover&#8221; custom_padding__hover_enabled=&#8221;on|hover&#8221; custom_padding__hover=&#8221;|10px||10px|false|false&#8221;][\/et_pb_button][\/et_pb_column][\/et_pb_row][\/et_pb_section]<\/p>\n","protected":false},"excerpt":{"rendered":"<p>SostenibilitatImpulsant la Sostenibilitat Per a detenir l&#8217;acceleraci\u00edo de l&#8217;escalfament global necessitem viure amb &lt;1 tona de CO\u2082 per persona i any La mitjana mundial \u00e9s de 5 tones La mitjana als pa\u00efsos de l&#8217;OCDE \u00e9s significativament superior Per a comprendre la teva petjada de carboni personal: https:\/\/footprint.wwf.org.uk\/#\/questionnaire https:\/\/co2cero.co\/huella-de-carbono &nbsp;Major contingut del material reciclat Prove\u00efdor de [&hellip;]<\/p>\n","protected":false},"author":10,"featured_media":0,"parent":0,"menu_order":0,"comment_status":"closed","ping_status":"closed","template":"page_landing.php","meta":{"_et_pb_use_builder":"on","_et_pb_old_content":"","_et_gb_content_width":"","inline_featured_image":false,"footnotes":""},"class_list":["post-218229","page","type-page","status-publish","hentry"],"_links":{"self":[{"href":"https:\/\/centroalum.com\/ca\/wp-json\/wp\/v2\/pages\/218229","targetHints":{"allow":["GET"]}}],"collection":[{"href":"https:\/\/centroalum.com\/ca\/wp-json\/wp\/v2\/pages"}],"about":[{"href":"https:\/\/centroalum.com\/ca\/wp-json\/wp\/v2\/types\/page"}],"author":[{"embeddable":true,"href":"https:\/\/centroalum.com\/ca\/wp-json\/wp\/v2\/users\/10"}],"replies":[{"embeddable":true,"href":"https:\/\/centroalum.com\/ca\/wp-json\/wp\/v2\/comments?post=218229"}],"version-history":[{"count":0,"href":"https:\/\/centroalum.com\/ca\/wp-json\/wp\/v2\/pages\/218229\/revisions"}],"wp:attachment":[{"href":"https:\/\/centroalum.com\/ca\/wp-json\/wp\/v2\/media?parent=218229"}],"curies":[{"name":"wp","href":"https:\/\/api.w.org\/{rel}","templated":true}]}}