{"id":218288,"date":"2020-08-18T10:05:09","date_gmt":"2020-08-18T10:05:09","guid":{"rendered":"http:\/\/centroalum.vl23196.dinaserver.com\/avis-legal\/"},"modified":"2020-08-18T10:05:09","modified_gmt":"2020-08-18T10:05:09","slug":"avis-legal","status":"publish","type":"page","link":"https:\/\/centroalum.com\/ca\/avis-legal\/","title":{"rendered":"Av\u00eds legal"},"content":{"rendered":"<p>[et_pb_section fb_built=&#8221;1&#8243; admin_label=&#8221;section&#8221; _builder_version=&#8221;3.22&#8243;][et_pb_row _builder_version=&#8221;4.0.9&#8243; custom_padding=&#8221;||2px|||&#8221;][et_pb_column type=&#8221;4_4&#8243; _builder_version=&#8221;4.0.9&#8243;][et_pb_text _builder_version=&#8221;4.0.9&#8243; header_font=&#8221;|700|||||||&#8221; custom_margin=&#8221;||0px||false|false&#8221;]<\/p>\n<h1>Av\u00eds legal<\/h1>\n<p>[\/et_pb_text][et_pb_divider divider_weight=&#8221;2px&#8221; _builder_version=&#8221;4.0.9&#8243; max_width=&#8221;3%&#8221;][\/et_pb_divider][\/et_pb_column][\/et_pb_row][et_pb_row admin_label=&#8221;row&#8221; _builder_version=&#8221;3.25&#8243; background_size=&#8221;initial&#8221; background_position=&#8221;top_left&#8221; background_repeat=&#8221;repeat&#8221; custom_margin=&#8221;-6px|auto||auto||&#8221; custom_padding=&#8221;2px|||||&#8221;][et_pb_column type=&#8221;4_4&#8243; _builder_version=&#8221;3.25&#8243; custom_padding=&#8221;|||&#8221; custom_padding__hover=&#8221;|||&#8221;][et_pb_text admin_label=&#8221;Text&#8221; _builder_version=&#8221;4.0.9&#8243; header_2_font=&#8221;|600|||||||&#8221; header_2_font_size=&#8221;22px&#8221; header_2_line_height=&#8221;1.6em&#8221; background_size=&#8221;initial&#8221; background_position=&#8221;top_left&#8221; background_repeat=&#8221;repeat&#8221;]En compliment amb el deure d&#8217;informaci\u00f3 recollit en article 10 de la Llei 34\/2002, d&#8217;11 de Juliol, de Serveis de la Societat de la Informaci\u00f3 i del Comer\u00e7 Electr\u00f2nic, l&#8217;informem que el Lloc web i el portal d&#8217;Internet https:\/\/centroalum.com (d&#8217;ara endavant, el &#8220;Web&#8221;) \u00e9s titularitat de CENTRE ALUM, S. a., amb domicili social en BERNAT DE ROCABERTI, 6 amb CIF n\u00fam. A58193194. El present av\u00eds legal regula les condicions d&#8217;\u00fas del citat portal d&#8217;Internet.[\/et_pb_text][et_pb_divider color=&#8221;#b5b5b5&#8243; _builder_version=&#8221;4.0.9&#8243; custom_margin=&#8221;||7px|||&#8221;][\/et_pb_divider][et_pb_text admin_label=&#8221;Text&#8221; _builder_version=&#8221;4.0.9&#8243; header_2_font=&#8221;|600|||||||&#8221; header_2_font_size=&#8221;22px&#8221; header_2_line_height=&#8221;1.6em&#8221; background_size=&#8221;initial&#8221; background_position=&#8221;top_left&#8221; background_repeat=&#8221;repeat&#8221; custom_margin=&#8221;-7px||33px|||&#8221; custom_padding=&#8221;||0px|||&#8221;]<\/p>\n<h2>Llei aplicable i jurisdicci\u00f3<\/h2>\n<p>Amb car\u00e0cter general les relacions entre CENTRE ALUM, S.A. i els usuaris dels seus serveis telem\u00e0tics, presents en la web, es troben sotmeses a la legislaci\u00f3 i jurisdicci\u00f3 espanyoles.<\/p>\n<p>Les parts renuncien expressament al fur que els pogu\u00e9s correspondre i sotmeten expressament als Jutjats i Tribunals de Sabadell per a resoldre qualsevol controv\u00e8rsia que pugui sorgir en la interpretaci\u00f3 o execuci\u00f3 de les presents condicions contractuals.<\/p>\n<h2>Acceptaci\u00f3 de l&#8217;usuari<\/h2>\n<p>Aquest Av\u00eds Legal regula l&#8217;acc\u00e9s i utilitzaci\u00f3 de la p\u00e0gina web que CENTRE ALUM, S. a. posa a la disposici\u00f3 dels usuaris d&#8217;Internet. Es considera usuari la persona que accedeixi, navegui, utilitzi o participi en els serveis i activitats de la p\u00e0gina web.<\/p>\n<p>L&#8217;usuari queda informat, i accepta, que l&#8217;acc\u00e9s a la present web no suposa, de cap manera, l&#8217;inici d&#8217;una relaci\u00f3 comercial amb CENTRE ALUM, S.A..<\/p>\n<p>L&#8217;acc\u00e9s i navegaci\u00f3 en el lloc web per part de l&#8217;usuari suposa l&#8217;acceptaci\u00f3 de la totalitat de les presents Condicions d&#8217;\u00das. En cas de desacord amb les condicions ha d&#8217;abstenir-se a usar el lloc web.<\/p>\n<h2>Acc\u00e9s a la web<\/h2>\n<p>L&#8217;acc\u00e9s a la p\u00e0gina web per part dels usuaris \u00e9s de car\u00e0cter lliure i gratu\u00eft. Alguns serveis poden trobar-se subjectes a contractaci\u00f3 pr\u00e8via del servei.<\/p>\n<p>En cas de ser necessari que l&#8217;usuari aporti dades personals per a accedir a algun dels serveis, la recollida i el tractament de les dades es realitzar\u00e0 de conformitat amb la normativa vigent, en concret amb el RGPD. Per a m\u00e9s informaci\u00f3, consulti la nostra pol\u00edtica de privacitat https:\/\/centroalum.com.[\/et_pb_text][et_pb_divider color=&#8221;#b5b5b5&#8243; _builder_version=&#8221;4.0.9&#8243; custom_margin=&#8221;||7px|||&#8221;][\/et_pb_divider][et_pb_text admin_label=&#8221;Text&#8221; _builder_version=&#8221;4.0.9&#8243; header_2_font=&#8221;|600|||||||&#8221; header_2_font_size=&#8221;22px&#8221; header_2_line_height=&#8221;1.6em&#8221; background_size=&#8221;initial&#8221; background_position=&#8221;top_left&#8221; background_repeat=&#8221;repeat&#8221; custom_margin=&#8221;||-3px|||&#8221; hover_enabled=&#8221;0&#8243;]<\/p>\n<h2>Contingut i \u00fas<\/h2>\n<p>La visita al lloc web per part de l&#8217;usuari haur\u00e0 de fer-se de manera responsable i de conformitat a la legalitat vigent, la bona fe, el present Av\u00eds Legal i respectant els drets de propietat intel\u00b7lectual i industrial de titularitat de CENTRE ALUM, S.A. o qualsevol altres persones f\u00edsiques o jur\u00eddiques.<\/p>\n<p>L&#8217;\u00fas de qualsevol dels continguts del lloc web amb finalitats que siguin o poguessin ser il\u00b7l\u00edcites queda totalment prohibit, aix\u00ed com la realitzaci\u00f3 de qualsevol acci\u00f3 que causi o pugui causar danys o alteracions de qualsevol tipus no consentides per CENTRE ALUM, S. a., al lloc web o als seus continguts.<\/p>\n<p>El titular del web no s&#8217;identifica amb les opinions abocades en el mateix pels seus col\u00b7laboradors. L&#8217;empresa es reserva el dret d&#8217;efectuar sense previ av\u00eds les modificacions que consideri oportunes en el seu Web, podent canviar, suprimir o afegir tant els continguts i serveis que es prestin a trav\u00e9s de la mateixa com la forma en la qual aquests apareguin presentats o localitzats en els seus servidors.[\/et_pb_text][et_pb_divider color=&#8221;#b5b5b5&#8243; _builder_version=&#8221;4.0.9&#8243; custom_margin=&#8221;34px||7px|||&#8221; custom_padding=&#8221;||0px|||&#8221;][\/et_pb_divider][et_pb_text admin_label=&#8221;Text&#8221; _builder_version=&#8221;4.0.9&#8243; header_2_font=&#8221;|600|||||||&#8221; header_2_font_size=&#8221;22px&#8221; header_2_line_height=&#8221;1.6em&#8221; background_size=&#8221;initial&#8221; background_position=&#8221;top_left&#8221; background_repeat=&#8221;repeat&#8221; custom_margin=&#8221;-3px||2px|||&#8221;]<\/p>\n<h2>Propietat intel\u00b7lectual i industrial<\/h2>\n<p>Els drets de propietat intel\u00b7lectual del contingut de les p\u00e0gines web, el seu disseny gr\u00e0fic i codis s\u00f3n titularitat de CENTRE ALUM, S.A. i, per tant, queda prohibida la seva reproducci\u00f3, distribuci\u00f3, comunicaci\u00f3 p\u00fablica, transformaci\u00f3 o qualsevol altra activitat que es realitzi amb els continguts de la p\u00e0gina web, ni tan sols encara que se citin les fonts, tret que es compti amb el consentiment previ, expr\u00e9s i per escrit de CENTRE ALUM, S.A.. Tots els noms comercials, marques o signes diferents de qualsevol classe continguts en les p\u00e0gines web de l&#8217;empresa s\u00f3n propietat dels seus amos i estan protegits per llei.<\/p>\n<p>CENTRE ALUM, S. a. no concedeix cap llic\u00e8ncia o autoritzaci\u00f3 d&#8217;\u00fas de cap classe sobre els seus drets de propietat intel\u00b7lectual i industrial o sobre qualsevol altra propietat o dret relacionat amb el lloc web, i en cap cas s&#8217;entendr\u00e0 que l&#8217;acc\u00e9s i navegaci\u00f3 dels usuaris implica una ren\u00fancia, transmissi\u00f3, llic\u00e8ncia o cessi\u00f3 total ni parcial d&#8217;aquests drets per part de CENTRE ALUM, S.A..<\/p>\n<p>Qualsevol \u00fas d&#8217;aquests continguts no autoritzat pr\u00e8viament per part de CENTRE ALUM, S. a. ser\u00e0 considerat un incompliment greu dels drets de propietat intel\u00b7lectual o industrial i donar\u00e0 lloc a les responsabilitats legalment establertes. CENTRE ALUM, S. a. es reserva el dret d&#8217;exercitar enfront de l&#8217;usuari les accions judicials i extrajudicials que corresponguin.<\/p>\n<h2>\u00a0Responsabilitat i garanties<\/h2>\n<p>CENTRE ALUM, S. a. declara que ha adoptat les mesures necess\u00e0ries que, dins de les seves possibilitats i l&#8217;estat de la tecnologia, permetin el correcte funcionament del seu lloc web aix\u00ed com l&#8217;abs\u00e8ncia de virus i components nocius. No obstant aix\u00f2, CENTRE ALUM, S. a. no pot fer-se responsable de les seg\u00fcents situacions que s&#8217;enumeren a t\u00edtol enunciatiu, per\u00f2 no limitatiu:<\/p>\n<ul>\n<li>La continu\u00eftat i disponibilitat dels Continguts.<\/li>\n<li>L&#8217;abs\u00e8ncia d&#8217;errors en aquests Continguts ni la correcci\u00f3 de qualsevol defecte que pogu\u00e9s oc\u00f3rrer.<\/li>\n<li>L&#8217;abs\u00e8ncia de virus i\/o altres components nocius.<\/li>\n<li>Els danys o perjudicis que causi qualsevol persona que vulneri els sistemes de seguretat de CENTRE ALUM, S.A..<\/li>\n<li>L&#8217;\u00fas que els usuaris puguin fer dels continguts inclosos en el web. En conseq\u00fc\u00e8ncia, CENTRE ALUM, S.a.no garanteix que l&#8217;\u00fas que els usuaris puguin fer dels continguts que en el seu cas s&#8217;incloguin en el lloc web, s&#8217;ajustin al present av\u00eds legal, ni que l&#8217;\u00fas del lloc web es realitzi de manera diligent.<\/li>\n<li>L&#8217;\u00fas per menors d&#8217;edat del lloc web o de l&#8217;enviament de les seves dades personals sense el perm\u00eds dels seus tutors, sent els tutors responsables de l&#8217;\u00fas que facin d&#8217;Internet.<\/li>\n<li>Els continguts als quals l&#8217;usuari pugui accedir a trav\u00e9s d&#8217;enlla\u00e7os no autoritzats o introdu\u00efts per usuaris mitjan\u00e7ant comentaris o eines similars.<\/li>\n<li>La introducci\u00f3 de dades err\u00f2nies per part de l&#8217;usuari o d&#8217;un tercer.<\/li>\n<\/ul>\n<p>CENTRE ALUM, S. a. podr\u00e0 suspendre temporalment i sense previ av\u00eds, l&#8217;accessibilitat al lloc web amb motiu d&#8217;operacions de manteniment, reparaci\u00f3, actualitzaci\u00f3 o millora. No obstant aix\u00f2, sempre que les circumst\u00e0ncies ho permetin, CENTRE ALUM, S. a. comunicar\u00e0 a l&#8217;usuari, amb antelaci\u00f3 suficient, la data prevista per a la suspensi\u00f3 dels continguts.<\/p>\n<p>Aix\u00ed mateix, de conformitat amb els arts. 11 i 16 de la Llei 34\/2002, d&#8217;11 de juliol, de serveis de la societat de la informaci\u00f3 i de comer\u00e7 electr\u00f2nic (LSSICE), CENTRE ALUM, S. a. es compromet a l&#8217;eliminaci\u00f3 o, en el seu cas, bloqueig dels continguts que poguessin afectar o ser contraris a la legislaci\u00f3 vigent, els drets de tercers o la moral i ordre p\u00fablic.<\/p>\n<h2>\u00a0Cookies<\/h2>\n<p>CENTRE ALUM, S. a. utilitza cookies, a l&#8217;efecte d&#8217;optimitzar i personalitzar la seva navegaci\u00f3 pel lloc web. Les cookies s\u00f3n fitxers f\u00edsics d&#8217;informaci\u00f3 que s&#8217;allotgen en el propi terminal de l&#8217;usuari, la informaci\u00f3 recollida mitjan\u00e7ant les cookies serveix per a facilitar la navegaci\u00f3 de l&#8217;usuari pel portal i optimitzar l&#8217;experi\u00e8ncia de navegaci\u00f3. Les dades recopilades mitjan\u00e7ant les cookies poden ser compartits amb els creadors d&#8217;aquestes, per\u00f2 en cap cas la informaci\u00f3 obtinguda per les mateixes ser\u00e0 associada a dades personals ni a dades que puguin identificar a l&#8217;usuari.<\/p>\n<p>No obstant aix\u00f2, si l&#8217;usuari no desitja que s&#8217;instal\u00b7lin cookies en el seu disc dur, t\u00e9 la possibilitat de configurar el navegador de tal manera que impedeixi la instal\u00b7laci\u00f3 d&#8217;aquests arxius. Per a obtenir m\u00e9s informaci\u00f3 consulti la nostra Pol\u00edtica de Cookies https:\/\/centroalum.com\/resources\/pdf\/cookies-policy.pdf.[\/et_pb_text][et_pb_divider color=&#8221;#b5b5b5&#8243; _builder_version=&#8221;4.0.9&#8243; min_height=&#8221;22px&#8221; custom_margin=&#8221;33px||7px|||&#8221;][\/et_pb_divider][et_pb_text admin_label=&#8221;Text&#8221; _builder_version=&#8221;4.0.9&#8243; header_2_font=&#8221;|600|||||||&#8221; header_2_font_size=&#8221;22px&#8221; header_2_line_height=&#8221;1.6em&#8221; background_size=&#8221;initial&#8221; background_position=&#8221;top_left&#8221; background_repeat=&#8221;repeat&#8221;]<\/p>\n<h2>Enlla\u00e7os (links)<\/h2>\n<p>La pres\u00e8ncia d&#8217;enlla\u00e7os (links) en la p\u00e0gina web de CENTRE ALUM, S. a. cap a altres llocs d&#8217;Internet t\u00e9 finalitat merament informativa i en cap cas suposen suggeriment, invitaci\u00f3 o recomanaci\u00f3 sobre aquests. CENTRE ALUM, S. a. no assumir\u00e0 responsabilitat pels continguts d&#8217;un enlla\u00e7 pertanyent a un lloc web ali\u00e8, ni garantir\u00e0 la fiabilitat, exactitud, amplitud, veracitat, validesa i disponibilitat t\u00e8cnica.<\/p>\n<p>En el cas que en altres llocs web s&#8217;estableixin enlla\u00e7os a la p\u00e0gina web de CENTRE ALUM, S. a., no s&#8217;entendr\u00e0 que CENTRE ALUM, S. a. ha autoritzat l&#8217;enlla\u00e7 o el contingut del lloc web en el qual es cont\u00e9 l&#8217;enlla\u00e7, tampoc podr\u00e0 incloure&#8217;s en la p\u00e0gina de l&#8217;enlla\u00e7 continguts inapropiats, difamatoris, il\u00b7legals, obscens o il\u00b7l\u00edcits, ni altres continguts que siguin contraris a la legalitat vigent.<\/p>\n<p>CENTRE ALUM, S. a. es reserva la possibilitat de contactar amb el propietari del lloc web en el qual s&#8217;estableixi l&#8217;enlla\u00e7 si considera que s&#8217;incompleix la normativa, aix\u00ed com d&#8217;exercitar les corresponents accions judicials i extrajudicials.<\/p>\n<h2>Modificaci\u00f3 de les condiciones<\/h2>\n<p>CENTRE ALUM, S. a. es reserva expressament el dret a modificar unilateralment, totalment o parcialment, sense necessitat de previ av\u00eds, el present Av\u00eds Legal. L&#8217;usuari reconeix i accepta que \u00e9s la seva responsabilitat revisar peri\u00f2dicament el present Av\u00eds Legal.[\/et_pb_text][\/et_pb_column][\/et_pb_row][\/et_pb_section]<\/p>\n","protected":false},"excerpt":{"rendered":"<p>Av\u00eds legalEn compliment amb el deure d&#8217;informaci\u00f3 recollit en article 10 de la Llei 34\/2002, d&#8217;11 de Juliol, de Serveis de la Societat de la Informaci\u00f3 i del Comer\u00e7 Electr\u00f2nic, l&#8217;informem que el Lloc web i el portal d&#8217;Internet https:\/\/centroalum.com (d&#8217;ara endavant, el &#8220;Web&#8221;) \u00e9s titularitat de CENTRE ALUM, S. a., amb domicili social en [&hellip;]<\/p>\n","protected":false},"author":10,"featured_media":0,"parent":0,"menu_order":0,"comment_status":"closed","ping_status":"closed","template":"","meta":{"_et_pb_use_builder":"on","_et_pb_old_content":"","_et_gb_content_width":"","inline_featured_image":false,"footnotes":""},"class_list":["post-218288","page","type-page","status-publish","hentry"],"_links":{"self":[{"href":"https:\/\/centroalum.com\/ca\/wp-json\/wp\/v2\/pages\/218288","targetHints":{"allow":["GET"]}}],"collection":[{"href":"https:\/\/centroalum.com\/ca\/wp-json\/wp\/v2\/pages"}],"about":[{"href":"https:\/\/centroalum.com\/ca\/wp-json\/wp\/v2\/types\/page"}],"author":[{"embeddable":true,"href":"https:\/\/centroalum.com\/ca\/wp-json\/wp\/v2\/users\/10"}],"replies":[{"embeddable":true,"href":"https:\/\/centroalum.com\/ca\/wp-json\/wp\/v2\/comments?post=218288"}],"version-history":[{"count":0,"href":"https:\/\/centroalum.com\/ca\/wp-json\/wp\/v2\/pages\/218288\/revisions"}],"wp:attachment":[{"href":"https:\/\/centroalum.com\/ca\/wp-json\/wp\/v2\/media?parent=218288"}],"curies":[{"name":"wp","href":"https:\/\/api.w.org\/{rel}","templated":true}]}}