{"id":218291,"date":"2020-08-18T10:17:33","date_gmt":"2020-08-18T10:17:33","guid":{"rendered":"http:\/\/centroalum.vl23196.dinaserver.com\/politica-de-cookies\/"},"modified":"2020-08-18T10:17:33","modified_gmt":"2020-08-18T10:17:33","slug":"politica-de-cookies","status":"publish","type":"page","link":"https:\/\/centroalum.com\/ca\/politica-de-cookies\/","title":{"rendered":"Pol\u00edtica de cookies"},"content":{"rendered":"<p>[et_pb_section fb_built=&#8221;1&#8243; admin_label=&#8221;section&#8221; _builder_version=&#8221;3.22&#8243;][et_pb_row _builder_version=&#8221;4.0.9&#8243; custom_padding=&#8221;||2px|||&#8221;][et_pb_column type=&#8221;4_4&#8243; _builder_version=&#8221;4.0.9&#8243;][et_pb_text _builder_version=&#8221;4.0.9&#8243; header_font=&#8221;|700|||||||&#8221; custom_margin=&#8221;||0px||false|false&#8221; hover_enabled=&#8221;0&#8243;]<\/p>\n<h1>Pol\u00edtica de cookies<\/h1>\n<p>[\/et_pb_text][et_pb_divider divider_weight=&#8221;2px&#8221; _builder_version=&#8221;4.0.9&#8243; max_width=&#8221;3%&#8221;][\/et_pb_divider][\/et_pb_column][\/et_pb_row][et_pb_row admin_label=&#8221;row&#8221; _builder_version=&#8221;3.25&#8243; background_size=&#8221;initial&#8221; background_position=&#8221;top_left&#8221; background_repeat=&#8221;repeat&#8221; custom_margin=&#8221;-6px|auto||auto||&#8221; custom_padding=&#8221;4px|||||&#8221;][et_pb_column type=&#8221;4_4&#8243; _builder_version=&#8221;3.25&#8243; custom_padding=&#8221;|||&#8221; custom_padding__hover=&#8221;|||&#8221;][et_pb_text admin_label=&#8221;Text&#8221; _builder_version=&#8221;4.0.9&#8243; header_2_font_size=&#8221;22px&#8221; header_2_line_height=&#8221;1.6em&#8221; background_size=&#8221;initial&#8221; background_position=&#8221;top_left&#8221; background_repeat=&#8221;repeat&#8221; hover_enabled=&#8221;0&#8243; header_2_font=&#8221;|600|||||||&#8221;]En compliment amb el deure d&#8217;informaci\u00f3 recollit en l&#8217;apartat 2n de l&#8217;article 22 de la Llei 34\/2002, d&#8217;11 de Juliol, de Serveis de la Societat de la Informaci\u00f3 i del Comer\u00e7 Electr\u00f2nic, la present pol\u00edtica de cookies t\u00e9 per finalitat informar-lo de manera clara i precisa sobre les cookies que s&#8217;utilitzen en la p\u00e0gina web de CENTRE ALUM, S.A..<\/p>\n<h2>Qu\u00e8 s\u00f3n les cookies?<\/h2>\n<p>Una cookie \u00e9s un fitxer de petita grand\u00e0ria que els llocs web envien al navegador i es descarreguen en el seu ordinador. Les cookies permeten que la p\u00e0gina web emmagatzemi i recuperi la informaci\u00f3 sobre la seva visita, com el seu idioma preferit i altres opcions, amb la finalitat de millorar els serveis que s&#8217;ofereixen i contribuir a tenir una millor experi\u00e8ncia de navegaci\u00f3 per a l&#8217;usuari.<\/p>\n<h2>Autoritzaci\u00f3 per a l&#8217;\u00fas de cookies<\/h2>\n<p>De conformitat amb l&#8217;av\u00eds de cookies que apareix en el lloc web, l&#8217;usuari accepta que, en navegar per aquest, consent expressament l&#8217;\u00fas de cookies segons la descripci\u00f3 que a continuaci\u00f3 es detalla, sense perjudici que l&#8217;usuari pugui modificar la configuraci\u00f3 del seu navegador per a rebutjar l&#8217;\u00fas de les cookies.<\/p>\n<h2>Tipus de cookies<\/h2>\n<p>En funci\u00f3 de qui gestioni el domini des d&#8217;on s&#8217;envien les cookies i es tractin les dades, es distingir\u00e0 entre cookies pr\u00f2pies i cookies de tercers.<\/p>\n<p>Les cookies tamb\u00e9 poden classificar-se segons el termini de temps que romanguin emmagatzemades en el navegador de l&#8217;usuari, distingint-se entre cookies de sessi\u00f3 o cookies persistents.<\/p>\n<p>Finalment, en funci\u00f3 de la finalitat per a la qual es tracti la informaci\u00f3 recopilada, les cookies es poden classificar en les seg\u00fcents categories:<\/p>\n<ul>\n<li>Cookies t\u00e8cniques: permeten a l&#8217;usuari navegar per un lloc web i utilitzar alguns dels serveis oferts pel mateix (com per exemple, les que serveixen per a recordar els elements integrants d&#8217;un carret de compra).<\/li>\n<li>Cookies de personalitzaci\u00f3: permeten que l&#8217;usuari accedeixi al lloc web amb unes caracter\u00edstiques determinades, com pot ser l&#8217;idioma.<\/li>\n<li>Cookies de seguretat: serveixen per a impedir o dificultar els atacs contra el lloc web.<\/li>\n<li>Cookies de complement per a intercanviar continguts socials: els anomenats plug-*in, que permeten compartir continguts en xarxes socials.<\/li>\n<li>Cookies d&#8217;an\u00e0lisis: permeten al responsable el seguiment del comportament de l&#8217;usuari.<\/li>\n<li>Cookies publicit\u00e0ries: permeten gestionar els espais de publicitat del lloc web.<\/li>\n<li>Cookies de publicitat comportamental: com les anteriors, serveixen per a gestionar els espais de publicitat del lloc web en funci\u00f3 de la informaci\u00f3 recollida sobre el comportament de l&#8217;usuari i els seus h\u00e0bits, adaptant la publicitat al perfil de l&#8217;usuari.<\/li>\n<li>Cookies de geolocalitzaci\u00f3: utilitzades per a esbrinar el pa\u00eds on es troba el usuari.<\/li>\n<\/ul>\n<h2>Com modificar la configuraci\u00f3 de les cookies<\/h2>\n<p>Vost\u00e8 pot restringir, bloquejar o esborrar les cookies de CENTRE ALUM, S.A. o qualsevol altra p\u00e0gina web utilitzant el seu navegador. En cada navegador l&#8217;operativa \u00e9s diferent, pot trobar com fer-ho en el men\u00fa d&#8217;ajuda del seu navegador on s&#8217;estableix el procediment per a la seva eliminaci\u00f3. Per a m\u00e9s informaci\u00f3:<\/p>\n<ul>\n<li>Google Chrome: <a href=\"https:\/\/support.google.com\/chrome\/answer\/95647?co=GENIE.Platform%253DDesktop&amp;hl=es\" target=\"_blank\" rel=\"noopener\">https:\/\/support.google.com\/chrome\/answer\/95647?co=GENIE.Platform%3DDesktop&amp;hl=es<\/a><\/li>\n<\/ul>\n<ul>\n<li>Mozilla Firefox: <a href=\"https:\/\/support.mozilla.org\/es\/kb\/habilitar-y-deshabilitar-cookies-sitios-web-rastrear-preferencias\" target=\"_blank\" rel=\"noopener\">https:\/\/support.mozilla.org\/es\/kb\/habilitar-y-deshabilitar-cookies-sitios-web-rastrear-preferencias<\/a><\/li>\n<li>Safari: <a href=\"https:\/\/support.apple.com\/es-es\/guide\/safari\/sfri11471\/mac\" target=\"_blank\" rel=\"noopener\">https:\/\/support.apple.com\/es-es\/guide\/safari\/sfri11471\/mac<\/a><\/li>\n<li>\u00a0Internet Explorer: <a href=\"https:\/\/support.microsoft.com\/es-es\/help\/278835\/how-to-delete-cookie-files-in-internet-explorer\" target=\"_blank\" rel=\"noopener\">https:\/\/support.microsoft.com\/es-es\/help\/278835\/how-to-delete-cookie-files-in-internet-explorer<\/a><\/li>\n<\/ul>\n<p>\u00c9s possible que en deshabilitar les cookies la p\u00e0gina web no funcioni correctament o no pugui accedir a determinades funcions d&#8217;aquesta.<\/p>\n<h2>Cookies utilizades a la web<\/h2>\n<p>Al portal web s&#8217;utilitzen diferents tipus de cookies amb diferents finalitats, a continuaci\u00f3 s&#8217;enumeren les cookies emprades:<\/p>\n<ul>\n<li>Cookie de Twitter, segons el que es disposa en la seva pol\u00edtica de privacitat i \u00fas de cookies.<\/li>\n<li>Cookie de Facebook, segons el que es disposa en la seva pol\u00edtica de cookies.<\/li>\n<li>Cookie de Linkedin, segons el que es disposa en la seva p\u00e0gina sobre l&#8217;\u00fas de les cookies.<\/li>\n<li>Cookie de Google+ i Google Maps, segons el que es disposa en la seva p\u00e0gina sobre quina mena de cookies utilitzen.<\/li>\n<\/ul>\n<p>&nbsp;<\/p>\n<table>\n<tbody>\n<tr>\n<td><strong>Nom<\/strong><\/td>\n<td>Tipus<\/td>\n<td>Caducitat<\/td>\n<td>Finalitat<\/td>\n<\/tr>\n<tr>\n<td>_utma<\/td>\n<td>De tercers: Google Analytics<\/td>\n<td>2 anys<\/td>\n<td>Genera un id d&#8217;usuari \u00fanic, que \u00e9s el que s&#8217;utilitza per a fer recompte de quantes vegades visita el lloc un determinat usuari.<\/td>\n<\/tr>\n<tr>\n<td>_utmb<\/td>\n<td>De tercers: Google Analytics<\/td>\n<td>30 minuts<\/td>\n<td>Registre de l&#8217;hora d&#8217;arribada al lloc web.<\/td>\n<\/tr>\n<tr>\n<td>_utmc<\/td>\n<td>De tercers: Google Analytics<\/td>\n<td>Sesi\u00f3<\/td>\n<td>Cookie d&#8217;estat de sessi\u00f3, inclou el timestamp en el qual l&#8217;usuari va visitar el lloc web.<\/td>\n<\/tr>\n<tr>\n<td>_utmt<\/td>\n<td>De tercers: Google Analytics<\/td>\n<td>10 minuts<\/td>\n<td>S&#8217;utilitza per a limitar la velocitat de sol\u00b7licitud del servei i limitar la recollida de dades en els llocs d&#8217;alt tr\u00e0nsit.<\/td>\n<\/tr>\n<tr>\n<td>_utmz<\/td>\n<td>De tercers: Google Analytics<\/td>\n<td>6 mesos<\/td>\n<td>Registra l&#8217;origen de l&#8217;usuari.<\/td>\n<\/tr>\n<tr>\n<td>_ga<\/td>\n<td>De tercers: Google Analytics<\/td>\n<td>2 anys<\/td>\n<td>S&#8217;usa per a distingir als usuaris.<\/td>\n<\/tr>\n<tr>\n<td>CookiesPolicyWarningAccepted<\/td>\n<td>Pr\u00f2pia<\/td>\n<td>1 any<\/td>\n<td>De car\u00e0cter t\u00e8cnic. Acceptaci\u00f3 de Cookies per part de l&#8217;usuari.<\/td>\n<\/tr>\n<tr>\n<td>Language<\/td>\n<td>Pr\u00f2pia<\/td>\n<td>Sesi\u00f3<\/td>\n<td>De car\u00e0cter t\u00e8cnic. Selecci\u00f3 d&#8217;idioma.<\/td>\n<\/tr>\n<\/tbody>\n<\/table>\n<p>Modificaci\u00f3 de les condicions<\/p>\n<p>CENTRE ALUM, S. a. es reserva expressament el dret a modificar unilateralment, totalment o parcialment, sense necessitat de previ av\u00eds, la present Pol\u00edtica de Cookies. L&#8217;usuari reconeix i accepta que \u00e9s la seva responsabilitat revisar la present Pol\u00edtica de Cookies.[\/et_pb_text][\/et_pb_column][\/et_pb_row][\/et_pb_section]<\/p>\n","protected":false},"excerpt":{"rendered":"<p>Pol\u00edtica de cookies En compliment amb el deure d&#8217;informaci\u00f3 recollit en l&#8217;apartat 2n de l&#8217;article 22 de la Llei 34\/2002, d&#8217;11 de Juliol, de Serveis de la Societat de la Informaci\u00f3 i del Comer\u00e7 Electr\u00f2nic, la present pol\u00edtica de cookies t\u00e9 per finalitat informar-lo de manera clara i precisa sobre les cookies que s&#8217;utilitzen en [&hellip;]<\/p>\n","protected":false},"author":10,"featured_media":0,"parent":0,"menu_order":0,"comment_status":"closed","ping_status":"closed","template":"","meta":{"_et_pb_use_builder":"on","_et_pb_old_content":"","_et_gb_content_width":"","inline_featured_image":false,"footnotes":""},"class_list":["post-218291","page","type-page","status-publish","hentry"],"_links":{"self":[{"href":"https:\/\/centroalum.com\/ca\/wp-json\/wp\/v2\/pages\/218291","targetHints":{"allow":["GET"]}}],"collection":[{"href":"https:\/\/centroalum.com\/ca\/wp-json\/wp\/v2\/pages"}],"about":[{"href":"https:\/\/centroalum.com\/ca\/wp-json\/wp\/v2\/types\/page"}],"author":[{"embeddable":true,"href":"https:\/\/centroalum.com\/ca\/wp-json\/wp\/v2\/users\/10"}],"replies":[{"embeddable":true,"href":"https:\/\/centroalum.com\/ca\/wp-json\/wp\/v2\/comments?post=218291"}],"version-history":[{"count":0,"href":"https:\/\/centroalum.com\/ca\/wp-json\/wp\/v2\/pages\/218291\/revisions"}],"wp:attachment":[{"href":"https:\/\/centroalum.com\/ca\/wp-json\/wp\/v2\/media?parent=218291"}],"curies":[{"name":"wp","href":"https:\/\/api.w.org\/{rel}","templated":true}]}}