{"id":218303,"date":"2020-08-18T10:31:13","date_gmt":"2020-08-18T10:31:13","guid":{"rendered":"http:\/\/centroalum.vl23196.dinaserver.com\/inspiracio-arquitectes\/"},"modified":"2020-08-18T10:31:14","modified_gmt":"2020-08-18T10:31:14","slug":"inspiracio-arquitectes","status":"publish","type":"page","link":"https:\/\/centroalum.com\/ca\/inspiracio-arquitectes\/","title":{"rendered":"Inspiraci\u00f3 Arquitectes"},"content":{"rendered":"<p>[et_pb_section fb_built=&#8221;1&#8243; _builder_version=&#8221;3.22&#8243; custom_margin=&#8221;0px||4px|||&#8221; custom_padding=&#8221;20px||10px&#8221; saved_tabs=&#8221;all&#8221;][et_pb_row _builder_version=&#8221;3.25&#8243;][et_pb_column type=&#8221;4_4&#8243; _builder_version=&#8221;3.25&#8243; custom_padding=&#8221;|||&#8221; custom_padding__hover=&#8221;|||&#8221;][et_pb_text _builder_version=&#8221;4.0.9&#8243; custom_margin=&#8221;||0px&#8221;]<\/p>\n<h1><strong>Showroom\u00a0i cat\u00e0leg de tancaments i perfils d&#8217;alumini<\/strong><\/h1>\n<p>[\/et_pb_text][et_pb_text _builder_version=&#8221;4.0.9&#8243; header_2_text_color=&#8221;#9b9b9b&#8221; header_2_font_size=&#8221;22px&#8221; custom_margin=&#8221;||0px&#8221;]<\/p>\n<h2>Inspira&#8217;t amb un ampli ventall de textures i colors<\/h2>\n<p>[\/et_pb_text][et_pb_divider divider_weight=&#8221;2px&#8221; _builder_version=&#8221;3.19.12&#8243; max_width=&#8221;3%&#8221; height=&#8221;0px&#8221; custom_margin=&#8221;0px||0px&#8221; custom_padding=&#8221;0px||0px&#8221;][\/et_pb_divider][\/et_pb_column][\/et_pb_row][et_pb_row column_structure=&#8221;1_2,1_2&#8243; _builder_version=&#8221;4.4.2&#8243; custom_padding=&#8221;||11px|||&#8221; global_module=&#8221;215213&#8243; saved_tabs=&#8221;all&#8221;][et_pb_column type=&#8221;1_2&#8243; _builder_version=&#8221;3.29.3&#8243;][et_pb_slider _builder_version=&#8221;4.4.2&#8243; content_max_width=&#8221;186px&#8221; height=&#8221;300px&#8221; custom_padding=&#8221;110px||110px||true|false&#8221; link_option_url=&#8221;https:\/\/centroalum.com\/inspiracion-casa-en-valldoreix\/&#8221; hover_enabled=&#8221;0&#8243; background__hover_enabled=&#8221;on|hover&#8221; custom_padding__hover_enabled=&#8221;on|hover&#8221; custom_padding__hover=&#8221;82px||82px||true|false&#8221; content_max_width__hover_enabled=&#8221;on|desktop&#8221; height__hover_enabled=&#8221;on|hover&#8221; height__hover=&#8221;300px&#8221;][et_pb_slide button_text=&#8221;VEURE PROJECTE&#8221; use_bg_overlay=&#8221;off&#8221; use_text_overlay=&#8221;off&#8221; _builder_version=&#8221;4.4.2&#8243; header_level=&#8221;h2&#8243; background_enable_color=&#8221;off&#8221; background_image=&#8221;https:\/\/centroalum.com\/wp-content\/uploads\/2020\/04\/valldoreix-inspiracio.jpg&#8221; background_enable_image=&#8221;on&#8221; custom_button=&#8221;on&#8221; button_text_size=&#8221;16px&#8221; button_text_color=&#8221;#ffffff&#8221; button_bg_color=&#8221;rgba(244,207,85,0.81)&#8221; button_border_width=&#8221;2px&#8221; button_border_color=&#8221;#f4cf55&#8243; button_font=&#8221;|600|||||||&#8221; button_custom_margin=&#8221;0px||||false|false&#8221; button_custom_padding=&#8221;10px|20px|10px|20px|false|false&#8221; width=&#8221;186px&#8221; custom_padding=&#8221;|0px||0px|false|false&#8221; background__hover_enabled=&#8221;on|hover&#8221; background_image__hover=&#8221;https:\/\/centroalum.com\/wp-content\/uploads\/2020\/04\/valldoreix-inspiracio-centroalum-1.jpg&#8221; background_enable_image__hover=&#8221;on&#8221; heading__hover_enabled=&#8221;on|desktop&#8221; heading__hover=&#8221;Casa Valldoreix&#8221; background_color__hover=&#8221;&#8221; custom_padding__hover_enabled=&#8221;on|desktop&#8221; button_text__hover_enabled=&#8221;on|hover&#8221; button_text__hover=&#8221;&#8221;][\/et_pb_slide][\/et_pb_slider][\/et_pb_column][et_pb_column type=&#8221;1_2&#8243; _builder_version=&#8221;3.29.3&#8243;][et_pb_image src=&#8221;https:\/\/centroalum.com\/wp-content\/uploads\/2020\/01\/ventanas-minimalistas.jpg&#8221; force_fullwidth=&#8221;on&#8221; _builder_version=&#8221;4.4.2&#8243; height=&#8221;302px&#8221;][\/et_pb_image][\/et_pb_column][\/et_pb_row][\/et_pb_section][et_pb_section fb_built=&#8221;1&#8243; _builder_version=&#8221;3.22&#8243; custom_margin=&#8221;0px||41px|||&#8221; custom_padding=&#8221;20px||10px&#8221; saved_tabs=&#8221;all&#8221;][et_pb_row _builder_version=&#8221;3.29.3&#8243; custom_padding=&#8221;1px|||||&#8221;][et_pb_column type=&#8221;4_4&#8243; _builder_version=&#8221;3.29.3&#8243;][et_pb_text _builder_version=&#8221;4.4.2&#8243; custom_margin=&#8221;16px|||||&#8221;]<\/p>\n<div class=\"traductor-textarea form-group\">\n<div class=\"textarea-desti col-xs-12 col-sm-6\">\n<div class=\"form-control second-textarea\">Si encara no has definit la l\u00ednia del <strong>teu projecte<\/strong>, inspira&#8217;t en els nostres casos d&#8217;\u00e8xit.<\/p>\n<p>Posem a la teva disposici\u00f3 <strong>nou\u00a0showroom<\/strong>, un espai on podr\u00e0s <strong>veure, sentir i tocar<\/strong> finestres i portes fabricades amb els nostres <strong>sistemes d&#8217;alumini<\/strong>, amb un ampli ventall de textures i colors.<\/p>\n<p>T&#8217;ajudarem a trobar les <strong>solucions que millor s&#8217;adaptin a les teves idees<\/strong>.<\/p>\n<p><strong>Necessites noves idee<\/strong>s per a definir el disseny de les teves <strong>portes i finestres d&#8217;alumini<\/strong>?<\/p>\n<p>Descobreix alguns dels nostres <strong>projectes d&#8217;\u00e8xit<\/strong>, i tra\u00e7a les l\u00ednies dels teus tancaments, <strong>combinant disseny<\/strong> <strong>i funcionalitat<\/strong>.<\/div>\n<\/div>\n<\/div>\n<div class=\"traductor-checkbox form-group\">\n<div class=\"row\"><\/div>\n<\/div>\n<p>[\/et_pb_text][\/et_pb_column][\/et_pb_row][\/et_pb_section][et_pb_section fb_built=&#8221;1&#8243; prev_background_color=&#8221;#ffffff&#8221; next_background_color=&#8221;#f9f9f9&#8243; _builder_version=&#8221;3.29.3&#8243; background_color=&#8221;#f4de93&#8243; custom_padding=&#8221;0px||102px|||&#8221; top_divider_style=&#8221;asymmetric2&#8243; top_divider_height=&#8221;111px&#8221; bottom_divider_style=&#8221;asymmetric2&#8243; bottom_divider_height=&#8221;43px&#8221;][et_pb_row _builder_version=&#8221;3.29.3&#8243; custom_margin=&#8221;10px||||false|false&#8221; custom_padding=&#8221;114px||||false|false&#8221;][et_pb_column type=&#8221;4_4&#8243; _builder_version=&#8221;3.29.3&#8243;][et_pb_text _builder_version=&#8221;3.29.3&#8243; custom_margin=&#8221;||0px&#8221;]<\/p>\n<h2>El nostre<strong>\u00a0showroom-online<br \/>\n<\/strong><\/h2>\n<p>[\/et_pb_text][\/et_pb_column][\/et_pb_row][et_pb_row _builder_version=&#8221;4.0.9&#8243;][et_pb_column type=&#8221;4_4&#8243; _builder_version=&#8221;3.29.3&#8243;][et_pb_image src=&#8221;https:\/\/centroalum.com\/wp-content\/uploads\/2020\/01\/showroom-2.jpg&#8221; url=&#8221;https:\/\/www.google.com\/maps\/place\/Centroalum+S.A.\/@41.5327455,2.0998525,3a,75y,215.74h,84.54t\/data=!3m7!1e1!3m5!1sAF1QipP_Ka4WILQLmRx6SImX-DbiT1z_tspuuwenJock!2e10!3e11!7i7248!8i3624!4m5!3m4!1s0x12a4944e1e2edbdf:0x47704474d2a4e750!8m2!3d41.5326715!4d2.0998342&#8243; url_new_window=&#8221;on&#8221; _builder_version=&#8221;4.0.9&#8243;][\/et_pb_image][\/et_pb_column][\/et_pb_row][\/et_pb_section][et_pb_section fb_built=&#8221;1&#8243; _builder_version=&#8221;3.29.3&#8243; background_color=&#8221;#f9f9f9&#8243; custom_margin=&#8221;0px||0px||false|false&#8221; custom_padding=&#8221;0px||18px||false|false&#8221;][et_pb_row column_structure=&#8221;3_5,2_5&#8243; _builder_version=&#8221;3.25&#8243; custom_padding=&#8221;41px|||||&#8221;][et_pb_column type=&#8221;3_5&#8243; _builder_version=&#8221;3.25&#8243; custom_padding=&#8221;|||&#8221; custom_padding__hover=&#8221;|||&#8221;][et_pb_text _builder_version=&#8221;3.29.3&#8243; header_3_line_height=&#8221;1.5em&#8221;]<\/p>\n<h3>SOL\u00b7LICITA ALS NOSTRES EXPERTS UNA ASSESSORIA PERSONALITZADA<\/h3>\n<p>[\/et_pb_text][\/et_pb_column][et_pb_column type=&#8221;2_5&#8243; _builder_version=&#8221;3.25&#8243; custom_padding=&#8221;|||&#8221; custom_padding__hover=&#8221;|||&#8221;][et_pb_button button_url=&#8221;\/?page_id=207361&#8243; button_text=&#8221;VULL CONTACTAR&#8221; _builder_version=&#8221;4.0.9&#8243;][\/et_pb_button][\/et_pb_column][\/et_pb_row][\/et_pb_section][et_pb_section fb_built=&#8221;1&#8243; _builder_version=&#8221;3.22&#8243; background_color=&#8221;#f4de93&#8243; custom_padding=&#8221;15px||15px||true&#8221; global_module=&#8221;211971&#8243; saved_tabs=&#8221;all&#8221;][et_pb_row column_structure=&#8221;1_2,1_4,1_4&#8243; use_custom_gutter=&#8221;on&#8221; gutter_width=&#8221;1&#8243; _builder_version=&#8221;3.25&#8243; use_custom_width=&#8221;on&#8221;][et_pb_column type=&#8221;1_2&#8243; _builder_version=&#8221;3.25&#8243; custom_padding=&#8221;|||&#8221; custom_padding__hover=&#8221;|||&#8221;][et_pb_text _builder_version=&#8221;3.27.4&#8243;]<\/p>\n<h3>DESC\u00c0RREGA LA NOSTRA <strong>APP<\/strong><\/h3>\n<p>Una app de comandes, disponible per a Android i iOS.<\/p>\n<p>&nbsp;[\/et_pb_text][\/et_pb_column][et_pb_column type=&#8221;1_4&#8243; _builder_version=&#8221;3.25&#8243; custom_padding=&#8221;|||&#8221; custom_padding__hover=&#8221;|||&#8221;][et_pb_button button_url=&#8221;https:\/\/itunes.apple.com\/es\/app\/centroalum-pedidos\/id834852209?mt=8&#8243; button_text=&#8221;APP PER A IOS&#8221; button_alignment=&#8221;right&#8221; _builder_version=&#8221;3.19.12&#8243;][\/et_pb_button][\/et_pb_column][et_pb_column type=&#8221;1_4&#8243; _builder_version=&#8221;3.25&#8243; custom_padding=&#8221;|||&#8221; custom_padding__hover=&#8221;|||&#8221;][et_pb_button button_url=&#8221;https:\/\/play.google.com\/store\/apps\/details?id=air.com.edertone.CentroalumPedidos&#8221; button_text=&#8221;APP PER A ANDROID&#8221; button_alignment=&#8221;right&#8221; _builder_version=&#8221;3.19.12&#8243;][\/et_pb_button][\/et_pb_column][\/et_pb_row][\/et_pb_section]<\/p>\n","protected":false},"excerpt":{"rendered":"<p>Showroom\u00a0i cat\u00e0leg de tancaments i perfils d&#8217;aluminiInspira&#8217;t amb un ampli ventall de textures i colors Si encara no has definit la l\u00ednia del teu projecte, inspira&#8217;t en els nostres casos d&#8217;\u00e8xit. Posem a la teva disposici\u00f3 nou\u00a0showroom, un espai on podr\u00e0s veure, sentir i tocar finestres i portes fabricades amb els nostres sistemes d&#8217;alumini, amb [&hellip;]<\/p>\n","protected":false},"author":10,"featured_media":0,"parent":0,"menu_order":0,"comment_status":"closed","ping_status":"closed","template":"page_arquitecto.php","meta":{"_et_pb_use_builder":"on","_et_pb_old_content":"","_et_gb_content_width":"","inline_featured_image":false,"footnotes":""},"class_list":["post-218303","page","type-page","status-publish","hentry"],"_links":{"self":[{"href":"https:\/\/centroalum.com\/ca\/wp-json\/wp\/v2\/pages\/218303","targetHints":{"allow":["GET"]}}],"collection":[{"href":"https:\/\/centroalum.com\/ca\/wp-json\/wp\/v2\/pages"}],"about":[{"href":"https:\/\/centroalum.com\/ca\/wp-json\/wp\/v2\/types\/page"}],"author":[{"embeddable":true,"href":"https:\/\/centroalum.com\/ca\/wp-json\/wp\/v2\/users\/10"}],"replies":[{"embeddable":true,"href":"https:\/\/centroalum.com\/ca\/wp-json\/wp\/v2\/comments?post=218303"}],"version-history":[{"count":0,"href":"https:\/\/centroalum.com\/ca\/wp-json\/wp\/v2\/pages\/218303\/revisions"}],"wp:attachment":[{"href":"https:\/\/centroalum.com\/ca\/wp-json\/wp\/v2\/media?parent=218303"}],"curies":[{"name":"wp","href":"https:\/\/api.w.org\/{rel}","templated":true}]}}