{"id":218324,"date":"2020-08-18T10:55:33","date_gmt":"2020-08-18T10:55:33","guid":{"rendered":"http:\/\/centroalum.vl23196.dinaserver.com\/textures-particulars\/"},"modified":"2020-08-18T10:55:34","modified_gmt":"2020-08-18T10:55:34","slug":"textures-particulars","status":"publish","type":"page","link":"https:\/\/centroalum.com\/ca\/textures-particulars\/","title":{"rendered":"textures particulars"},"content":{"rendered":"<p>[et_pb_section fb_built=&#8221;1&#8243; _builder_version=&#8221;3.22&#8243; custom_margin=&#8221;0px||&#8221; custom_padding=&#8221;20px||10px&#8221; saved_tabs=&#8221;all&#8221;][et_pb_row _builder_version=&#8221;3.25&#8243;][et_pb_column type=&#8221;4_4&#8243; _builder_version=&#8221;3.25&#8243; custom_padding=&#8221;|||&#8221; custom_padding__hover=&#8221;|||&#8221;][et_pb_text _builder_version=&#8221;4.0.9&#8243; custom_margin=&#8221;||0px&#8221;]<\/p>\n<h1><strong>Cat\u00e0leg de textures per a finestres d&#8217;alumini<\/strong><\/h1>\n<p>[\/et_pb_text][et_pb_text _builder_version=&#8221;4.0.9&#8243; custom_margin=&#8221;||0px&#8221;]<\/p>\n<h2>Dissenya les teves finestres d&#8217;alumini a trav\u00e9s del color, la llum i l&#8217;harmonia<\/h2>\n<p>[\/et_pb_text][et_pb_divider divider_weight=&#8221;2px&#8221; _builder_version=&#8221;3.19.12&#8243; max_width=&#8221;3%&#8221; height=&#8221;0px&#8221; custom_margin=&#8221;0px||0px&#8221; custom_padding=&#8221;0px||0px&#8221;][\/et_pb_divider][\/et_pb_column][\/et_pb_row][\/et_pb_section][et_pb_section fb_built=&#8221;1&#8243; next_background_color=&#8221;#ffffff&#8221; _builder_version=&#8221;3.29.3&#8243; background_color=&#8221;#e5e3e0&#8243; custom_padding=&#8221;0px||0px|||&#8221; bottom_divider_style=&#8221;mountains2&#8243;][et_pb_row column_structure=&#8221;1_2,1_2&#8243; _builder_version=&#8221;3.29.3&#8243; background_enable_color=&#8221;off&#8221; custom_margin=&#8221;17px|auto||auto||&#8221; custom_padding=&#8221;1px|0px|82px|||&#8221;][et_pb_column type=&#8221;1_2&#8243; _builder_version=&#8221;3.29.3&#8243;][et_pb_text _builder_version=&#8221;4.0.9&#8243; text_text_color=&#8221;#7c7c7c&#8221; header_2_text_color=&#8221;#6b6b6b&#8221; header_2_font_size=&#8221;32px&#8221; custom_margin=&#8221;26px|||1px|false|false&#8221;]<\/p>\n<h3 style=\"text-align: left;\">VESTEIX LA SEVA FINESTRA,<\/h3>\n<h3 style=\"text-align: left;\"><strong>GAUDEIX DEL SEU AMBIENT<\/strong><\/h3>\n<p style=\"text-align: left;\"><strong>Fine Texture Collection, <\/strong>textures que sorgeixen de la terra<\/p>\n<p>[\/et_pb_text][\/et_pb_column][et_pb_column type=&#8221;1_2&#8243; _builder_version=&#8221;3.29.3&#8243;][et_pb_image src=&#8221;https:\/\/centroalum.com\/wp-content\/uploads\/2019\/12\/carta-acabados-2.jpg&#8221; _builder_version=&#8221;3.29.3&#8243; custom_padding=&#8221;21px|||||&#8221;][\/et_pb_image][\/et_pb_column][\/et_pb_row][\/et_pb_section][et_pb_section fb_built=&#8221;1&#8243; _builder_version=&#8221;3.29.3&#8243; background_enable_color=&#8221;off&#8221; custom_margin=&#8221;-1px|||||&#8221; custom_padding=&#8221;2px||0px||false|&#8221; top_divider_height=&#8221;89px&#8221; top_divider_flip=&#8221;vertical&#8221; bottom_divider_color=&#8221;#f4cf55&#8243;][et_pb_row column_structure=&#8221;2_5,3_5&#8243; _builder_version=&#8221;3.29.3&#8243; width=&#8221;78.7%&#8221; custom_margin=&#8221;|auto|0px|auto|false|false&#8221; custom_padding=&#8221;2.5%||4.4%||false|false&#8221;][et_pb_column type=&#8221;2_5&#8243; _builder_version=&#8221;3.29.3&#8243; background_color=&#8221;#f4de93&#8243; custom_padding=&#8221;|||&#8221; custom_padding__hover=&#8221;|||&#8221;][et_pb_text _builder_version=&#8221;3.29.3&#8243; header_font=&#8221;||||||||&#8221; custom_margin=&#8221;0px|16px|-1px||false|false&#8221; custom_padding=&#8221;40px|18px|0px|18px|false|true&#8221;]<\/p>\n<h3 style=\"text-align: center;\">El nostre <strong>cat\u00e0leg<\/strong><\/h3>\n<p style=\"text-align: center;\">El cat\u00e0leg Fini Texture Collection li transportar\u00e0 a un m\u00f3n de color, llum, texuras i harmonia. Descobreix els colors que la naturalesa li ofereix i vesteix la seva finestra amb el que m\u00e9s s&#8217;adeq\u00fci.<\/p>\n<p>&nbsp;<br \/>\n[\/et_pb_text][et_pb_button button_url=&#8221;https:\/\/centroalum.com\/wp-content\/uploads\/2020\/01\/ditpico_acabados-texturados.pdf&#8221; button_text=&#8221;Descarregar cat\u00e0leg en PDF&#8221; button_alignment=&#8221;center&#8221; _builder_version=&#8221;4.0.9&#8243; custom_button=&#8221;on&#8221; button_text_size=&#8221;19px&#8221; button_bg_color=&#8221;#f4de93&#8243; custom_margin=&#8221;||54px|1px|false|false&#8221; hover_enabled=&#8221;0&#8243; url_new_window=&#8221;on&#8221;][\/et_pb_button][\/et_pb_column][et_pb_column type=&#8221;3_5&#8243; _builder_version=&#8221;3.25&#8243; custom_padding=&#8221;|||&#8221; custom_padding__hover=&#8221;|||&#8221;][et_pb_image src=&#8221;https:\/\/centroalum.com\/wp-content\/uploads\/2019\/12\/cat\u00e1logo-cartacabados-3.jpg&#8221; align=&#8221;center&#8221; _builder_version=&#8221;3.29.3&#8243; custom_padding=&#8221;11px||||false|false&#8221;][\/et_pb_image][\/et_pb_column][\/et_pb_row][\/et_pb_section]<\/p>\n","protected":false},"excerpt":{"rendered":"<p>Cat\u00e0leg de textures per a finestres d&#8217;aluminiDissenya les teves finestres d&#8217;alumini a trav\u00e9s del color, la llum i l&#8217;harmoniaVESTEIX LA SEVA FINESTRA, GAUDEIX DEL SEU AMBIENT Fine Texture Collection, textures que sorgeixen de la terraEl nostre cat\u00e0leg El cat\u00e0leg Fini Texture Collection li transportar\u00e0 a un m\u00f3n de color, llum, texuras i harmonia. Descobreix els [&hellip;]<\/p>\n","protected":false},"author":10,"featured_media":0,"parent":0,"menu_order":0,"comment_status":"closed","ping_status":"closed","template":"page_particular.php","meta":{"_et_pb_use_builder":"on","_et_pb_old_content":"","_et_gb_content_width":"","inline_featured_image":false,"footnotes":""},"class_list":["post-218324","page","type-page","status-publish","hentry"],"_links":{"self":[{"href":"https:\/\/centroalum.com\/ca\/wp-json\/wp\/v2\/pages\/218324","targetHints":{"allow":["GET"]}}],"collection":[{"href":"https:\/\/centroalum.com\/ca\/wp-json\/wp\/v2\/pages"}],"about":[{"href":"https:\/\/centroalum.com\/ca\/wp-json\/wp\/v2\/types\/page"}],"author":[{"embeddable":true,"href":"https:\/\/centroalum.com\/ca\/wp-json\/wp\/v2\/users\/10"}],"replies":[{"embeddable":true,"href":"https:\/\/centroalum.com\/ca\/wp-json\/wp\/v2\/comments?post=218324"}],"version-history":[{"count":0,"href":"https:\/\/centroalum.com\/ca\/wp-json\/wp\/v2\/pages\/218324\/revisions"}],"wp:attachment":[{"href":"https:\/\/centroalum.com\/ca\/wp-json\/wp\/v2\/media?parent=218324"}],"curies":[{"name":"wp","href":"https:\/\/api.w.org\/{rel}","templated":true}]}}