{"id":218336,"date":"2020-08-18T11:16:12","date_gmt":"2020-08-18T11:16:12","guid":{"rendered":"http:\/\/centroalum.vl23196.dinaserver.com\/bicolor-arquitectes\/"},"modified":"2020-08-18T11:17:04","modified_gmt":"2020-08-18T11:17:04","slug":"bicolor-arquitectes","status":"publish","type":"page","link":"https:\/\/centroalum.com\/ca\/bicolor-arquitectes\/","title":{"rendered":"Bicolor Arquitectes"},"content":{"rendered":"<p>[et_pb_section fb_built=&#8221;1&#8243; _builder_version=&#8221;3.29.3&#8243; custom_margin=&#8221;0px||&#8221; custom_padding=&#8221;20px||10px||false|false&#8221; saved_tabs=&#8221;all&#8221;][et_pb_row _builder_version=&#8221;3.25&#8243;][et_pb_column type=&#8221;4_4&#8243; _builder_version=&#8221;3.25&#8243; custom_padding=&#8221;|||&#8221; custom_padding__hover=&#8221;|||&#8221;][et_pb_text _builder_version=&#8221;4.0.9&#8243; custom_margin=&#8221;||0px&#8221; hover_enabled=&#8221;0&#8243;]<\/p>\n<h1><strong>Cat\u00e0leg bicolor per a sistemes i perfils d&#8217;alumini<\/strong><\/h1>\n<p>[\/et_pb_text][et_pb_text _builder_version=&#8221;4.0.9&#8243; custom_margin=&#8221;||0px&#8221; hover_enabled=&#8221;0&#8243;]<\/p>\n<h2>+30 combinacions de color per als teus tancaments i perfils d&#8217;alumini<\/h2>\n<p>[\/et_pb_text][et_pb_divider divider_weight=&#8221;2px&#8221; _builder_version=&#8221;3.19.12&#8243; max_width=&#8221;3%&#8221; height=&#8221;0px&#8221; custom_margin=&#8221;0px||0px&#8221; custom_padding=&#8221;0px||0px&#8221; hover_enabled=&#8221;0&#8243;][\/et_pb_divider][\/et_pb_column][\/et_pb_row][\/et_pb_section][et_pb_section fb_built=&#8221;1&#8243; _builder_version=&#8221;3.29.3&#8243; background_enable_color=&#8221;off&#8221; custom_margin=&#8221;||0px||false|false&#8221; custom_padding=&#8221;0px||0px||false|false&#8221; top_divider_flip=&#8221;horizontal&#8221;][et_pb_row column_structure=&#8221;2_5,3_5&#8243; _builder_version=&#8221;3.29.3&#8243; background_enable_color=&#8221;off&#8221; custom_margin=&#8221;0px|auto|0px|auto|false|false&#8221; custom_padding=&#8221;0px||61px||false|false&#8221;][et_pb_column type=&#8221;2_5&#8243; _builder_version=&#8221;3.25&#8243; custom_padding=&#8221;|||&#8221; custom_padding__hover=&#8221;|||&#8221;][et_pb_text _builder_version=&#8221;4.0.9&#8243; header_font=&#8221;||||||||&#8221; background_enable_color=&#8221;off&#8221; custom_margin=&#8221;4px|0px|0px||false|false&#8221; custom_padding=&#8221;1.3%|0px|0%|1%|false|false&#8221; hover_enabled=&#8221;0&#8243;]<strong>Des de la seva fundaci\u00f3<\/strong> en <strong>1985<\/strong>, <strong>centroalum<\/strong> ha perseguit sempre l&#8217;objectiu d&#8217;oferir el <strong>millor servei als seus clients<\/strong>.<\/p>\n<p>\u00c9s per aix\u00f2, que li presentem un producte \u00fanic i innovador. Un cat\u00e0leg Bicolor en el qual podr\u00e0 trobar fins a <strong>30 possibles combinacions de color<\/strong>.<\/p>\n<p>D&#8217;aquesta manera, podr\u00e0 triar tant el color exterior com interior de la seva finestra, aconseguint aix\u00ed la m\u00e0xima harmonia amb la fa\u00e7ana i l&#8217;entorn, sense perdre la conson\u00e0ncia amb la decoraci\u00f3 interior.<br \/>\n[\/et_pb_text][\/et_pb_column][et_pb_column type=&#8221;3_5&#8243; _builder_version=&#8221;3.25&#8243; custom_padding=&#8221;|||&#8221; custom_padding__hover=&#8221;|||&#8221;][et_pb_image src=&#8221;https:\/\/centroalum.com\/wp-content\/uploads\/2019\/12\/bicolor.jpg&#8221; _builder_version=&#8221;3.29.3&#8243; min_height=&#8221;399px&#8221; custom_margin=&#8221;0px||||false|false&#8221; custom_padding=&#8221;0px||||false|false&#8221;][\/et_pb_image][\/et_pb_column][\/et_pb_row][\/et_pb_section][et_pb_section fb_built=&#8221;1&#8243; prev_background_color=&#8221;#ffffff&#8221; _builder_version=&#8221;3.29.3&#8243; background_color=&#8221;#f4de93&#8243; width=&#8221;100%&#8221; custom_padding=&#8221;1px||1px|||&#8221; top_divider_style=&#8221;asymmetric2&#8243; top_divider_height=&#8221;46px&#8221;][et_pb_row column_structure=&#8221;3_5,2_5&#8243; _builder_version=&#8221;3.25&#8243; custom_padding=&#8221;84px||39px|||&#8221;][et_pb_column type=&#8221;3_5&#8243; _builder_version=&#8221;3.25&#8243; custom_padding=&#8221;|||&#8221; custom_padding__hover=&#8221;|||&#8221;][et_pb_text _builder_version=&#8221;3.27.4&#8243; header_font=&#8221;||||||||&#8221; header_3_font=&#8221;||||||||&#8221; header_3_font_size=&#8221;18px&#8221; header_3_line_height=&#8221;22px&#8221; custom_padding=&#8221;2%||2%||true&#8221; custom_css_main_element=&#8221;font-size: 20px;||line-height: 24px;&#8221;]<\/p>\n<h3>CONEIX-NOS MILLOR CONSULTANT ALS NOSTRES EXPERTS<\/h3>\n<p>[\/et_pb_text][\/et_pb_column][et_pb_column type=&#8221;2_5&#8243; _builder_version=&#8221;3.25&#8243; custom_padding=&#8221;|||&#8221; custom_padding__hover=&#8221;|||&#8221;][et_pb_button button_url=&#8221;\/?page_id=207361&#8243; button_text=&#8221;VULL CONTACTAR&#8221; _builder_version=&#8221;4.0.9&#8243; custom_css_main_element=&#8221;font-size: 18px;&#8221;][\/et_pb_button][\/et_pb_column][\/et_pb_row][\/et_pb_section][et_pb_section fb_built=&#8221;1&#8243; _builder_version=&#8221;3.29.3&#8243; background_enable_color=&#8221;off&#8221; custom_margin=&#8221;-1px|||||&#8221; custom_padding=&#8221;2px||0px||false|&#8221; top_divider_height=&#8221;89px&#8221; top_divider_flip=&#8221;vertical&#8221; bottom_divider_color=&#8221;#f4cf55&#8243;][et_pb_row column_structure=&#8221;1_2,1_2&#8243; _builder_version=&#8221;3.29.3&#8243; custom_margin=&#8221;||0px&#8221; custom_padding=&#8221;5%||119px|||&#8221;][et_pb_column type=&#8221;1_2&#8243; _builder_version=&#8221;3.25&#8243; custom_padding=&#8221;|||&#8221; custom_padding__hover=&#8221;|||&#8221;][et_pb_text _builder_version=&#8221;3.29.3&#8243; header_font=&#8221;||||||||&#8221; custom_margin=&#8221;-2px||-1px|||&#8221; custom_padding=&#8221;|26px|0px|26px|false|true&#8221;]<\/p>\n<h3>T\u00e8cnica <strong>bicolor<\/strong><\/h3>\n<p>Els sistemes bicolor ofereixen la possibilitat de combinar el color exterior de la seva finestra amb l&#8217;interior, oferint-li les m\u00e0ximes prestacions en confort: El Trencament del Pont T\u00e8rmic garanteix un a\u00efllament excel\u00b7lent a les inclem\u00e8ncies de l&#8217;exterior i una atenuaci\u00f3 ac\u00fastica immillorable.<\/p>\n<p>&nbsp;<br \/>\n[\/et_pb_text][et_pb_image src=&#8221;https:\/\/centroalum.com\/wp-content\/uploads\/2019\/12\/tecnica-bicolor-2.jpg&#8221; _builder_version=&#8221;3.29.3&#8243; custom_padding=&#8221;|27px||27px|false|true&#8221;][\/et_pb_image][\/et_pb_column][et_pb_column type=&#8221;1_2&#8243; _builder_version=&#8221;3.25&#8243; custom_padding=&#8221;|||&#8221; custom_padding__hover=&#8221;|||&#8221;][et_pb_text _builder_version=&#8221;4.0.9&#8243; custom_padding=&#8221;|27px||27px|false|true&#8221;]<\/p>\n<h3>El nostre<strong> cat\u00e0leg<\/strong><\/h3>\n<p>Encara no ha decidit en quins colors lluir\u00e0 la seva finestra? En el nostre cat\u00e0leg podr\u00e0 trobar una mostra de cadascun d&#8217;ells, acompanyada d&#8217;una breu descripci\u00f3 del seu significat, perqu\u00e8 tri\u00ef la combinaci\u00f3 que millor li defineix.<\/p>\n<p>Descarrega el nostre cat\u00e0leg i descobreix totes les possibilitats que li oferim.[\/et_pb_text][et_pb_button button_url=&#8221;https:\/\/centroalum.com\/wp-content\/uploads\/2019\/12\/FinishesBiColorCatalog1.pdf&#8221; url_new_window=&#8221;on&#8221; button_text=&#8221;Descarregar cat\u00e0leg en PDF&#8221; _builder_version=&#8221;4.0.9&#8243; custom_margin=&#8221;|||27px|false|false&#8221;][\/et_pb_button][et_pb_image src=&#8221;https:\/\/centroalum.com\/wp-content\/uploads\/2019\/12\/cat\u00e1logo-bicolor-1.jpg&#8221; force_fullwidth=&#8221;on&#8221; _builder_version=&#8221;3.29.3&#8243; custom_margin=&#8221;||38px|||&#8221; custom_padding=&#8221;|27px||27px|false|true&#8221;][\/et_pb_image][\/et_pb_column][\/et_pb_row][\/et_pb_section][et_pb_section fb_built=&#8221;1&#8243; _builder_version=&#8221;3.22&#8243; background_color=&#8221;#f4de93&#8243; custom_padding=&#8221;15px||15px||true&#8221; global_module=&#8221;211971&#8243;][et_pb_row column_structure=&#8221;1_2,1_4,1_4&#8243; use_custom_gutter=&#8221;on&#8221; gutter_width=&#8221;1&#8243; _builder_version=&#8221;3.25&#8243; use_custom_width=&#8221;on&#8221;][et_pb_column type=&#8221;1_2&#8243; _builder_version=&#8221;3.25&#8243; custom_padding=&#8221;|||&#8221; custom_padding__hover=&#8221;|||&#8221;][et_pb_text _builder_version=&#8221;3.27.4&#8243;]<\/p>\n<h3>DESC\u00c0RREGA LA NOSTRA <strong>APP<\/strong><\/h3>\n<p>Una app de comandes, disponible per a Android i iOS.<\/p>\n<p>&nbsp;[\/et_pb_text][\/et_pb_column][et_pb_column type=&#8221;1_4&#8243; _builder_version=&#8221;3.25&#8243; custom_padding=&#8221;|||&#8221; custom_padding__hover=&#8221;|||&#8221;][et_pb_button button_url=&#8221;https:\/\/itunes.apple.com\/es\/app\/centroalum-pedidos\/id834852209?mt=8&#8243; button_text=&#8221;APP PER A IOS&#8221; button_alignment=&#8221;right&#8221; _builder_version=&#8221;3.19.12&#8243;][\/et_pb_button][\/et_pb_column][et_pb_column type=&#8221;1_4&#8243; _builder_version=&#8221;3.25&#8243; custom_padding=&#8221;|||&#8221; custom_padding__hover=&#8221;|||&#8221;][et_pb_button button_url=&#8221;https:\/\/play.google.com\/store\/apps\/details?id=air.com.edertone.CentroalumPedidos&#8221; button_text=&#8221;APP PER A ANDROID&#8221; button_alignment=&#8221;right&#8221; _builder_version=&#8221;3.19.12&#8243;][\/et_pb_button][\/et_pb_column][\/et_pb_row][\/et_pb_section]<\/p>\n","protected":false},"excerpt":{"rendered":"<p>Cat\u00e0leg bicolor per a sistemes i perfils d&#8217;alumini+30 combinacions de color per als teus tancaments i perfils d&#8217;aluminiDes de la seva fundaci\u00f3 en 1985, centroalum ha perseguit sempre l&#8217;objectiu d&#8217;oferir el millor servei als seus clients. \u00c9s per aix\u00f2, que li presentem un producte \u00fanic i innovador. Un cat\u00e0leg Bicolor en el qual podr\u00e0 trobar [&hellip;]<\/p>\n","protected":false},"author":10,"featured_media":0,"parent":0,"menu_order":0,"comment_status":"closed","ping_status":"closed","template":"page_arquitecto.php","meta":{"_et_pb_use_builder":"on","_et_pb_old_content":"","_et_gb_content_width":"","inline_featured_image":false,"footnotes":""},"class_list":["post-218336","page","type-page","status-publish","hentry"],"_links":{"self":[{"href":"https:\/\/centroalum.com\/ca\/wp-json\/wp\/v2\/pages\/218336","targetHints":{"allow":["GET"]}}],"collection":[{"href":"https:\/\/centroalum.com\/ca\/wp-json\/wp\/v2\/pages"}],"about":[{"href":"https:\/\/centroalum.com\/ca\/wp-json\/wp\/v2\/types\/page"}],"author":[{"embeddable":true,"href":"https:\/\/centroalum.com\/ca\/wp-json\/wp\/v2\/users\/10"}],"replies":[{"embeddable":true,"href":"https:\/\/centroalum.com\/ca\/wp-json\/wp\/v2\/comments?post=218336"}],"version-history":[{"count":0,"href":"https:\/\/centroalum.com\/ca\/wp-json\/wp\/v2\/pages\/218336\/revisions"}],"wp:attachment":[{"href":"https:\/\/centroalum.com\/ca\/wp-json\/wp\/v2\/media?parent=218336"}],"curies":[{"name":"wp","href":"https:\/\/api.w.org\/{rel}","templated":true}]}}