{"id":218362,"date":"2020-08-18T11:44:57","date_gmt":"2020-08-18T11:44:57","guid":{"rendered":"http:\/\/centroalum.vl23196.dinaserver.com\/el-teu-projecte-industrials\/"},"modified":"2025-11-26T13:54:26","modified_gmt":"2025-11-26T13:54:26","slug":"el-teu-projecte-industrials","status":"publish","type":"page","link":"https:\/\/centroalum.com\/ca\/el-teu-projecte-industrials\/","title":{"rendered":"El teu Projecte Industrials"},"content":{"rendered":"<p>[et_pb_section fb_built=&#8221;1&#8243; _builder_version=&#8221;4.16&#8243; custom_margin=&#8221;0px||&#8221; custom_padding=&#8221;0px||10px||false|false&#8221; saved_tabs=&#8221;all&#8221; global_colors_info=&#8221;{}&#8221;][et_pb_row _builder_version=&#8221;4.16&#8243; custom_margin=&#8221;||||false|false&#8221; custom_padding=&#8221;||||false|false&#8221; global_colors_info=&#8221;{}&#8221;][et_pb_column type=&#8221;4_4&#8243; _builder_version=&#8221;4.16&#8243; custom_padding=&#8221;|||&#8221; global_colors_info=&#8221;{}&#8221; custom_padding__hover=&#8221;|||&#8221;][et_pb_text _builder_version=&#8221;4.16&#8243; custom_margin=&#8221;||0px&#8221; global_colors_info=&#8221;{}&#8221;]<\/p>\n<h1><strong>Assessoria personalitzada en tancaments i sistemes d&#8217;alumini<\/strong><\/h1>\n<p>[\/et_pb_text][et_pb_text _builder_version=&#8221;4.16&#8243; header_2_text_color=&#8221;#9b9b9b&#8221; header_2_font_size=&#8221;22px&#8221; custom_margin=&#8221;||0px&#8221; global_colors_info=&#8221;{}&#8221;]<\/p>\n<h2>Assessorament, planificaci\u00f3 i instal\u00b7laci\u00f3 de tancaments i sistemes d&#8217;alumini<\/h2>\n<p>[\/et_pb_text][et_pb_divider divider_weight=&#8221;2px&#8221; _builder_version=&#8221;4.16&#8243; max_width=&#8221;3%&#8221; height=&#8221;0px&#8221; custom_margin=&#8221;0px||0px&#8221; custom_padding=&#8221;0px||0px&#8221; global_colors_info=&#8221;{}&#8221;][\/et_pb_divider][\/et_pb_column][\/et_pb_row][\/et_pb_section][et_pb_section fb_built=&#8221;1&#8243; _builder_version=&#8221;4.16&#8243; custom_margin=&#8221;0px||||false|false&#8221; custom_padding=&#8221;0px||5px||false|false&#8221; global_colors_info=&#8221;{}&#8221;][et_pb_row column_structure=&#8221;3_4,1_4&#8243; use_custom_gutter=&#8221;on&#8221; gutter_width=&#8221;2&#8243; make_equal=&#8221;on&#8221; padding_top_bottom_link_2=&#8221;true&#8221; _builder_version=&#8221;4.16&#8243; custom_margin=&#8221;0px||||false|false&#8221; custom_padding=&#8221;0px||||false|false&#8221; global_colors_info=&#8221;{}&#8221;][et_pb_column type=&#8221;3_4&#8243; _builder_version=&#8221;4.16&#8243; custom_padding=&#8221;|||&#8221; global_colors_info=&#8221;{}&#8221; custom_padding__hover=&#8221;|||&#8221;][et_pb_text _builder_version=&#8221;4.16&#8243; custom_padding=&#8221;||0px&#8221; global_colors_info=&#8221;{}&#8221;]<\/p>\n<h3><strong>Inspiraci\u00f3<\/strong><\/h3>\n<p>[\/et_pb_text][et_pb_text _builder_version=&#8221;4.16&#8243; global_colors_info=&#8221;{}&#8221;]Si encara no has definit la l\u00ednia del<strong> teu projecte<\/strong>, inspira&#8217;t en els nostres casos d&#8217;\u00e8xit. A trav\u00e9s del nostre <strong>nou showroom<\/strong>, posem a la teva disposici\u00f3 un espai on podr\u00e0s <strong>veure, sentir i tocar<\/strong> alguns dels sistemes de <strong>tancaments d&#8217;alumini<\/strong> del nostre cat\u00e0leg, amb un ampli ventall de textures i colors. T&#8217;ajudarem a trobar <strong>els dissenys que millor s&#8217;adaptin a les teves idees<\/strong>.<\/p>\n<p><strong>Necessites noves idees<\/strong> per a definir el disseny dels teus tancaments d&#8217;alumini? Descobreix alguns dels nostres <strong>projectes d&#8217;\u00e8xit<\/strong>, i tra\u00e7a les l\u00ednies de les teves noves portes i finestres d&#8217;alumini, <strong>combinant disseny i funcionalitat<\/strong>.[\/et_pb_text][\/et_pb_column][et_pb_column type=&#8221;1_4&#8243; _builder_version=&#8221;4.16&#8243; background_color=&#8221;#f4cf55&#8243; custom_padding=&#8221;25px||25px|&#8221; custom_css_main_element=&#8221;background-color:#f4de93;||padding:15px;&#8221; global_colors_info=&#8221;{}&#8221; custom_padding__hover=&#8221;|||&#8221;][et_pb_text _builder_version=&#8221;4.16&#8243; header_font=&#8221;||||||||&#8221; header_3_font=&#8221;||||||||&#8221; header_3_font_size=&#8221;18px&#8221; header_3_line_height=&#8221;22px&#8221; custom_padding=&#8221;3%||12%||false&#8221; custom_css_main_element=&#8221;font-size: 20px;||line-height: 24px;&#8221; global_colors_info=&#8221;{}&#8221;]<\/p>\n<h3>CONEIX EL NOSTRE\u00a0SHOWROOM<\/h3>\n<p>[\/et_pb_text][et_pb_button button_url=&#8221;\/?page_id=210854&#8243; button_text=&#8221;VISITAR PROJECTES&#8221; _builder_version=&#8221;4.16&#8243; custom_button=&#8221;on&#8221; button_text_size=&#8221;18px&#8221; button_font=&#8221;||||||||&#8221; button_use_icon=&#8221;off&#8221; custom_css_main_element=&#8221;font-size: 18px;&#8221; global_colors_info=&#8221;{}&#8221;][\/et_pb_button][\/et_pb_column][\/et_pb_row][\/et_pb_section][et_pb_section fb_built=&#8221;1&#8243; prev_background_color=&#8221;#ffffff&#8221; next_background_color=&#8221;#e59d06&#8243; _builder_version=&#8221;4.16&#8243; background_color=&#8221;#f7f7f7&#8243; custom_margin=&#8221;||&#8221; custom_padding=&#8221;50px||80px&#8221; top_divider_style=&#8221;slant2&#8243; top_divider_height=&#8221;50px&#8221; bottom_divider_style=&#8221;asymmetric2&#8243; bottom_divider_height=&#8221;50px&#8221; global_colors_info=&#8221;{}&#8221;][et_pb_row _builder_version=&#8221;4.16&#8243; global_colors_info=&#8221;{}&#8221;][et_pb_column type=&#8221;4_4&#8243; _builder_version=&#8221;4.16&#8243; custom_padding=&#8221;|||&#8221; global_colors_info=&#8221;{}&#8221; custom_padding__hover=&#8221;|||&#8221;][et_pb_text _builder_version=&#8221;4.16&#8243; custom_padding=&#8221;||0px&#8221; global_colors_info=&#8221;{}&#8221;]<\/p>\n<h3><strong>Assessorament<\/strong><\/h3>\n<p>[\/et_pb_text][et_pb_text _builder_version=&#8221;4.16&#8243; global_colors_info=&#8221;{}&#8221;]<strong>El nostre equip t&#8217;assessorar\u00e0 i acompanyar\u00e0 de principi a fi<\/strong>, perqu\u00e8 la teva idea tiri endavant amb totals garanties.<\/p>\n<p>Consulta&#8217;ns tots els teus dubtes, perqu\u00e8 puguem presentar-te el <strong>sistema de tancaments d&#8217;alumini<\/strong> que <strong>millor s&#8217;adapti<\/strong> a la teva nova construcci\u00f3 o reforma.[\/et_pb_text][\/et_pb_column][\/et_pb_row][\/et_pb_section][et_pb_section fb_built=&#8221;1&#8243; _builder_version=&#8221;4.16&#8243; background_color=&#8221;#e59d06&#8243; custom_margin=&#8221;0px||0px&#8221; custom_padding=&#8221;0px||16px||false|false&#8221; global_colors_info=&#8221;{}&#8221;][et_pb_row column_structure=&#8221;3_5,2_5&#8243; _builder_version=&#8221;4.16&#8243; global_colors_info=&#8221;{}&#8221;][et_pb_column type=&#8221;3_5&#8243; _builder_version=&#8221;4.16&#8243; custom_padding=&#8221;|||&#8221; global_colors_info=&#8221;{}&#8221; custom_padding__hover=&#8221;|||&#8221;][et_pb_text _builder_version=&#8221;4.16&#8243; header_font=&#8221;||||||||&#8221; header_3_font=&#8221;||||||||&#8221; header_3_font_size=&#8221;18px&#8221; header_3_line_height=&#8221;22px&#8221; custom_padding=&#8221;0px||0px||true&#8221; custom_css_main_element=&#8221;font-size: 20px;||line-height: 24px;&#8221; global_colors_info=&#8221;{}&#8221;]<\/p>\n<h3>SOL\u00b7LICITA ALS NOSTRES EXPERTS UNA ASSESSORIA PERSONALITZADA<\/h3>\n<p>[\/et_pb_text][\/et_pb_column][et_pb_column type=&#8221;2_5&#8243; _builder_version=&#8221;4.16&#8243; custom_padding=&#8221;|||&#8221; global_colors_info=&#8221;{}&#8221; custom_padding__hover=&#8221;|||&#8221;][et_pb_button button_url=&#8221;\/?page_id=207365&#8243; button_text=&#8221;VULL CONTACTAR&#8221; _builder_version=&#8221;4.16&#8243; custom_css_main_element=&#8221;font-size: 18px;&#8221; global_colors_info=&#8221;{}&#8221;][\/et_pb_button][\/et_pb_column][\/et_pb_row][\/et_pb_section][et_pb_section fb_built=&#8221;1&#8243; _builder_version=&#8221;4.16&#8243; global_colors_info=&#8221;{}&#8221;][et_pb_row column_structure=&#8221;1_2,1_2&#8243; _builder_version=&#8221;4.16&#8243; custom_padding=&#8221;27px|0px|27px|0px|false|false&#8221; global_colors_info=&#8221;{}&#8221;][et_pb_column type=&#8221;1_2&#8243; _builder_version=&#8221;4.16&#8243; custom_padding=&#8221;|||&#8221; global_colors_info=&#8221;{}&#8221; custom_padding__hover=&#8221;|||&#8221;][et_pb_text _builder_version=&#8221;4.16&#8243; custom_padding=&#8221;||0px&#8221; global_colors_info=&#8221;{}&#8221;]<\/p>\n<h3><strong>Planificaci\u00f3<\/strong><\/h3>\n<p>[\/et_pb_text][et_pb_text _builder_version=&#8221;4.16&#8243; global_colors_info=&#8221;{}&#8221;]Una vegada seleccionats els sistemes de tancaments d&#8217;alumini que utilitzar\u00e0s, el nostre departament t\u00e8cnic t&#8217;ajudar\u00e0 a definir fins a l&#8217;\u00faltim detall, per a assegurar l&#8217;\u00e8xit del teu projecte.[\/et_pb_text][et_pb_image src=&#8221;https:\/\/centroalum.com\/wp-content\/uploads\/2020\/01\/planificacion.jpg&#8221; align_tablet=&#8221;center&#8221; align_phone=&#8221;&#8221; align_last_edited=&#8221;on|desktop&#8221; _builder_version=&#8221;4.16&#8243; global_colors_info=&#8221;{}&#8221;][\/et_pb_image][\/et_pb_column][et_pb_column type=&#8221;1_2&#8243; _builder_version=&#8221;4.16&#8243; custom_padding=&#8221;|||&#8221; global_colors_info=&#8221;{}&#8221; custom_padding__hover=&#8221;|||&#8221;][et_pb_text _builder_version=&#8221;4.16&#8243; custom_padding=&#8221;||0px&#8221; global_colors_info=&#8221;{}&#8221;]<\/p>\n<h3><strong>Instal\u00b7laci\u00f3<\/strong><\/h3>\n<p>[\/et_pb_text][et_pb_text _builder_version=&#8221;4.16&#8243; custom_margin=&#8221;||24px&#8221; global_colors_info=&#8221;{}&#8221;]Facilitar i completar totes les fases relacionades amb els tancaments d&#8217;alumini \u00e9s el nostre objectiu principal. Per aquest motiu, despr\u00e9s dels assajos, el disseny i el desenvolupament dels nostres sistemes per a portes i finestres d&#8217;alumini; comptem amb una \u00e0mplia xarxa de professionals que garanteixen que cada projecte es completi aconseguint les m\u00e0ximes cotes de qualitat, personalitzaci\u00f3 i efici\u00e8ncia.[\/et_pb_text][et_pb_image src=&#8221;https:\/\/centroalum.com\/wp-content\/uploads\/2020\/01\/instalacion.jpg&#8221; align_tablet=&#8221;center&#8221; align_phone=&#8221;&#8221; align_last_edited=&#8221;on|desktop&#8221; _builder_version=&#8221;4.16&#8243; global_colors_info=&#8221;{}&#8221;][\/et_pb_image][\/et_pb_column][\/et_pb_row][\/et_pb_section][et_pb_section fb_built=&#8221;1&#8243; _builder_version=&#8221;4.16&#8243; background_color=&#8221;#f4de93&#8243; custom_padding=&#8221;15px||15px||true&#8221; global_colors_info=&#8221;{}&#8221; locked=&#8221;off&#8221;][et_pb_row column_structure=&#8221;1_2,1_2&#8243; use_custom_gutter=&#8221;on&#8221; gutter_width=&#8221;1&#8243; _builder_version=&#8221;4.27.4&#8243; use_custom_width=&#8221;on&#8221; global_colors_info=&#8221;{}&#8221;][et_pb_column type=&#8221;1_2&#8243; _builder_version=&#8221;4.16&#8243; custom_padding=&#8221;|||&#8221; global_colors_info=&#8221;{}&#8221; custom_padding__hover=&#8221;|||&#8221;][et_pb_text _builder_version=&#8221;4.16&#8243; global_colors_info=&#8221;{}&#8221;]<\/p>\n<h3>LA NOSTRA <strong>APP<\/strong><\/h3>\n<p>Una app de comandes, disponible per a Android i iOS.<\/p>\n<p>&nbsp;<\/p>\n<p>[\/et_pb_text][\/et_pb_column][et_pb_column type=&#8221;1_2&#8243; _builder_version=&#8221;4.16&#8243; custom_padding=&#8221;|||&#8221; global_colors_info=&#8221;{}&#8221; custom_padding__hover=&#8221;|||&#8221;][et_pb_button button_url=&#8221;https:\/\/app.centroalum.com&#8221; url_new_window=&#8221;on&#8221; button_text=&#8221;ACCEDEIX A LA NOSTRA APP&#8221; button_alignment=&#8221;left&#8221; _builder_version=&#8221;4.27.4&#8243; global_colors_info=&#8221;{}&#8221;][\/et_pb_button][\/et_pb_column][\/et_pb_row][\/et_pb_section]<\/p>\n","protected":false},"excerpt":{"rendered":"<p>Assessoria personalitzada en tancaments i sistemes d&#8217;aluminiAssessorament, planificaci\u00f3 i instal\u00b7laci\u00f3 de tancaments i sistemes d&#8217;aluminiInspiraci\u00f3Si encara no has definit la l\u00ednia del teu projecte, inspira&#8217;t en els nostres casos d&#8217;\u00e8xit. A trav\u00e9s del nostre nou showroom, posem a la teva disposici\u00f3 un espai on podr\u00e0s veure, sentir i tocar alguns dels sistemes de tancaments d&#8217;alumini [&hellip;]<\/p>\n","protected":false},"author":10,"featured_media":0,"parent":0,"menu_order":0,"comment_status":"closed","ping_status":"closed","template":"page_industria.php","meta":{"_et_pb_use_builder":"on","_et_pb_old_content":"","_et_gb_content_width":"","inline_featured_image":false,"footnotes":""},"class_list":["post-218362","page","type-page","status-publish","hentry"],"_links":{"self":[{"href":"https:\/\/centroalum.com\/ca\/wp-json\/wp\/v2\/pages\/218362","targetHints":{"allow":["GET"]}}],"collection":[{"href":"https:\/\/centroalum.com\/ca\/wp-json\/wp\/v2\/pages"}],"about":[{"href":"https:\/\/centroalum.com\/ca\/wp-json\/wp\/v2\/types\/page"}],"author":[{"embeddable":true,"href":"https:\/\/centroalum.com\/ca\/wp-json\/wp\/v2\/users\/10"}],"replies":[{"embeddable":true,"href":"https:\/\/centroalum.com\/ca\/wp-json\/wp\/v2\/comments?post=218362"}],"version-history":[{"count":1,"href":"https:\/\/centroalum.com\/ca\/wp-json\/wp\/v2\/pages\/218362\/revisions"}],"predecessor-version":[{"id":226686,"href":"https:\/\/centroalum.com\/ca\/wp-json\/wp\/v2\/pages\/218362\/revisions\/226686"}],"wp:attachment":[{"href":"https:\/\/centroalum.com\/ca\/wp-json\/wp\/v2\/media?parent=218362"}],"curies":[{"name":"wp","href":"https:\/\/api.w.org\/{rel}","templated":true}]}}