{"id":218371,"date":"2020-08-18T12:09:54","date_gmt":"2020-08-18T12:09:54","guid":{"rendered":"http:\/\/centroalum.vl23196.dinaserver.com\/seleccio-de-materials-industrials\/"},"modified":"2025-11-26T13:54:42","modified_gmt":"2025-11-26T13:54:42","slug":"seleccio-de-materials-industrials","status":"publish","type":"page","link":"https:\/\/centroalum.com\/ca\/seleccio-de-materials-industrials\/","title":{"rendered":"Selecci\u00f3 de Materials Industrials"},"content":{"rendered":"<p>[et_pb_section fb_built=&#8221;1&#8243; _builder_version=&#8221;4.16&#8243; custom_margin=&#8221;0px||&#8221; custom_padding=&#8221;20px||10px||false|false&#8221; saved_tabs=&#8221;all&#8221; global_colors_info=&#8221;{}&#8221;][et_pb_row _builder_version=&#8221;4.16&#8243; global_colors_info=&#8221;{}&#8221;][et_pb_column type=&#8221;4_4&#8243; _builder_version=&#8221;4.16&#8243; custom_padding=&#8221;|||&#8221; global_colors_info=&#8221;{}&#8221; custom_padding__hover=&#8221;|||&#8221;][et_pb_text _builder_version=&#8221;4.16&#8243; custom_margin=&#8221;||0px&#8221; global_colors_info=&#8221;{}&#8221;]<\/p>\n<h1><strong>Cat\u00e0leg de materials per a tancaments i sistemes d&#8217;alumini<\/strong><\/h1>\n<p>[\/et_pb_text][et_pb_text _builder_version=&#8221;4.16&#8243; header_2_text_color=&#8221;#9b9b9b&#8221; header_2_font_size=&#8221;22px&#8221; custom_margin=&#8221;||0px&#8221; global_colors_info=&#8221;{}&#8221;]<\/p>\n<h2>Extensa gamma de colors i textures per als teus tancaments i sistemes d&#8217;alumini<\/h2>\n<p>[\/et_pb_text][et_pb_divider divider_weight=&#8221;2px&#8221; _builder_version=&#8221;4.16&#8243; max_width=&#8221;3%&#8221; height=&#8221;0px&#8221; custom_margin=&#8221;0px||0px&#8221; custom_padding=&#8221;0px||0px&#8221; global_colors_info=&#8221;{}&#8221;][\/et_pb_divider][\/et_pb_column][\/et_pb_row][et_pb_row _builder_version=&#8221;4.16&#8243; custom_padding=&#8221;||0px&#8221; global_colors_info=&#8221;{}&#8221; custom_margin=&#8221;118px|auto||auto||&#8221;][et_pb_column type=&#8221;4_4&#8243; _builder_version=&#8221;4.16&#8243; custom_padding=&#8221;|||&#8221; global_colors_info=&#8221;{}&#8221; custom_padding__hover=&#8221;|||&#8221;][et_pb_text _builder_version=&#8221;4.16&#8243; global_colors_info=&#8221;{}&#8221;]<strong>Vols que les teves finestres cobrin protagonisme en la decoraci\u00f3 de la teva llar o prefereixes que siguin un complement el m\u00e9s minimalista possible.<\/strong><\/p>\n<p>Siguin quins siguin els teus gustos, a Centroalum disposem d&#8217;un <strong>ampli cat\u00e0leg de materials, formes, textures i colors<\/strong> per a personalitzar els dissenys i acabats de les teves portes i finestres d&#8217;alumini.[\/et_pb_text][\/et_pb_column][\/et_pb_row][et_pb_row _builder_version=&#8221;4.16&#8243; custom_padding=&#8221;5px||27px||false|false&#8221; global_colors_info=&#8221;{}&#8221;][et_pb_column type=&#8221;4_4&#8243; _builder_version=&#8221;4.16&#8243; custom_padding=&#8221;|||&#8221; global_colors_info=&#8221;{}&#8221; custom_padding__hover=&#8221;|||&#8221;][et_pb_text _builder_version=&#8221;4.16&#8243; global_colors_info=&#8221;{}&#8221;]Si encara no tens clar quin \u00e9s l&#8217;estil que vols donar als tancaments d&#8217;alumini del teu projecte, visita el nostre showroom. All\u00ed podr\u00e0s veure i tocar personalment el producte final. El nostre <strong>equip d&#8217;experts t&#8217;ajudar\u00e0 a triar els acabats que millor encaixin<\/strong> amb el teu projecte.<\/p>\n<p>Coneix a continuaci\u00f3 la nostra extensa gamma de colors i textures que faran de les teves <strong>portes i finestres d&#8217;alumini<\/strong> uns tancaments \u00fanics.[\/et_pb_text][\/et_pb_column][\/et_pb_row][\/et_pb_section][et_pb_section fb_built=&#8221;1&#8243; prev_background_color=&#8221;#ffffff&#8221; _builder_version=&#8221;4.16&#8243; background_color=&#8221;#f7f7f7&#8243; custom_margin=&#8221;0px||0px&#8221; custom_padding=&#8221;81px||81px||false|false&#8221; top_divider_style=&#8221;arrow2&#8243; top_divider_height=&#8221;64px&#8221; global_colors_info=&#8221;{}&#8221;][et_pb_row column_structure=&#8221;1_3,1_3,1_3&#8243; use_custom_gutter=&#8221;on&#8221; gutter_width=&#8221;2&#8243; make_equal=&#8221;on&#8221; _builder_version=&#8221;4.16&#8243; global_colors_info=&#8221;{}&#8221;][et_pb_column type=&#8221;1_3&#8243; _builder_version=&#8221;4.16&#8243; custom_padding=&#8221;|||&#8221; custom_css_main_element=&#8221;border: 2px solid #f4cf55;||background-color:#f4cf55;&#8221; global_colors_info=&#8221;{}&#8221; custom_padding__hover=&#8221;|||&#8221;][et_pb_text _builder_version=&#8221;4.16&#8243; global_colors_info=&#8221;{}&#8221;][\/et_pb_text][et_pb_text _builder_version=&#8221;4.16&#8243; text_font=&#8221;||||||||&#8221; header_3_line_height=&#8221;1.3em&#8221; text_orientation=&#8221;center&#8221; custom_padding=&#8221;15px||5%&#8221; global_colors_info=&#8221;{}&#8221;]<\/p>\n<h3>FINE <span style=\"color: #ffffff;\">TEXTURE COLLECTION<\/span><\/h3>\n<p>[\/et_pb_text][et_pb_button button_url=&#8221;\/?page_id=210564&#8243; button_text=&#8221;VEURE TEXTURE COLLECTION&#8221; button_alignment=&#8221;center&#8221; _builder_version=&#8221;4.16&#8243; custom_button=&#8221;on&#8221; button_text_size=&#8221;18px&#8221; button_font=&#8221;||||||||&#8221; custom_margin=&#8221;|18px||18px||true&#8221; custom_padding=&#8221;|||||false&#8221; global_colors_info=&#8221;{}&#8221;][\/et_pb_button][\/et_pb_column][et_pb_column type=&#8221;1_3&#8243; _builder_version=&#8221;4.16&#8243; custom_padding=&#8221;|||&#8221; custom_css_main_element=&#8221;border: 2px solid #f4cf55;||background-color:#f4cf55;&#8221; global_colors_info=&#8221;{}&#8221; custom_padding__hover=&#8221;|||&#8221;][et_pb_text _builder_version=&#8221;4.16&#8243; global_colors_info=&#8221;{}&#8221;][\/et_pb_text][et_pb_text _builder_version=&#8221;4.16&#8243; text_font=&#8221;||||||||&#8221; header_3_line_height=&#8221;1.3em&#8221; text_orientation=&#8221;center&#8221; custom_padding=&#8221;15px||5%||false|false&#8221; global_colors_info=&#8221;{}&#8221;]<\/p>\n<h3>GAMA <span style=\"color: #ffffff;\">DE COLORS<\/span> EST\u00c0NDARD<\/h3>\n<p>[\/et_pb_text][et_pb_button button_url=&#8221;https:\/\/centroalum.com\/wp-content\/uploads\/2019\/12\/FinishesBiColorCatalog1.pdf&#8221; url_new_window=&#8221;on&#8221; button_text=&#8221;VEURE GAMA DE COLORS&#8221; button_alignment=&#8221;center&#8221; _builder_version=&#8221;4.16&#8243; custom_button=&#8221;on&#8221; button_text_size=&#8221;18px&#8221; button_font=&#8221;||||||||&#8221; custom_margin=&#8221;|18px||18px&#8221; custom_padding=&#8221;|||||false&#8221; global_colors_info=&#8221;{}&#8221;][\/et_pb_button][et_pb_text _builder_version=&#8221;4.16&#8243; global_colors_info=&#8221;{}&#8221;][\/et_pb_text][\/et_pb_column][et_pb_column type=&#8221;1_3&#8243; _builder_version=&#8221;4.16&#8243; custom_padding=&#8221;|||&#8221; custom_css_main_element=&#8221;border: 2px solid #f4cf55;||background-color:#f4cf55;&#8221; global_colors_info=&#8221;{}&#8221; custom_padding__hover=&#8221;|||&#8221;][et_pb_text _builder_version=&#8221;4.16&#8243; global_colors_info=&#8221;{}&#8221;][\/et_pb_text][et_pb_text _builder_version=&#8221;4.16&#8243; text_font=&#8221;||||||||&#8221; header_3_line_height=&#8221;1.3em&#8221; text_orientation=&#8221;center&#8221; custom_padding=&#8221;15px|5px|5%|5px||true&#8221; global_colors_info=&#8221;{}&#8221;]<\/p>\n<h3><span style=\"color: #ffffff;\">SHOWROOM<\/span><\/h3>\n<p>[\/et_pb_text][et_pb_button button_url=&#8221;\/?page_id=209560&#8243; url_new_window=&#8221;on&#8221; button_text=&#8221;INSPIRA&#8217;T&#8221; button_alignment=&#8221;center&#8221; _builder_version=&#8221;4.16&#8243; custom_button=&#8221;on&#8221; button_text_size=&#8221;18px&#8221; button_font=&#8221;||||||||&#8221; custom_margin=&#8221;|18px||18px&#8221; custom_padding=&#8221;|50px||50px|false|false&#8221; global_colors_info=&#8221;{}&#8221;][\/et_pb_button][et_pb_text _builder_version=&#8221;4.16&#8243; global_colors_info=&#8221;{}&#8221;][\/et_pb_text][\/et_pb_column][\/et_pb_row][\/et_pb_section][et_pb_section fb_built=&#8221;1&#8243; prev_background_color=&#8221;#000000&#8243; disabled_on=&#8221;on|on|on&#8221; _builder_version=&#8221;4.16&#8243; background_color=&#8221;#f7f7f7&#8243; custom_margin=&#8221;0px||0px&#8221; custom_padding=&#8221;81px||81px||false|false&#8221; top_divider_style=&#8221;arrow2&#8243; top_divider_height=&#8221;64px&#8221; disabled=&#8221;on&#8221; global_colors_info=&#8221;{}&#8221;][et_pb_row column_structure=&#8221;1_4,1_4,1_4,1_4&#8243; use_custom_gutter=&#8221;on&#8221; gutter_width=&#8221;2&#8243; make_equal=&#8221;on&#8221; _builder_version=&#8221;4.16&#8243; global_colors_info=&#8221;{}&#8221;][et_pb_column type=&#8221;1_4&#8243; _builder_version=&#8221;4.16&#8243; custom_padding=&#8221;|||&#8221; custom_css_main_element=&#8221;border: 2px solid #f4cf55;||background-color:#f4cf55;&#8221; global_colors_info=&#8221;{}&#8221; custom_padding__hover=&#8221;|||&#8221;][et_pb_text _builder_version=&#8221;4.16&#8243; text_font=&#8221;||||||||&#8221; text_orientation=&#8221;center&#8221; custom_padding=&#8221;15px||13%&#8221; global_colors_info=&#8221;{}&#8221;]<\/p>\n<h3>BI<span style=\"color: #ffff;\">COLOR<\/span><\/h3>\n<p>[\/et_pb_text][et_pb_button button_url=&#8221;\/?page_id=210526&#8243; button_text=&#8221;VEURE ACABATS BICOLOR&#8221; button_alignment=&#8221;center&#8221; _builder_version=&#8221;4.16&#8243; custom_button=&#8221;on&#8221; button_text_size=&#8221;18px&#8221; button_font=&#8221;||||||||&#8221; custom_margin=&#8221;0px|18px||18px||true&#8221; custom_padding=&#8221;|||||false&#8221; global_colors_info=&#8221;{}&#8221;][\/et_pb_button][et_pb_text _builder_version=&#8221;4.16&#8243; global_colors_info=&#8221;{}&#8221;][\/et_pb_text][\/et_pb_column][et_pb_column type=&#8221;1_4&#8243; _builder_version=&#8221;4.16&#8243; custom_padding=&#8221;|||&#8221; custom_css_main_element=&#8221;border: 2px solid #f4cf55;||background-color:#f4cf55;&#8221; global_colors_info=&#8221;{}&#8221; custom_padding__hover=&#8221;|||&#8221;][et_pb_text _builder_version=&#8221;4.16&#8243; text_font=&#8221;||||||||&#8221; header_3_line_height=&#8221;1.3em&#8221; text_orientation=&#8221;center&#8221; custom_padding=&#8221;15px||0%||false|false&#8221; global_colors_info=&#8221;{}&#8221;]<\/p>\n<h3>FINE <span style=\"color: #ffffff;\">TEXTURE COLLECTION<\/span><\/h3>\n<p>[\/et_pb_text][et_pb_button button_url=&#8221;\/?page_id=210564&#8243; button_text=&#8221;VEURE TEXTURE COLLECTION&#8221; button_alignment=&#8221;center&#8221; _builder_version=&#8221;4.16&#8243; custom_button=&#8221;on&#8221; button_text_size=&#8221;18px&#8221; button_font=&#8221;||||||||&#8221; custom_margin=&#8221;|18px||18px||true&#8221; custom_padding=&#8221;|||||false&#8221; global_colors_info=&#8221;{}&#8221;][\/et_pb_button][et_pb_text _builder_version=&#8221;4.16&#8243; global_colors_info=&#8221;{}&#8221;][\/et_pb_text][\/et_pb_column][et_pb_column type=&#8221;1_4&#8243; _builder_version=&#8221;4.16&#8243; custom_padding=&#8221;|||&#8221; custom_css_main_element=&#8221;border: 2px solid #f4cf55;||background-color:#f4cf55;&#8221; global_colors_info=&#8221;{}&#8221; custom_padding__hover=&#8221;|||&#8221;][et_pb_text _builder_version=&#8221;4.16&#8243; text_font=&#8221;||||||||&#8221; header_3_line_height=&#8221;1.3em&#8221; text_orientation=&#8221;center&#8221; custom_padding=&#8221;15px||0%||false|false&#8221; global_colors_info=&#8221;{}&#8221;]<\/p>\n<h3>GAMA <span style=\"color: #ffffff;\">DE COLORS<\/span> EST\u00c0NDARD<\/h3>\n<p>[\/et_pb_text][et_pb_button button_url=&#8221;https:\/\/centroalum.com\/wp-content\/uploads\/2019\/12\/FinishesBiColorCatalog1.pdf&#8221; url_new_window=&#8221;on&#8221; button_text=&#8221;VEURE GAMA DE COLORS&#8221; button_alignment=&#8221;center&#8221; _builder_version=&#8221;4.16&#8243; custom_button=&#8221;on&#8221; button_text_size=&#8221;18px&#8221; button_font=&#8221;||||||||&#8221; custom_margin=&#8221;|18px||18px&#8221; custom_padding=&#8221;|||||false&#8221; global_colors_info=&#8221;{}&#8221;][\/et_pb_button][et_pb_text _builder_version=&#8221;4.16&#8243; global_colors_info=&#8221;{}&#8221;][\/et_pb_text][\/et_pb_column][et_pb_column type=&#8221;1_4&#8243; _builder_version=&#8221;4.16&#8243; custom_padding=&#8221;|||&#8221; custom_css_main_element=&#8221;border: 2px solid #f4cf55;||background-color:#f4cf55;&#8221; global_colors_info=&#8221;{}&#8221; custom_padding__hover=&#8221;|||&#8221;][et_pb_text _builder_version=&#8221;4.16&#8243; text_font=&#8221;||||||||&#8221; header_3_line_height=&#8221;1.3em&#8221; text_orientation=&#8221;center&#8221; custom_padding=&#8221;15px|5px|13%|5px|false|true&#8221; global_colors_info=&#8221;{}&#8221;]<\/p>\n<h3><span style=\"color: #ffffff;\">SHOWROOM<\/span><\/h3>\n<p>[\/et_pb_text][et_pb_button button_url=&#8221;\/?page_id=209560&#8243; button_text=&#8221;INSPIRA&#8217;T&#8221; button_alignment=&#8221;center&#8221; _builder_version=&#8221;4.16&#8243; custom_button=&#8221;on&#8221; button_text_size=&#8221;18px&#8221; button_font=&#8221;||||||||&#8221; custom_margin=&#8221;1%|18px|1%|18px|true&#8221; custom_padding=&#8221;9.5%|50px|9.5%|50px|true|true&#8221; global_colors_info=&#8221;{}&#8221;][\/et_pb_button][et_pb_text _builder_version=&#8221;4.16&#8243; global_colors_info=&#8221;{}&#8221;][\/et_pb_text][\/et_pb_column][\/et_pb_row][\/et_pb_section][et_pb_section fb_built=&#8221;1&#8243; _builder_version=&#8221;4.16&#8243; background_color=&#8221;#f4de93&#8243; custom_padding=&#8221;15px||15px||true&#8221; global_colors_info=&#8221;{}&#8221; locked=&#8221;off&#8221;][et_pb_row column_structure=&#8221;1_2,1_2&#8243; use_custom_gutter=&#8221;on&#8221; gutter_width=&#8221;1&#8243; _builder_version=&#8221;4.27.4&#8243; use_custom_width=&#8221;on&#8221; global_colors_info=&#8221;{}&#8221;][et_pb_column type=&#8221;1_2&#8243; _builder_version=&#8221;4.16&#8243; custom_padding=&#8221;|||&#8221; global_colors_info=&#8221;{}&#8221; custom_padding__hover=&#8221;|||&#8221;][et_pb_text _builder_version=&#8221;4.16&#8243; global_colors_info=&#8221;{}&#8221;]<\/p>\n<h3>LA NOSTRA <strong>APP<\/strong><\/h3>\n<p>Una app de comandes, disponible per a Android i iOS.<\/p>\n<p>&nbsp;<\/p>\n<p>[\/et_pb_text][\/et_pb_column][et_pb_column type=&#8221;1_2&#8243; _builder_version=&#8221;4.16&#8243; custom_padding=&#8221;|||&#8221; global_colors_info=&#8221;{}&#8221; custom_padding__hover=&#8221;|||&#8221;][et_pb_button button_url=&#8221;https:\/\/app.centroalum.com&#8221; url_new_window=&#8221;on&#8221; button_text=&#8221;ACCEDEIX A LA NOSTRA APP&#8221; button_alignment=&#8221;left&#8221; _builder_version=&#8221;4.27.4&#8243; global_colors_info=&#8221;{}&#8221;][\/et_pb_button][\/et_pb_column][\/et_pb_row][\/et_pb_section]<\/p>\n","protected":false},"excerpt":{"rendered":"<p>Cat\u00e0leg de materials per a tancaments i sistemes d&#8217;aluminiExtensa gamma de colors i textures per als teus tancaments i sistemes d&#8217;aluminiVols que les teves finestres cobrin protagonisme en la decoraci\u00f3 de la teva llar o prefereixes que siguin un complement el m\u00e9s minimalista possible. Siguin quins siguin els teus gustos, a Centroalum disposem d&#8217;un ampli [&hellip;]<\/p>\n","protected":false},"author":10,"featured_media":0,"parent":0,"menu_order":0,"comment_status":"closed","ping_status":"closed","template":"page_industria.php","meta":{"_et_pb_use_builder":"on","_et_pb_old_content":"","_et_gb_content_width":"","inline_featured_image":false,"footnotes":""},"class_list":["post-218371","page","type-page","status-publish","hentry"],"_links":{"self":[{"href":"https:\/\/centroalum.com\/ca\/wp-json\/wp\/v2\/pages\/218371","targetHints":{"allow":["GET"]}}],"collection":[{"href":"https:\/\/centroalum.com\/ca\/wp-json\/wp\/v2\/pages"}],"about":[{"href":"https:\/\/centroalum.com\/ca\/wp-json\/wp\/v2\/types\/page"}],"author":[{"embeddable":true,"href":"https:\/\/centroalum.com\/ca\/wp-json\/wp\/v2\/users\/10"}],"replies":[{"embeddable":true,"href":"https:\/\/centroalum.com\/ca\/wp-json\/wp\/v2\/comments?post=218371"}],"version-history":[{"count":1,"href":"https:\/\/centroalum.com\/ca\/wp-json\/wp\/v2\/pages\/218371\/revisions"}],"predecessor-version":[{"id":226687,"href":"https:\/\/centroalum.com\/ca\/wp-json\/wp\/v2\/pages\/218371\/revisions\/226687"}],"wp:attachment":[{"href":"https:\/\/centroalum.com\/ca\/wp-json\/wp\/v2\/media?parent=218371"}],"curies":[{"name":"wp","href":"https:\/\/api.w.org\/{rel}","templated":true}]}}