{"id":218383,"date":"2020-08-19T07:03:01","date_gmt":"2020-08-19T07:03:01","guid":{"rendered":"http:\/\/centroalum.vl23196.dinaserver.com\/productes-particular-altres-productes\/"},"modified":"2020-08-19T07:03:01","modified_gmt":"2020-08-19T07:03:01","slug":"productes-particular-altres-productes","status":"publish","type":"page","link":"https:\/\/centroalum.com\/ca\/productes-particular-altres-productes\/","title":{"rendered":"Productes Particular &#8211; Altres Productes"},"content":{"rendered":"<p>[et_pb_section fb_built=&#8221;1&#8243; _builder_version=&#8221;3.19.12&#8243; custom_margin=&#8221;0px||&#8221; custom_padding=&#8221;20px||10px&#8221; saved_tabs=&#8221;all&#8221;][et_pb_row _builder_version=&#8221;3.19.12&#8243;][et_pb_column type=&#8221;4_4&#8243; _builder_version=&#8221;3.19.12&#8243;][et_pb_text _builder_version=&#8221;3.21&#8243; custom_margin=&#8221;||0px&#8221;]<\/p>\n<h1>Altres <strong>Productes<\/strong><\/h1>\n<p>[\/et_pb_text][et_pb_divider divider_weight=&#8221;2px&#8221; height=&#8221;0px&#8221; _builder_version=&#8221;3.19.12&#8243; max_width=&#8221;3%&#8221; custom_margin=&#8221;0px||0px&#8221; custom_padding=&#8221;0px||0px&#8221;][\/et_pb_divider][\/et_pb_column][\/et_pb_row][\/et_pb_section][et_pb_section fb_built=&#8221;1&#8243; admin_label=&#8221;About Me&#8221; _builder_version=&#8221;3.21&#8243; custom_padding=&#8221;0px||||false|false&#8221;][et_pb_row use_custom_gutter=&#8221;on&#8221; gutter_width=&#8221;2&#8243; custom_padding=&#8221;0|0px|0px|0px|false|false&#8221; make_equal=&#8221;on&#8221; background_color_1=&#8221;rgba(233,209,129,0.52)&#8221; background_color_2=&#8221;#e8d499&#8243; background_color_3=&#8221;rgba(232,166,0,0.16)&#8221; padding_top_bottom_link_1=&#8221;false&#8221; padding_top_bottom_link_2=&#8221;false&#8221; padding_top_bottom_link_3=&#8221;false&#8221; padding_left_right_link_1=&#8221;true&#8221; padding_left_right_link_2=&#8221;true&#8221; padding_left_right_link_3=&#8221;true&#8221; padding_top_1=&#8221;60px&#8221; padding_top_2=&#8221;60px&#8221; padding_top_3=&#8221;60px&#8221; padding_right_1=&#8221;4%&#8221; padding_right_2=&#8221;4%&#8221; padding_right_3=&#8221;4%&#8221; padding_bottom_1=&#8221;0px&#8221; padding_bottom_2=&#8221;0px&#8221; padding_bottom_3=&#8221;0px&#8221; padding_left_1=&#8221;4%&#8221; padding_left_2=&#8221;4%&#8221; padding_left_3=&#8221;4%&#8221; padding_1_tablet=&#8221;|10%||10%||true&#8221; padding_2_tablet=&#8221;|10%||10%||true&#8221; padding_3_tablet=&#8221;|10%||10%||true&#8221; padding_1_last_edited=&#8221;on|tablet&#8221; padding_2_last_edited=&#8221;on|tablet&#8221; padding_3_last_edited=&#8221;on|tablet&#8221; _builder_version=&#8221;3.21&#8243;][et_pb_column type=&#8221;1_3&#8243; _builder_version=&#8221;3.10&#8243;][et_pb_text _builder_version=&#8221;3.21&#8243; header_font=&#8221;||||||||&#8221; header_2_font=&#8221;||||||||&#8221; header_2_line_height=&#8221;1.6em&#8221;]<\/p>\n<h3 style=\"text-align: left;\">Persianes <strong>mallorquines<\/strong><\/h3>\n<p>[\/et_pb_text][\/et_pb_column][et_pb_column type=&#8221;1_3&#8243; _builder_version=&#8221;3.10&#8243;][et_pb_text _builder_version=&#8221;3.21&#8243; text_font=&#8221;||||||||&#8221; text_line_height_last_edited=&#8221;off|desktop&#8221; header_font=&#8221;||||||||&#8221; header_line_height=&#8221;1.5em&#8221; header_2_font=&#8221;||||||||&#8221; header_2_line_height=&#8221;1.6em&#8221;]<\/p>\n<h3 style=\"text-align: left;\"><strong>Barana<\/strong><\/h3>\n<p>[\/et_pb_text][\/et_pb_column][et_pb_column type=&#8221;1_3&#8243; _builder_version=&#8221;3.10&#8243;][et_pb_text _builder_version=&#8221;3.21&#8243; header_font=&#8221;||||||||&#8221; header_2_font=&#8221;||||||||&#8221; header_2_line_height=&#8221;1.6em&#8221;]<\/p>\n<h3 style=\"text-align: left;\">Mur <strong>cortina i claraboies<\/strong><\/h3>\n<p>[\/et_pb_text][\/et_pb_column][\/et_pb_row][et_pb_row use_custom_gutter=&#8221;on&#8221; gutter_width=&#8221;2&#8243; custom_padding=&#8221;0|0px|0px|0px|false|false&#8221; make_equal=&#8221;on&#8221; background_color_1=&#8221;rgba(233,209,129,0.52)&#8221; background_color_2=&#8221;#e8d499&#8243; background_color_3=&#8221;rgba(232,166,0,0.16)&#8221; padding_top_bottom_link_1=&#8221;false&#8221; padding_top_bottom_link_2=&#8221;true&#8221; padding_top_bottom_link_3=&#8221;true&#8221; padding_left_right_link_1=&#8221;true&#8221; padding_left_right_link_2=&#8221;true&#8221; padding_left_right_link_3=&#8221;true&#8221; padding_top_1=&#8221;20px&#8221; padding_top_2=&#8221;20px&#8221; padding_top_3=&#8221;20px&#8221; padding_right_1=&#8221;4%&#8221; padding_right_2=&#8221;4%&#8221; padding_right_3=&#8221;4%&#8221; padding_bottom_1=&#8221;60px&#8221; padding_bottom_2=&#8221;20px&#8221; padding_bottom_3=&#8221;20px&#8221; padding_left_1=&#8221;4%&#8221; padding_left_2=&#8221;4%&#8221; padding_left_3=&#8221;4%&#8221; padding_1_tablet=&#8221;|10%||10%||true&#8221; padding_2_tablet=&#8221;|10%||10%||true&#8221; padding_3_tablet=&#8221;|10%||10%||true&#8221; padding_1_last_edited=&#8221;on|tablet&#8221; padding_2_last_edited=&#8221;on|tablet&#8221; padding_3_last_edited=&#8221;on|tablet&#8221; _builder_version=&#8221;3.21&#8243;][et_pb_column type=&#8221;1_3&#8243; _builder_version=&#8221;3.10&#8243;][et_pb_image src=&#8221;https:\/\/centroalum.com\/wp-content\/uploads\/2019\/03\/Persianas-mallorquinas.jpg&#8221; align=&#8221;center&#8221; _builder_version=&#8221;3.21&#8243; custom_margin=&#8221;||20px|&#8221; animation_style=&#8221;fade&#8221;][\/et_pb_image][et_pb_cta button_url=&#8221;#&#8221; button_text=&#8221;Veure m\u00e9s&#8221; _builder_version=&#8221;3.21&#8243; header_font=&#8221;Montserrat|600|||||||&#8221; header_line_height=&#8221;1.5em&#8221; body_font=&#8221;||||||||&#8221; body_font_size=&#8221;15px&#8221; body_line_height=&#8221;2em&#8221; use_background_color=&#8221;off&#8221; background_layout=&#8221;light&#8221; button_letter_spacing_hover=&#8221;2px&#8221; button_text_size__hover_enabled=&#8221;off&#8221; button_one_text_size__hover_enabled=&#8221;off&#8221; button_two_text_size__hover_enabled=&#8221;off&#8221; button_text_color__hover_enabled=&#8221;off&#8221; button_one_text_color__hover_enabled=&#8221;off&#8221; button_two_text_color__hover_enabled=&#8221;off&#8221; button_border_width__hover_enabled=&#8221;off&#8221; button_one_border_width__hover_enabled=&#8221;off&#8221; button_two_border_width__hover_enabled=&#8221;off&#8221; button_border_color__hover_enabled=&#8221;off&#8221; button_one_border_color__hover_enabled=&#8221;off&#8221; button_two_border_color__hover_enabled=&#8221;off&#8221; button_border_radius__hover_enabled=&#8221;off&#8221; button_one_border_radius__hover_enabled=&#8221;off&#8221; button_two_border_radius__hover_enabled=&#8221;off&#8221; button_letter_spacing__hover_enabled=&#8221;on&#8221; button_letter_spacing__hover=&#8221;2px&#8221; button_one_letter_spacing__hover_enabled=&#8221;off&#8221; button_two_letter_spacing__hover_enabled=&#8221;off&#8221; button_bg_color__hover_enabled=&#8221;off&#8221; button_one_bg_color__hover_enabled=&#8221;off&#8221; button_two_bg_color__hover_enabled=&#8221;off&#8221;]<\/p>\n<p style=\"text-align: left;\">Protecci\u00f3 solar garantida.<\/p>\n<p style=\"text-align: left;\">\n<p>[\/et_pb_cta][\/et_pb_column][et_pb_column type=&#8221;1_3&#8243; _builder_version=&#8221;3.10&#8243;][et_pb_image src=&#8221;https:\/\/centroalum.com\/wp-content\/uploads\/2019\/03\/barandilla.jpg&#8221; align=&#8221;center&#8221; _builder_version=&#8221;3.21&#8243; custom_margin=&#8221;||20px|&#8221; animation_style=&#8221;fade&#8221;][\/et_pb_image][et_pb_cta button_url=&#8221;\/?product_cat=otros\/barandillas&#8221; button_text=&#8221;Veure m\u00e9s&#8221; _builder_version=&#8221;3.21&#8243; header_font=&#8221;Montserrat|600|||||||&#8221; header_line_height=&#8221;1.5em&#8221; body_font=&#8221;||||||||&#8221; body_text_color=&#8221;#041e1e&#8221; body_font_size=&#8221;15px&#8221; body_line_height=&#8221;2em&#8221; use_background_color=&#8221;off&#8221; button_letter_spacing_hover=&#8221;2px&#8221; locked=&#8221;off&#8221; button_text_size__hover_enabled=&#8221;off&#8221; button_one_text_size__hover_enabled=&#8221;off&#8221; button_two_text_size__hover_enabled=&#8221;off&#8221; button_text_color__hover_enabled=&#8221;off&#8221; button_one_text_color__hover_enabled=&#8221;off&#8221; button_two_text_color__hover_enabled=&#8221;off&#8221; button_border_width__hover_enabled=&#8221;off&#8221; button_one_border_width__hover_enabled=&#8221;off&#8221; button_two_border_width__hover_enabled=&#8221;off&#8221; button_border_color__hover_enabled=&#8221;off&#8221; button_one_border_color__hover_enabled=&#8221;off&#8221; button_two_border_color__hover_enabled=&#8221;off&#8221; button_border_radius__hover_enabled=&#8221;off&#8221; button_one_border_radius__hover_enabled=&#8221;off&#8221; button_two_border_radius__hover_enabled=&#8221;off&#8221; button_letter_spacing__hover_enabled=&#8221;on&#8221; button_letter_spacing__hover=&#8221;2px&#8221; button_one_letter_spacing__hover_enabled=&#8221;off&#8221; button_two_letter_spacing__hover_enabled=&#8221;off&#8221; button_bg_color__hover_enabled=&#8221;off&#8221; button_one_bg_color__hover_enabled=&#8221;off&#8221; button_two_bg_color__hover_enabled=&#8221;off&#8221;]<\/p>\n<p style=\"text-align: left;\">Sistemes de baranes amb l\u00ednies actuals, m\u00faltiples combinacions, disseny minimalista i m\u00e0xima seguretat.<\/p>\n<p>[\/et_pb_cta][\/et_pb_column][et_pb_column type=&#8221;1_3&#8243; _builder_version=&#8221;3.10&#8243;][et_pb_image src=&#8221;https:\/\/centroalum.com\/wp-content\/uploads\/2019\/03\/Muro-cortina-y-lucernarios.jpg&#8221; align=&#8221;center&#8221; _builder_version=&#8221;3.21&#8243; custom_margin=&#8221;||20px|&#8221; animation_style=&#8221;fade&#8221;][\/et_pb_image][et_pb_cta button_url=&#8221;#&#8221; button_text=&#8221;Veure m\u00e9s&#8221; _builder_version=&#8221;3.21&#8243; header_font=&#8221;Montserrat|600|||||||&#8221; header_line_height=&#8221;1.5em&#8221; body_font=&#8221;||||||||&#8221; body_font_size=&#8221;15px&#8221; body_line_height=&#8221;2em&#8221; use_background_color=&#8221;off&#8221; background_layout=&#8221;light&#8221; button_letter_spacing_hover=&#8221;2px&#8221; locked=&#8221;off&#8221; button_text_size__hover_enabled=&#8221;off&#8221; button_one_text_size__hover_enabled=&#8221;off&#8221; button_two_text_size__hover_enabled=&#8221;off&#8221; button_text_color__hover_enabled=&#8221;off&#8221; button_one_text_color__hover_enabled=&#8221;off&#8221; button_two_text_color__hover_enabled=&#8221;off&#8221; button_border_width__hover_enabled=&#8221;off&#8221; button_one_border_width__hover_enabled=&#8221;off&#8221; button_two_border_width__hover_enabled=&#8221;off&#8221; button_border_color__hover_enabled=&#8221;off&#8221; button_one_border_color__hover_enabled=&#8221;off&#8221; button_two_border_color__hover_enabled=&#8221;off&#8221; button_border_radius__hover_enabled=&#8221;off&#8221; button_one_border_radius__hover_enabled=&#8221;off&#8221; button_two_border_radius__hover_enabled=&#8221;off&#8221; button_letter_spacing__hover_enabled=&#8221;on&#8221; button_letter_spacing__hover=&#8221;2px&#8221; button_one_letter_spacing__hover_enabled=&#8221;off&#8221; button_two_letter_spacing__hover_enabled=&#8221;off&#8221; button_bg_color__hover_enabled=&#8221;off&#8221; button_one_bg_color__hover_enabled=&#8221;off&#8221; button_two_bg_color__hover_enabled=&#8221;off&#8221;]<\/p>\n<p style=\"text-align: left;\">Dissenys arquitect\u00f2nics eficients per a fa\u00e7anes lleugeres i claraboies.<\/p>\n<p style=\"text-align: left;\">\n<p>[\/et_pb_cta][\/et_pb_column][\/et_pb_row][\/et_pb_section][et_pb_section fb_built=&#8221;1&#8243; admin_label=&#8221;About Me&#8221; _builder_version=&#8221;3.21&#8243; custom_padding=&#8221;0px||||false|false&#8221;][et_pb_row use_custom_gutter=&#8221;on&#8221; gutter_width=&#8221;2&#8243; custom_padding=&#8221;0|0px|0px|0px|false|false&#8221; make_equal=&#8221;on&#8221; background_color_1=&#8221;rgba(233,209,129,0.52)&#8221; background_color_2=&#8221;#e8d499&#8243; padding_top_bottom_link_1=&#8221;false&#8221; padding_top_bottom_link_2=&#8221;false&#8221; padding_top_bottom_link_3=&#8221;false&#8221; padding_left_right_link_1=&#8221;true&#8221; padding_left_right_link_2=&#8221;true&#8221; padding_left_right_link_3=&#8221;true&#8221; padding_top_1=&#8221;60px&#8221; padding_top_2=&#8221;60px&#8221; padding_top_3=&#8221;60px&#8221; padding_right_1=&#8221;4%&#8221; padding_right_2=&#8221;4%&#8221; padding_right_3=&#8221;4%&#8221; padding_bottom_1=&#8221;0px&#8221; padding_bottom_2=&#8221;0px&#8221; padding_bottom_3=&#8221;0px&#8221; padding_left_1=&#8221;4%&#8221; padding_left_2=&#8221;4%&#8221; padding_left_3=&#8221;4%&#8221; padding_1_tablet=&#8221;|10%||10%||true&#8221; padding_2_tablet=&#8221;|10%||10%||true&#8221; padding_3_tablet=&#8221;|10%||10%||true&#8221; padding_1_last_edited=&#8221;on|tablet&#8221; padding_2_last_edited=&#8221;on|tablet&#8221; padding_3_last_edited=&#8221;on|tablet&#8221; _builder_version=&#8221;3.21&#8243;][et_pb_column type=&#8221;1_3&#8243; _builder_version=&#8221;3.10&#8243;][et_pb_text _builder_version=&#8221;3.21&#8243; header_font=&#8221;||||||||&#8221; header_2_font=&#8221;||||||||&#8221; header_2_line_height=&#8221;1.6em&#8221;]<\/p>\n<h3 style=\"text-align: left;\">Panell <strong>composite<\/strong><\/h3>\n<p>[\/et_pb_text][\/et_pb_column][et_pb_column type=&#8221;1_3&#8243; _builder_version=&#8221;3.10&#8243;][et_pb_text _builder_version=&#8221;3.21&#8243; text_font=&#8221;||||||||&#8221; text_line_height_last_edited=&#8221;off|desktop&#8221; header_font=&#8221;||||||||&#8221; header_line_height=&#8221;1.5em&#8221; header_2_font=&#8221;||||||||&#8221; header_2_line_height=&#8221;1.6em&#8221;]<\/p>\n<h3 style=\"text-align: left;\">Protecci\u00f3 <strong>solar<\/strong><\/h3>\n<p>[\/et_pb_text][\/et_pb_column][et_pb_column type=&#8221;1_3&#8243; _builder_version=&#8221;3.10&#8243;][\/et_pb_column][\/et_pb_row][et_pb_row use_custom_gutter=&#8221;on&#8221; gutter_width=&#8221;2&#8243; custom_padding=&#8221;0|0px|0px|0px|false|false&#8221; make_equal=&#8221;on&#8221; background_color_1=&#8221;rgba(233,209,129,0.52)&#8221; background_color_2=&#8221;#e8d499&#8243; padding_top_bottom_link_1=&#8221;false&#8221; padding_top_bottom_link_2=&#8221;true&#8221; padding_top_bottom_link_3=&#8221;true&#8221; padding_left_right_link_1=&#8221;true&#8221; padding_left_right_link_2=&#8221;true&#8221; padding_left_right_link_3=&#8221;true&#8221; padding_top_1=&#8221;20px&#8221; padding_top_2=&#8221;20px&#8221; padding_top_3=&#8221;20px&#8221; padding_right_1=&#8221;4%&#8221; padding_right_2=&#8221;4%&#8221; padding_right_3=&#8221;4%&#8221; padding_bottom_1=&#8221;60px&#8221; padding_bottom_2=&#8221;20px&#8221; padding_bottom_3=&#8221;20px&#8221; padding_left_1=&#8221;4%&#8221; padding_left_2=&#8221;4%&#8221; padding_left_3=&#8221;4%&#8221; padding_1_tablet=&#8221;|10%||10%||true&#8221; padding_2_tablet=&#8221;|10%||10%||true&#8221; padding_3_tablet=&#8221;|10%||10%||true&#8221; padding_1_last_edited=&#8221;on|tablet&#8221; padding_2_last_edited=&#8221;on|tablet&#8221; padding_3_last_edited=&#8221;on|tablet&#8221; _builder_version=&#8221;3.21&#8243;][et_pb_column type=&#8221;1_3&#8243; _builder_version=&#8221;3.10&#8243;][et_pb_image src=&#8221;https:\/\/centroalum.com\/wp-content\/uploads\/2019\/03\/Panel-composite.jpg&#8221; align=&#8221;center&#8221; _builder_version=&#8221;3.21&#8243; custom_margin=&#8221;||20px|&#8221; animation_style=&#8221;fade&#8221;][\/et_pb_image][et_pb_cta button_url=&#8221;\/?product_cat=otros\/panel-composite&#8221; button_text=&#8221;Veure m\u00e9s&#8221; _builder_version=&#8221;3.21&#8243; header_font=&#8221;Montserrat|600|||||||&#8221; header_line_height=&#8221;1.5em&#8221; body_font=&#8221;||||||||&#8221; body_font_size=&#8221;15px&#8221; body_line_height=&#8221;2em&#8221; use_background_color=&#8221;off&#8221; background_layout=&#8221;light&#8221; button_letter_spacing_hover=&#8221;2px&#8221; button_text_size__hover_enabled=&#8221;off&#8221; button_one_text_size__hover_enabled=&#8221;off&#8221; button_two_text_size__hover_enabled=&#8221;off&#8221; button_text_color__hover_enabled=&#8221;off&#8221; button_one_text_color__hover_enabled=&#8221;off&#8221; button_two_text_color__hover_enabled=&#8221;off&#8221; button_border_width__hover_enabled=&#8221;off&#8221; button_one_border_width__hover_enabled=&#8221;off&#8221; button_two_border_width__hover_enabled=&#8221;off&#8221; button_border_color__hover_enabled=&#8221;off&#8221; button_one_border_color__hover_enabled=&#8221;off&#8221; button_two_border_color__hover_enabled=&#8221;off&#8221; button_border_radius__hover_enabled=&#8221;off&#8221; button_one_border_radius__hover_enabled=&#8221;off&#8221; button_two_border_radius__hover_enabled=&#8221;off&#8221; button_letter_spacing__hover_enabled=&#8221;on&#8221; button_letter_spacing__hover=&#8221;2px&#8221; button_one_letter_spacing__hover_enabled=&#8221;off&#8221; button_two_letter_spacing__hover_enabled=&#8221;off&#8221; button_bg_color__hover_enabled=&#8221;off&#8221; button_one_bg_color__hover_enabled=&#8221;off&#8221; button_two_bg_color__hover_enabled=&#8221;off&#8221;]<\/p>\n<p style=\"text-align: left;\">Dissenys i solucions adaptades per a regular les necessitats lum\u00edniques de cada llar.<\/p>\n<p>[\/et_pb_cta][\/et_pb_column][et_pb_column type=&#8221;1_3&#8243; _builder_version=&#8221;3.10&#8243;][et_pb_image src=&#8221;https:\/\/centroalum.com\/wp-content\/uploads\/2019\/03\/protecion.jpg&#8221; align=&#8221;center&#8221; _builder_version=&#8221;3.21&#8243; custom_margin=&#8221;||20px|&#8221; animation_style=&#8221;fade&#8221;][\/et_pb_image][et_pb_cta button_url=&#8221;\/?product_cat=otros\/proteccion-solar&#8221; button_text=&#8221;Veure m\u00e9s&#8221; _builder_version=&#8221;3.21&#8243; header_font=&#8221;Montserrat|600|||||||&#8221; header_line_height=&#8221;1.5em&#8221; body_font=&#8221;||||||||&#8221; body_text_color=&#8221;#041e1e&#8221; body_font_size=&#8221;15px&#8221; body_line_height=&#8221;2em&#8221; use_background_color=&#8221;off&#8221; button_letter_spacing_hover=&#8221;2px&#8221; locked=&#8221;off&#8221; button_text_size__hover_enabled=&#8221;off&#8221; button_one_text_size__hover_enabled=&#8221;off&#8221; button_two_text_size__hover_enabled=&#8221;off&#8221; button_text_color__hover_enabled=&#8221;off&#8221; button_one_text_color__hover_enabled=&#8221;off&#8221; button_two_text_color__hover_enabled=&#8221;off&#8221; button_border_width__hover_enabled=&#8221;off&#8221; button_one_border_width__hover_enabled=&#8221;off&#8221; button_two_border_width__hover_enabled=&#8221;off&#8221; button_border_color__hover_enabled=&#8221;off&#8221; button_one_border_color__hover_enabled=&#8221;off&#8221; button_two_border_color__hover_enabled=&#8221;off&#8221; button_border_radius__hover_enabled=&#8221;off&#8221; button_one_border_radius__hover_enabled=&#8221;off&#8221; button_two_border_radius__hover_enabled=&#8221;off&#8221; button_letter_spacing__hover_enabled=&#8221;on&#8221; button_letter_spacing__hover=&#8221;2px&#8221; button_one_letter_spacing__hover_enabled=&#8221;off&#8221; button_two_letter_spacing__hover_enabled=&#8221;off&#8221; button_bg_color__hover_enabled=&#8221;off&#8221; button_one_bg_color__hover_enabled=&#8221;off&#8221; button_two_bg_color__hover_enabled=&#8221;off&#8221;]<\/p>\n<p style=\"text-align: left;\">Soluci\u00f3 constructiva per a la renovaci\u00f3 d&#8217;edificis i obres noves.<\/p>\n<p>[\/et_pb_cta][\/et_pb_column][et_pb_column type=&#8221;1_3&#8243; _builder_version=&#8221;3.10&#8243;][\/et_pb_column][\/et_pb_row][\/et_pb_section]<\/p>\n","protected":false},"excerpt":{"rendered":"<p>Altres ProductesPersianes mallorquinesBaranaMur cortina i claraboiesProtecci\u00f3 solar garantida. Sistemes de baranes amb l\u00ednies actuals, m\u00faltiples combinacions, disseny minimalista i m\u00e0xima seguretat.Dissenys arquitect\u00f2nics eficients per a fa\u00e7anes lleugeres i claraboies. Panell compositeProtecci\u00f3 solarDissenys i solucions adaptades per a regular les necessitats lum\u00edniques de cada llar.Soluci\u00f3 constructiva per a la renovaci\u00f3 d&#8217;edificis i obres noves.<\/p>\n","protected":false},"author":10,"featured_media":0,"parent":0,"menu_order":0,"comment_status":"closed","ping_status":"closed","template":"page_particular.php","meta":{"_et_pb_use_builder":"on","_et_pb_old_content":"","_et_gb_content_width":"","inline_featured_image":false,"footnotes":""},"class_list":["post-218383","page","type-page","status-publish","hentry"],"_links":{"self":[{"href":"https:\/\/centroalum.com\/ca\/wp-json\/wp\/v2\/pages\/218383","targetHints":{"allow":["GET"]}}],"collection":[{"href":"https:\/\/centroalum.com\/ca\/wp-json\/wp\/v2\/pages"}],"about":[{"href":"https:\/\/centroalum.com\/ca\/wp-json\/wp\/v2\/types\/page"}],"author":[{"embeddable":true,"href":"https:\/\/centroalum.com\/ca\/wp-json\/wp\/v2\/users\/10"}],"replies":[{"embeddable":true,"href":"https:\/\/centroalum.com\/ca\/wp-json\/wp\/v2\/comments?post=218383"}],"version-history":[{"count":0,"href":"https:\/\/centroalum.com\/ca\/wp-json\/wp\/v2\/pages\/218383\/revisions"}],"wp:attachment":[{"href":"https:\/\/centroalum.com\/ca\/wp-json\/wp\/v2\/media?parent=218383"}],"curies":[{"name":"wp","href":"https:\/\/api.w.org\/{rel}","templated":true}]}}