{"id":218392,"date":"2020-08-19T07:24:48","date_gmt":"2020-08-19T07:24:48","guid":{"rendered":"http:\/\/centroalum.vl23196.dinaserver.com\/mes-de-centrealum-particulars\/"},"modified":"2021-09-01T09:19:30","modified_gmt":"2021-09-01T09:19:30","slug":"mes-de-centrealum-particulars","status":"publish","type":"page","link":"https:\/\/centroalum.com\/ca\/mes-de-centrealum-particulars\/","title":{"rendered":"M\u00e9s de Centrealum Particulars"},"content":{"rendered":"<p>[et_pb_section fb_built=&#8221;1&#8243; _builder_version=&#8221;3.22&#8243; custom_margin=&#8221;0px||&#8221; custom_padding=&#8221;20px||10px&#8221; saved_tabs=&#8221;all&#8221;][et_pb_row _builder_version=&#8221;4.0.9&#8243; custom_margin=&#8221;|auto|28px|auto|false|false&#8221;][et_pb_column type=&#8221;4_4&#8243; _builder_version=&#8221;3.25&#8243; custom_padding=&#8221;|||&#8221; custom_padding__hover=&#8221;|||&#8221;][et_pb_text _builder_version=&#8221;4.0.9&#8243; custom_margin=&#8221;||0px&#8221;]<\/p>\n<h1><strong>Solucions integrals en portes i finestres d&#8217;alumini<\/strong><\/h1>\n<p>[\/et_pb_text][et_pb_text _builder_version=&#8221;4.0.9&#8243; header_2_text_color=&#8221;#9b9b9b&#8221; header_2_font_size=&#8221;22px&#8221; custom_margin=&#8221;||0px&#8221;]<\/p>\n<h2>Confort, estalvi, efici\u00e8ncia i seguretat per a les teves portes i finestres d&#8217;alumini<\/h2>\n<p>[\/et_pb_text][et_pb_divider divider_weight=&#8221;2px&#8221; _builder_version=&#8221;3.19.12&#8243; max_width=&#8221;3%&#8221; height=&#8221;0px&#8221; custom_margin=&#8221;0px||0px&#8221; custom_padding=&#8221;0px||0px&#8221;][\/et_pb_divider][\/et_pb_column][\/et_pb_row][et_pb_row _builder_version=&#8221;4.0.9&#8243; custom_padding=&#8221;3px||3px|||&#8221;][et_pb_column type=&#8221;4_4&#8243; _builder_version=&#8221;4.0.9&#8243;][\/et_pb_column][\/et_pb_row][\/et_pb_section][et_pb_section fb_built=&#8221;1&#8243; _builder_version=&#8221;3.22&#8243; custom_margin=&#8221;1px|||||&#8221; custom_padding=&#8221;0px||10px&#8221;][et_pb_row _builder_version=&#8221;4.0.9&#8243; custom_padding=&#8221;0px||||false|false&#8221;][et_pb_column type=&#8221;4_4&#8243; _builder_version=&#8221;3.25&#8243; custom_padding=&#8221;|||&#8221; custom_padding__hover=&#8221;|||&#8221;][et_pb_text _builder_version=&#8221;3.27.4&#8243; custom_margin=&#8221;3px||20px|||&#8221; custom_padding=&#8221;||0px&#8221;]<\/p>\n<h3>Qualitat i <strong>garantia<\/strong><\/h3>\n<p>[\/et_pb_text][et_pb_text _builder_version=&#8221;4.0.9&#8243; custom_margin=&#8221;0px||&#8221; custom_padding=&#8221;0px||&#8221;]El servei al client \u00e9s un dels nostres estendards. Ens avancem als nous temps per a oferir-te <strong>solucions integrals i a mesura<\/strong>, que s&#8217;adapten a les teves necessitats.<\/p>\n<p>Dissenyem i distribu\u00efm <strong>sistemes de tancaments d&#8217;alumini<\/strong> en col\u00b7laboraci\u00f3 amb els prove\u00efdors m\u00e9s avantguardistes del mercat. Productes d&#8217;una qualitat garantida, per a oferir-te els millors resultats en <strong>confort, estalvi, efici\u00e8ncia i seguretat<\/strong>.[\/et_pb_text][\/et_pb_column][\/et_pb_row][\/et_pb_section][et_pb_section fb_built=&#8221;1&#8243; prev_background_color=&#8221;#ffffff&#8221; _builder_version=&#8221;4.8.1&#8243; background_color=&#8221;#e59d06&#8243; custom_margin=&#8221;0px||0px&#8221; custom_padding=&#8221;30px||30px||true|false&#8221; top_divider_style=&#8221;arrow3&#8243; top_divider_height=&#8221;25px&#8221; bottom_divider_height=&#8221;0px&#8221; bottom_divider_flip=&#8221;vertical|horizontal&#8221; hover_enabled=&#8221;0&#8243; sticky_enabled=&#8221;0&#8243;][et_pb_row column_structure=&#8221;3_5,2_5&#8243; _builder_version=&#8221;3.25&#8243; custom_padding=&#8221;||0px&#8221;][et_pb_column type=&#8221;3_5&#8243; _builder_version=&#8221;3.25&#8243; custom_padding=&#8221;|||&#8221; custom_padding__hover=&#8221;|||&#8221;][et_pb_text _builder_version=&#8221;3.27.4&#8243; header_font=&#8221;||||||||&#8221; header_3_font=&#8221;||||||||&#8221; header_3_font_size=&#8221;18px&#8221; header_3_line_height=&#8221;22px&#8221; custom_padding=&#8221;0px||0px||true&#8221; custom_css_main_element=&#8221;font-size: 20px;||line-height: 24px;&#8221;]<\/p>\n<h3>SOL\u00b7LICITA&#8217;NS M\u00c9S INFORMACI\u00d3 SOBRE ELS NOSTRES TANCAMENTS D&#8217;ALUMINI<\/h3>\n<p>[\/et_pb_text][\/et_pb_column][et_pb_column type=&#8221;2_5&#8243; _builder_version=&#8221;3.25&#8243; custom_padding=&#8221;|||&#8221; custom_padding__hover=&#8221;|||&#8221;][et_pb_button button_url=&#8221;\/?page_id=618&#8243; button_text=&#8221;VULL CONTACTAR&#8221; _builder_version=&#8221;4.0.9&#8243; custom_css_main_element=&#8221;font-size: 18px;&#8221;][\/et_pb_button][\/et_pb_column][\/et_pb_row][\/et_pb_section][et_pb_section fb_built=&#8221;1&#8243; prev_background_color=&#8221;#e59d06&#8243; _builder_version=&#8221;3.22&#8243; custom_margin=&#8221;0px||&#8221; custom_padding=&#8221;50px||54px||false|false&#8221; top_divider_style=&#8221;arrow3&#8243; top_divider_height=&#8221;25px&#8221; bottom_divider_height=&#8221;15px&#8221; bottom_divider_flip=&#8221;vertical&#8221;][et_pb_row column_structure=&#8221;3_4,1_4&#8243; _builder_version=&#8221;3.25&#8243;][et_pb_column type=&#8221;3_4&#8243; _builder_version=&#8221;3.25&#8243; custom_padding=&#8221;|||&#8221; custom_padding__hover=&#8221;|||&#8221;][et_pb_text _builder_version=&#8221;3.27.4&#8243; custom_margin=&#8221;||20px&#8221; custom_padding=&#8221;||0px&#8221;]<\/p>\n<h3>Efici\u00e8ncia <strong>energ\u00e8tica<\/strong><\/h3>\n<p>[\/et_pb_text][et_pb_text _builder_version=&#8221;3.29.3&#8243; custom_margin=&#8221;0px||&#8221; custom_padding=&#8221;0px||&#8221;]<\/p>\n<h5><strong>Portes i finestres d&#8217;alumini per a la sostenibilitat<\/strong><\/h5>\n<p>En\u00a0centroalum\u00a0ens unim al <strong>foment de l&#8217;efici\u00e8ncia energ\u00e8tica<\/strong> a trav\u00e9s del desenvolupament d&#8217;<strong>innovadors sistemes<\/strong>\u00a0que garanteixen el confort i el benestar de l&#8217;usuari, al mateix temps que <strong>respecten i cuiden el medi ambient<\/strong>.<\/p>\n<p>Gr\u00e0cies a les noves tecnologies obtenim perfils d&#8217;<strong>alumini<\/strong> m\u00e9s complexos que aconsegueixen nivells superiors en mat\u00e8ria d&#8217;<strong>a\u00efllament, seguretat i hermeticitat, garantint un major estalvi energ\u00e8tic<\/strong>.<\/p>\n<p>D&#8217;aquesta manera, ens unim als <strong>nous est\u00e0ndards<\/strong> per a la construcci\u00f3 d&#8217;edificis de consum gaireb\u00e9 nul i cases passives o\u00a0Passivhaus; a trav\u00e9s de <strong>sistemes eficients de portes i finestres d&#8217;alumini<\/strong>.[\/et_pb_text][\/et_pb_column][et_pb_column type=&#8221;1_4&#8243; _builder_version=&#8221;3.25&#8243; custom_padding=&#8221;|||&#8221; custom_padding__hover=&#8221;|||&#8221;][et_pb_image src=&#8221;https:\/\/centroalum.com\/wp-content\/uploads\/2019\/03\/eficiencia-energetica-.jpg&#8221; align_tablet=&#8221;center&#8221; align_phone=&#8221;&#8221; align_last_edited=&#8221;on|desktop&#8221; _builder_version=&#8221;3.23&#8243; custom_padding=&#8221;20%||20%||true&#8221;][\/et_pb_image][\/et_pb_column][\/et_pb_row][\/et_pb_section][et_pb_section fb_built=&#8221;1&#8243; prev_background_color=&#8221;#ffffff&#8221; _builder_version=&#8221;4.8.1&#8243; background_color=&#8221;#e59d06&#8243; custom_margin=&#8221;0px||0px&#8221; custom_padding=&#8221;30px||30px||true|false&#8221; top_divider_style=&#8221;arrow3&#8243; top_divider_height=&#8221;25px&#8221; hover_enabled=&#8221;0&#8243; sticky_enabled=&#8221;0&#8243;][et_pb_row column_structure=&#8221;3_5,2_5&#8243; _builder_version=&#8221;3.25&#8243; custom_padding=&#8221;||0px&#8221;][et_pb_column type=&#8221;3_5&#8243; _builder_version=&#8221;3.25&#8243; custom_padding=&#8221;|||&#8221; custom_padding__hover=&#8221;|||&#8221;][et_pb_text _builder_version=&#8221;3.27.4&#8243; header_font=&#8221;||||||||&#8221; header_3_font=&#8221;||||||||&#8221; header_3_font_size=&#8221;18px&#8221; header_3_line_height=&#8221;22px&#8221; custom_padding=&#8221;0px||0px||true&#8221; custom_css_main_element=&#8221;font-size: 20px;||line-height: 24px;&#8221;]<\/p>\n<h3>DESCOBREIX LES FINESTRES D&#8217;ALUMINI\u00a0PASSIVHAUS\u00a0DE LA S\u00c8RIE\u00a0RENOVA\u00a0PR\u00a0RPT\u00a075 C16<\/h3>\n<p>[\/et_pb_text][\/et_pb_column][et_pb_column type=&#8221;2_5&#8243; _builder_version=&#8221;3.25&#8243; custom_padding=&#8221;|||&#8221; custom_padding__hover=&#8221;|||&#8221;][et_pb_button button_url=&#8221;\/?p=207098&#8243; button_text=&#8221;VEURE FITXA T\u00c8CNICA&#8221; _builder_version=&#8221;3.21&#8243; custom_css_main_element=&#8221;font-size: 18px;&#8221;][\/et_pb_button][\/et_pb_column][\/et_pb_row][\/et_pb_section][et_pb_section fb_built=&#8221;1&#8243; prev_background_color=&#8221;#e59d06&#8243; next_background_color=&#8221;#e59d06&#8243; _builder_version=&#8221;3.22&#8243; custom_margin=&#8221;0px||&#8221; custom_padding=&#8221;50px||||false&#8221; top_divider_style=&#8221;arrow3&#8243; top_divider_height=&#8221;25px&#8221; bottom_divider_style=&#8221;slant2&#8243; bottom_divider_height=&#8221;60px&#8221;][et_pb_row _builder_version=&#8221;3.25&#8243; custom_margin=&#8221;||0px&#8221; custom_padding=&#8221;||0px&#8221;][et_pb_column type=&#8221;4_4&#8243; _builder_version=&#8221;3.25&#8243; custom_padding=&#8221;||0px|&#8221; custom_padding__hover=&#8221;|||&#8221;][et_pb_text _builder_version=&#8221;3.27.4&#8243; custom_margin=&#8221;||20px&#8221; custom_padding=&#8221;||0px&#8221;]<\/p>\n<h3>Seguretat en els <strong>sistemes d&#8217;alumini<\/strong><\/h3>\n<p>[\/et_pb_text][et_pb_text _builder_version=&#8221;3.27.4&#8243; custom_margin=&#8221;0px||&#8221; custom_padding=&#8221;0px||&#8221;][\/et_pb_text][\/et_pb_column][\/et_pb_row][et_pb_row column_structure=&#8221;2_5,3_5&#8243; _builder_version=&#8221;3.25&#8243; custom_margin=&#8221;0px||&#8221; custom_padding=&#8221;0px||50px||false|false&#8221;][et_pb_column type=&#8221;2_5&#8243; _builder_version=&#8221;3.25&#8243; custom_padding=&#8221;0px|||&#8221; custom_padding__hover=&#8221;|||&#8221;][et_pb_image src=&#8221;https:\/\/centroalum.com\/wp-content\/uploads\/2020\/01\/sistema-aluminio.jpg&#8221; align_tablet=&#8221;center&#8221; align_phone=&#8221;&#8221; align_last_edited=&#8221;on|desktop&#8221; _builder_version=&#8221;4.0.9&#8243; custom_margin=&#8221;0px||0px&#8221; custom_padding=&#8221;0px||0px&#8221;][\/et_pb_image][\/et_pb_column][et_pb_column type=&#8221;3_5&#8243; _builder_version=&#8221;3.25&#8243; custom_padding=&#8221;|||&#8221; custom_padding__hover=&#8221;|||&#8221;][et_pb_text _builder_version=&#8221;3.27.4&#8243; custom_margin=&#8221;0px||&#8221; custom_padding=&#8221;0px||&#8221;]<\/p>\n<h5><strong>Els sistemes d&#8217;alumini que asseguren el teu futur<\/strong><\/h5>\n<p>La seguretat dels edificis i de les persones que els habiten \u00e9s una de les nostres metes. Per aix\u00f2, treballem en el desenvolupament de <strong>sistemes de tancaments d&#8217;alumini que garanteixen la seguretat<\/strong> de cada espai.<\/p>\n<p>Una de les principals inquietuds del client a l&#8217;hora de triar un sistema \u00e9s saber el nivell de <strong>protecci\u00f3<\/strong> que pot arribar a oferir-li.<\/p>\n<p>Els nostres tancaments d&#8217;alumini passen <strong>els assajos certificats m\u00e9s exigents<\/strong> en mat\u00e8ria de seguretat. Treballem conjuntament amb les empreses m\u00e9s avantguardistes, en la fabricaci\u00f3 i distribuci\u00f3 de ferratges, amb l&#8217;objectiu de conjuminar els millors materials del mercat i desenvolupar els sistemes de <strong>tancaments d&#8217;alumini amb les millors garanties<\/strong>.[\/et_pb_text][\/et_pb_column][\/et_pb_row][\/et_pb_section][et_pb_section fb_built=&#8221;1&#8243; _builder_version=&#8221;4.8.1&#8243; background_color=&#8221;#e59d06&#8243; custom_margin=&#8221;0px||0px&#8221; custom_padding=&#8221;0px||16px||false|false&#8221; hover_enabled=&#8221;0&#8243; sticky_enabled=&#8221;0&#8243;][et_pb_row column_structure=&#8221;3_5,2_5&#8243; _builder_version=&#8221;3.25&#8243; custom_padding=&#8221;23px||0px||false|false&#8221;][et_pb_column type=&#8221;3_5&#8243; _builder_version=&#8221;3.25&#8243; custom_padding=&#8221;|||&#8221; custom_padding__hover=&#8221;|||&#8221;][et_pb_text _builder_version=&#8221;3.27.4&#8243; header_font=&#8221;||||||||&#8221; header_3_font=&#8221;||||||||&#8221; header_3_font_size=&#8221;18px&#8221; header_3_line_height=&#8221;22px&#8221; custom_padding=&#8221;0px||0px||true&#8221; custom_css_main_element=&#8221;font-size: 20px;||line-height: 24px;&#8221;]<\/p>\n<h3>CONEIX LES FINESTRES PRACTICABLES\u00a0RENOVA\u00a0PR\u00a0RPT\u00a070\u00a0HO\u00a0C16 AMB EL CERTIFICAT RC2 DE SEGURETAT<\/h3>\n<p>[\/et_pb_text][\/et_pb_column][et_pb_column type=&#8221;2_5&#8243; _builder_version=&#8221;3.25&#8243; custom_padding=&#8221;|||&#8221; custom_padding__hover=&#8221;|||&#8221;][et_pb_button button_url=&#8221;\/?p=207104&#8243; button_text=&#8221;VEURE FITXA T\u00c8CNICA&#8221; _builder_version=&#8221;3.21&#8243; custom_css_main_element=&#8221;font-size: 18px;&#8221;][\/et_pb_button][\/et_pb_column][\/et_pb_row][\/et_pb_section]<\/p>\n","protected":false},"excerpt":{"rendered":"<p>Solucions integrals en portes i finestres d&#8217;aluminiConfort, estalvi, efici\u00e8ncia i seguretat per a les teves portes i finestres d&#8217;aluminiQualitat i garantiaEl servei al client \u00e9s un dels nostres estendards. Ens avancem als nous temps per a oferir-te solucions integrals i a mesura, que s&#8217;adapten a les teves necessitats. Dissenyem i distribu\u00efm sistemes de tancaments d&#8217;alumini [&hellip;]<\/p>\n","protected":false},"author":10,"featured_media":0,"parent":0,"menu_order":0,"comment_status":"closed","ping_status":"closed","template":"page_particular.php","meta":{"_et_pb_use_builder":"on","_et_pb_old_content":"","_et_gb_content_width":"","inline_featured_image":false,"footnotes":""},"class_list":["post-218392","page","type-page","status-publish","hentry"],"_links":{"self":[{"href":"https:\/\/centroalum.com\/ca\/wp-json\/wp\/v2\/pages\/218392","targetHints":{"allow":["GET"]}}],"collection":[{"href":"https:\/\/centroalum.com\/ca\/wp-json\/wp\/v2\/pages"}],"about":[{"href":"https:\/\/centroalum.com\/ca\/wp-json\/wp\/v2\/types\/page"}],"author":[{"embeddable":true,"href":"https:\/\/centroalum.com\/ca\/wp-json\/wp\/v2\/users\/10"}],"replies":[{"embeddable":true,"href":"https:\/\/centroalum.com\/ca\/wp-json\/wp\/v2\/comments?post=218392"}],"version-history":[{"count":0,"href":"https:\/\/centroalum.com\/ca\/wp-json\/wp\/v2\/pages\/218392\/revisions"}],"wp:attachment":[{"href":"https:\/\/centroalum.com\/ca\/wp-json\/wp\/v2\/media?parent=218392"}],"curies":[{"name":"wp","href":"https:\/\/api.w.org\/{rel}","templated":true}]}}