{"id":218422,"date":"2020-08-19T09:13:23","date_gmt":"2020-08-19T09:13:23","guid":{"rendered":"http:\/\/centroalum.vl23196.dinaserver.com\/politica-de-privacitat\/"},"modified":"2020-08-19T09:13:24","modified_gmt":"2020-08-19T09:13:24","slug":"politica-de-privacitat","status":"publish","type":"page","link":"https:\/\/centroalum.com\/ca\/politica-de-privacitat\/","title":{"rendered":"Pol\u00edtica de privacitat"},"content":{"rendered":"[et_pb_section fb_built=&#8221;1&#8243; admin_label=&#8221;section&#8221; _builder_version=&#8221;3.22&#8243;][et_pb_row _builder_version=&#8221;4.0.9&#8243; custom_padding=&#8221;||0px|||&#8221; custom_margin=&#8221;|auto|-9px|auto||&#8221;][et_pb_column type=&#8221;4_4&#8243; _builder_version=&#8221;4.0.9&#8243;][et_pb_text _builder_version=&#8221;4.0.9&#8243; header_font=&#8221;|700|||||||&#8221; custom_margin=&#8221;||0px||false|false&#8221; hover_enabled=&#8221;0&#8243;]<h1>Pol\u00edtica de privacidad<\/h1>[\/et_pb_text][et_pb_divider divider_weight=&#8221;2px&#8221; _builder_version=&#8221;4.0.9&#8243; max_width=&#8221;3%&#8221; hover_enabled=&#8221;0&#8243; custom_margin=&#8221;|-4px||||&#8221;][\/et_pb_divider][\/et_pb_column][\/et_pb_row][et_pb_row admin_label=&#8221;row&#8221; _builder_version=&#8221;3.25&#8243; background_size=&#8221;initial&#8221; background_position=&#8221;top_left&#8221; background_repeat=&#8221;repeat&#8221; custom_margin=&#8221;-6px|auto||auto||&#8221; custom_padding=&#8221;4px|||||&#8221;][et_pb_column type=&#8221;4_4&#8243; _builder_version=&#8221;3.25&#8243; custom_padding=&#8221;|||&#8221; custom_padding__hover=&#8221;|||&#8221;][et_pb_text admin_label=&#8221;Text&#8221; _builder_version=&#8221;4.0.9&#8243; header_2_font_size=&#8221;22px&#8221; header_2_line_height=&#8221;1.6em&#8221; background_size=&#8221;initial&#8221; background_position=&#8221;top_left&#8221; background_repeat=&#8221;repeat&#8221; hover_enabled=&#8221;0&#8243; header_2_font=&#8221;|600|||||||&#8221; custom_margin=&#8221;6px|||||&#8221;]<div class=\"traductor-textarea form-group\">\r\n<div class=\"textarea-desti col-xs-12 col-sm-6\">\r\n<h2 class=\"form-control second-textarea\">Informaci\u00f3 b\u00e0sica sobre Protecci\u00f3 de Dades<\/h2>\r\n<\/div>\r\n<\/div>\r\n<div class=\"traductor-checkbox form-group\">\r\n<div class=\"row\"><\/div>\r\n<\/div>\r\n<table>\r\n<tbody>\r\n<tr>\r\n<td>Responsable<\/td>\r\n<td>CENTRO ALUM, S.A.<\/td>\r\n<\/tr>\r\n<tr>\r\n<td>Finalitat<\/td>\r\n<td>Prestaci\u00f3 de serveis online\r\n\r\nGesti\u00f3 d&#8217;usuaris web\r\n<div class=\"traductor-textarea form-group\">\r\n<div class=\"textarea-desti col-xs-12 col-sm-6\">\r\n<div class=\"form-control second-textarea\">Comunicacions comercials relacionades amb els nostres serveis<\/div>\r\n<\/div>\r\n<\/div>\r\n<div class=\"traductor-checkbox form-group\">\r\n<div class=\"row\"><\/div>\r\n<\/div><\/td>\r\n<\/tr>\r\n<tr>\r\n<td>legitimaci\u00f3<\/td>\r\n<td>Consentiment expr\u00e9s i inter\u00e8s leg\u00edtim<\/td>\r\n<\/tr>\r\n<tr>\r\n<td>Destinataris<\/td>\r\n<td>\r\n<div class=\"traductor-textarea form-group\">\r\n<div class=\"textarea-desti col-xs-12 col-sm-6\">\r\n<div class=\"form-control second-textarea\">No es cedeixen dades a tercers, excepte obligaci\u00f3 legal<\/div>\r\n<\/div>\r\n<\/div><\/td>\r\n<\/tr>\r\n<tr>\r\n<td>Drets<\/td>\r\n<td>Accedir, rectificar i suprimir les dades, aix\u00ed com altres drets, com s&#8217;explica en la informaci\u00f3 addicional.<\/td>\r\n<\/tr>\r\n<tr>\r\n<td>Informaci\u00f3 adicional<\/td>\r\n<td>Pot consultar la informaci\u00f3 addicional i detallada sobre la Protecci\u00f3 de Dades en les cl\u00e0usules annexes que es troben en https:\/\/centroalum.com\/resources\/pdf\/privacy-policy.pdf<\/td>\r\n<\/tr>\r\n<\/tbody>\r\n<\/table>\r\nEn CENTRE ALUM, S. a. treballem per a oferir-te a trav\u00e9s dels nostres productes i serveis la millor experi\u00e8ncia possible. En alguns casos, \u00e9s necessari recaptar informaci\u00f3 per a aconseguir-ho. Ens importa la teva privacitat i creiem que hem de ser transparents sobre aquest tema.\r\n\r\nPer aix\u00f2, i a l&#8217;efecte del que es preveu en el REGLAMENT (UE) 2016\/679 DEL PARLAMENT EUROPEU I DEL CONSELL de 27 d&#8217;abril de 2016 (d&#8217;ara endavant, \u201cRGPD\u201d) relatiu a la protecci\u00f3 de les persones f\u00edsiques pel que fa al tractament de dades personals i a la lliure circulaci\u00f3 d&#8217;aquestes dades, i la LLEI 34\/2002, d&#8217;11 de juliol, de Serveis de la Societat de la informaci\u00f3 i de comer\u00e7 electr\u00f2nic (d&#8217;ara endavant, \u201cLSSI\u201d), CENTRE ALUM, S. a. informa l&#8217;usuari que, com a responsable del tractament, incorporar\u00e0 les dades de car\u00e0cter personal facilitats pels usuaris en un fitxer automatitzat.\r\n\r\nEl nostre comprom\u00eds comen\u00e7a per explicar-te el seg\u00fcent:\r\n<ul>\r\n \t<li>Es recullen les teves dades perqu\u00e8 l&#8217;experi\u00e8ncia d&#8217;usuari millori, atenent els teus interessos i necessitats.<\/li>\r\n \t<li>Som transparents en relaci\u00f3 a les dades que obtenim sobre tu i la ra\u00f3 per la qual ho fem.<\/li>\r\n \t<li>La nostra intenci\u00f3 \u00e9s oferir-te la millor experi\u00e8ncia possible. Per aix\u00f2, quan anem a usar la teva informaci\u00f3 personal ho farem sempre complint la normativa, i quan sigui necessari, sol\u00b7licitarem el teu consentiment.<\/li>\r\n \t<li>Entenem que les teves dades et pertanyen. Per tant, si decideixes no autoritzar-nos a processar-los pots sol\u00b7licitar-nos que deixem de tractar-los.<\/li>\r\n \t<li>La nostra prioritat consisteix a garantir la teva seguretat i tractar les teves dades d&#8217;acord amb la normativa europea.<\/li>\r\n<\/ul>\r\nSi desitges obtenir m\u00e9s informaci\u00f3 sobre el tractament de les teves dades, consulta els diferents apartats de la pol\u00edtica de privacitat que es troben a continuaci\u00f3:\r\n<h3><\/h3>\r\n<h2>Qui \u00e9s el responsable del tractament de les seves dades personals?<\/h2>\r\nIdentitat: CENTRO ALUM, S.A.\r\n\r\nDomicili social: BERNAT DE ROCABERTI, 6\r\n\r\nC.I.F. n\u00ba: A58193194\r\n\r\nEmail: info@centroalum.com\r\n\r\nCENTRO ALUM, S. a. ha designat un Delegat de Protecci\u00f3 de Dades o una persona de contacte interna dins de la seva organitzaci\u00f3. Si desitges fer una consulta en relaci\u00f3 al tractament de les teves dades personals, pots posar-te en contacte amb ell mitjan\u00e7ant el correu info@centroalum.com\r\n<h2>Quines dades personals recopilem?<\/h2>\r\nLes dades personals que l&#8217;usuari pot arribar a proporcionar:\r\n<ul>\r\n \t<li>Nom, direcci\u00f3 i data de naixement.<\/li>\r\n \t<li>N\u00famero de tel\u00e8fon i adre\u00e7a de correu electr\u00f2nic.<\/li>\r\n \t<li>Ubicaci\u00f3.<\/li>\r\n \t<li>Informaci\u00f3 relativa a pagaments i devolucions.<\/li>\r\n \t<li>Adre\u00e7a IP, data i hora en la qual has accedit als nostres serveis, navegador d&#8217;internet que usis i dades sobre el sistema operatiu del dispositiu.<\/li>\r\n \t<li>Qualsevol altra informaci\u00f3 o dades que decideixis compartir amb nosaltres.<\/li>\r\n<\/ul>\r\nEn alguns casos, \u00e9s obligat\u00f2ria l&#8217;emplenament del formulari de registre per a accedir i gaudir de determinats serveis oferts en la web; aix\u00ed mateix, no facilitar les dades personals sol\u00b7licitades o el no acceptar la present pol\u00edtica de protecci\u00f3 de dades suposa la impossibilitat de subscriure&#8217;s, registrar-se o participar en qualsevol de les promocions en les quals se sol\u00b7licitin dades car\u00e0cter personal.\r\n<h2>Per qu\u00e8 i per a qu\u00e8 tractem les teves dades?<\/h2>\r\nEn CENTRO ALUM, S. a. tractem la informaci\u00f3 que ens faciliten les persones interessades amb les seg\u00fcents finalitats:\r\n<ul>\r\n \t<li>Gestionar comandes o contractar algun dels nostres serveis, ja sigui online o a les botigues f\u00edsiques.<\/li>\r\n \t<li>Gestionar l&#8217;enviament de la informaci\u00f3 que ens sol\u00b7licitin<\/li>\r\n \t<li>Desenvolupar accions comercials i realitzar el manteniment i gesti\u00f3 de la relaci\u00f3 amb l&#8217;usuari, aix\u00ed com la gesti\u00f3 dels serveis oferts a trav\u00e9s del lloc web i les labors d&#8217;informaci\u00f3, podent realitzar valoracions autom\u00e0tiques, obtenci\u00f3 de perfils i labors de segmentaci\u00f3 dels clients a fi de personalitzar el tracte conforme a les seves caracter\u00edstiques i necessitats i millorar l&#8217;experi\u00e8ncia en l\u00ednia del client.<\/li>\r\n \t<li>Desenvolupar i gestionar els concursos, sortejos o altres activitats promocionals que es puguin organitzar.<\/li>\r\n \t<li>En alguns casos ser\u00e0 necessari facilitar informaci\u00f3 a les Autoritats o terceres empreses per motius d&#8217;auditoria, aix\u00ed com manejar dades personals de factures, contractes i documents per a respondre a reclamacions de clients o de les Administracions P\u00fabliques<\/li>\r\n<\/ul>\r\nInformem que les dades personals que s&#8217;obtinguin a conseq\u00fc\u00e8ncia del teu registre com a usuari formaran part del Registre d&#8217;Activitats i operacions de Tractament (RAT), que s&#8217;actualitzar\u00e0 peri\u00f2dicament d&#8217;acord amb el que s&#8217;estableix en el\u00a0RGPD.\r\n<h2>Quina \u00e9s la legitimaci\u00f3 per al tractament de les teves dades?<\/h2>\r\nEl tractament de les teves dades pot fonamentar-se en les seg\u00fcents bases legals:\r\n<ul>\r\n \t<li>Consentiment de l&#8217;interessat per a la contractaci\u00f3 de serveis i productes, per als formularis de contacte, les sol\u00b7licituds d&#8217;informaci\u00f3 o alta en e-newsletters.<\/li>\r\n \t<li>Inter\u00e8s leg\u00edtim per al tractament de dades dels nostres clients en accions de m\u00e0rqueting directe i consentiment expr\u00e9s de l&#8217;interessat per a tot el relatiu a les valoracions autom\u00e0tiques i elaboraci\u00f3 de perfils.<\/li>\r\n \t<li>Compliment d&#8217;obligacions legals per a prevenci\u00f3 del frau, comunicaci\u00f3 amb Autoritats p\u00fabliques i reclamacions de tercers.<\/li>\r\n<\/ul>\r\n<h2>Quant temps conservem les teves dades?<\/h2>\r\nEl tractament de les dades amb les finalitats descrites es mantindr\u00e0 durant el temps necessari per a complir amb la finalitat de la seva recollida (per exemple, mentre duri la relaci\u00f3 comercial), aix\u00ed com per al compliment de les obligacions legals que es derivin del tractament de les dades.\r\n<h2>A quins destinataris es comuniquen les teves dades?<\/h2>\r\nEn alguns casos, nom\u00e9s quan sigui necessari, CENTRO ALUM, S. a. proporcionar\u00e0 dades dels usuaris a tercers. No obstant aix\u00f2, mai es vendran les dades a tercers. Els prove\u00efdors de serveis externs (per exemple, prove\u00efdors de pagament o empreses de repartiment) amb els quals CENTRO ALUM, S. a. treballi poden usar les dades per a proporcionar els serveis corresponents, no obstant aix\u00f2 no usaran aquesta informaci\u00f3 per a fins propis o per a cessi\u00f3 a tercers.\r\n\r\nCENTRO ALUM, S. a. procura garantir la seguretat de les dades personals quan s&#8217;envien fora de l&#8217;empresa i s&#8217;assegura que els tercers prove\u00efdors de servei respecten la confidencialitat i compten amb les mesures adequades per a protegir les dades personals. Aquests tercers tenen l&#8217;obligaci\u00f3 de garantir que la informaci\u00f3 es tracta conforme amb la normativa de privacitat de dades.\r\n\r\nEn alguns casos, la llei pot exigir que es revelin dades personals a organismes p\u00fablics o altres parts, nom\u00e9s es revelar\u00e0 l&#8217;estrictament necessari per al compliment d&#8217;aquestes obligacions legals.\r\n\r\nLes dades personals obtingudes tamb\u00e9 podran ser compartits amb altres empreses del grup.\r\n<h2>On s&#8217;emmagatzemen les teves dades?<\/h2>\r\nAmb car\u00e0cter general, les dades s&#8217;emmagatzemen dins de la UE. Les dades que s&#8217;envi\u00efn a tercers que no pertanyin a la UE, ens assegurarem que ofereixin un nivell de protecci\u00f3 suficient, ja sigui perqu\u00e8 compten amb Normes Corporatives Vinculants (BCR) o perqu\u00e8 s&#8217;hagin adherit al \u201cPrivacy Shield\u201d.\r\n<h2>Quins drets t&#8217;assisteixen i com pots exercir-los?<\/h2>\r\nPots dirigir les teves comunicacions i exercitar els teus drets mitjan\u00e7ant una petici\u00f3 en el seg\u00fcent correu electr\u00f2nic:\r\n\r\ninfo@centroalum.com.\r\n\r\nEn virtut del que estableix el RGPD pots sol\u00b7licitar:\r\n<ul>\r\n \t<li>Dret d&#8217;acc\u00e9s: pots demanar informaci\u00f3 d&#8217;aquelles dades personals que disposem sobre tu.<\/li>\r\n \t<li>Dret de rectificaci\u00f3: pots comunicar qualsevol canvi en les teves dades personals.<\/li>\r\n \t<li>Dret de supressi\u00f3 i a l&#8217;oblit: pots sol\u00b7licitar l&#8217;eliminaci\u00f3 previ bloqueig de les dades personals.<\/li>\r\n \t<li>Dret de limitaci\u00f3 al tractament: suposa la restricci\u00f3 del tractament de les dades personals.<\/li>\r\n \t<li>Dret d&#8217;oposici\u00f3: pots retirar el consentiment del tractament de les dades, oposant-se al fet que es continu\u00efn tractant.<\/li>\r\n \t<li>Dret a la portabilitat: en alguns casos, pots demanar una c\u00f2pia de les dades personals en un format estructurat, d&#8217;\u00fas com\u00fa i lectura mec\u00e0nica per a la seva transmissi\u00f3 a un altre responsable.<\/li>\r\n \t<li>Dret a no ser objecte de decisions individualitzades: pots sol\u00b7licitar que no es prenguin decisions que es basin \u00fanicament en el tractament automatitzat, incloent l&#8217;elaboraci\u00f3 de perfils, que produeixi efectes jur\u00eddics o afecti significativament l&#8217;interessat.<\/li>\r\n<\/ul>\r\nEn alguns casos, es podr\u00e0 rebutjar la sol\u00b7licitud si sol\u00b7licites que s&#8217;eliminin dades necess\u00e0ries per al compliment d&#8217;obligacions legals.\r\n\r\nAix\u00ed mateix, si tens alguna queixa sobre el tractament de les dades pots presentar una reclamaci\u00f3 a l&#8217;autoritat de protecci\u00f3 de dades.\r\n<h2>Qui \u00e9s el responsable de l&#8217;exactitud i veracitat de les dades facilitades?<\/h2>\r\nL&#8217;usuari \u00e9s l&#8217;\u00fanic responsable de la veracitat i correcci\u00f3 de les dades incloses, exonerant a CENTRO ALUM, S. a. de qualsevol responsabilitat sobre aquest tema. Els usuaris garanteixen i responen, en qualsevol cas, de l&#8217;exactitud, vig\u00e8ncia i autenticitat de les dades personals facilitades, i es comprometen a mantenir-los degudament actualitzats. L&#8217;usuari accepta proporcionar informaci\u00f3 completa i correcta en el formulari de registre o subscripci\u00f3. CENTRO ALUM, S. a. es reserva el dret de finalitzar els serveis contractats que s&#8217;hagu\u00e9s celebrat amb els usuaris, en cas que les dades que hagi facilitat siguin falsos, incomplets, inexactes o no estiguin actualitzats.\r\n\r\nCENTRO ALUM, S. a. no respon de la veracitat de les informacions que no siguin d&#8217;elaboraci\u00f3 pr\u00f2pia i de les quals s&#8217;indiqui una altra font, per la qual cosa tampoc assumeix cap responsabilitat quant a hipot\u00e8tics perjudicis que poguessin originar-se per l&#8217;\u00fas d&#8217;aquesta informaci\u00f3.\r\n\r\nCENTRO ALUM, S. a. es reserva el dret a actualitzar, modificar o eliminar la informaci\u00f3 continguda en les seves p\u00e0gines web podent fins i tot limitar o no permetre l&#8217;acc\u00e9s a aquesta informaci\u00f3. S&#8217;exonera a CENTRO ALUM, S. a. de responsabilitat davant qualsevol mal o perjudici que pogu\u00e9s sofrir l&#8217;usuari a conseq\u00fc\u00e8ncia d&#8217;errors, defectes o omissions, en la informaci\u00f3 facilitada per CENTRE ALUM, S. a. sempre que procedeixi de fonts alienes a aquesta.\r\n\r\nAix\u00ed mateix, l&#8217;usuari certifica que \u00e9s major de 14 anys i que posseeix la capacitat legal necess\u00e0ria per a la prestaci\u00f3 del consentiment quant al tractament de les seves dades de car\u00e0cter personal.\r\n<h2>Com tractem les dades personals dels menors d&#8217;edat?<\/h2>\r\nEn principi els nostres serveis no van dirigits espec\u00edficament a menors d&#8217;edat. No obstant aix\u00f2, en el cas que algun d&#8217;ells es dirigeixi a menors de catorze anys, de conformitat amb l&#8217;article 8 del RGPD i l&#8217;article 7 de la LO3\/2018, de 5 de desembre (LOPDGDD), CENTRO ALUM, S. a. exigir\u00e0 el consentiment v\u00e0lid, lliure, inequ\u00edvoc, espec\u00edfic i informat dels seus tutors legals per a tractar les dades personals dels menors. En aquest cas, s&#8217;exigir\u00e0 el DNI o una altra forma d&#8217;identificaci\u00f3 de qui presti el consentiment.\r\n\r\nEn el cas de majors de catorze anys podr\u00e0 procedir-se al tractament de les dades amb el consentiment de l&#8217;usuari, exceptuant aquells casos en els quals la Llei exigeixi l&#8217;assist\u00e8ncia dels titulars de la p\u00e0tria potestat o tutela.\r\n<h2>Quines mesures de seguretat apliquem per a protegir les teves dades personals?<\/h2>\r\nCENTRO ALUM, S. a. ha adoptat els nivells de seguretat de protecci\u00f3 de les Dades Personals legalment requerides, i procura instal\u00b7lar aquells altres mitjans i mesures t\u00e8cniques addicionals al seu abast per a evitar la p\u00e8rdua, mal \u00fas, alteraci\u00f3, acc\u00e9s no autoritzat i robatori de les Dades Personals facilitades a CENTRO ALUM, S.A..\r\n\r\nCENTRO ALUM, S. a. no \u00e9s responsable d&#8217;hipot\u00e8tics danys o perjudicis que es poguessin derivar d&#8217;interfer\u00e8ncies, omissions, interrupcions, virus inform\u00e0tics, avaries telef\u00f2niques o desconnexions en el funcionament operatiu d&#8217;aquest sistema electr\u00f2nic, motivades per causes alienes a CENTRO ALUM, S.A.; de retards o bloquejos en l&#8217;\u00fas del present sistema electr\u00f2nic causats per defici\u00e8ncies o sobrec\u00e0rregues de l\u00ednies telef\u00f2niques o sobrec\u00e0rregues en el Centre de Procesaments de dades, en el sistema d&#8217;Internet o en altres sistemes electr\u00f2nics, aix\u00ed com de danys que puguin ser causats per terceres persones mitjan\u00e7ant intromissions il\u00b7leg\u00edtimes fora del control de CENTRO ALUM, S.A.. Aix\u00f2 no obstant, l&#8217;usuari ha de ser conscient que les mesures de seguretat en Internet no s\u00f3n inexpugnables.\r\n<h2>Enlla\u00e7os a altres llocs web<\/h2>\r\nEn el lloc web https:\/\/centroalum.com pot haver-hi enlla\u00e7os a altres p\u00e0gines web. En clicar en un d&#8217;aquests enlla\u00e7os i accedir a un lloc web extern, la visita estar\u00e0 subjecta a la pol\u00edtica de privacitat d&#8217;aquest lloc web, quedant CENTRO ALUM, S. a. desvinculada de qualsevol mena de responsabilitat sobre la seva pol\u00edtica de privacitat.\r\n<h2>Com utilitzem les cookies?<\/h2>\r\nEl lloc web i les RRSS de CENTRO ALUM, S. a. utilitzen cookies, a l&#8217;efecte d&#8217;optimitzar i personalitzar la seva navegaci\u00f3 per aquest. Les cookies s\u00f3n fitxers f\u00edsics d&#8217;informaci\u00f3 que s&#8217;allotgen en el propi terminal de l&#8217;usuari, la informaci\u00f3 recollida mitjan\u00e7ant les cookies serveix per a facilitar la navegaci\u00f3 de l&#8217;usuari pel portal i optimitzar l&#8217;experi\u00e8ncia de navegaci\u00f3. Les dades recopilades mitjan\u00e7ant les cookies poden ser compartits amb els creadors d&#8217;aquestes, per\u00f2 en cap cas la informaci\u00f3 obtinguda per les mateixes ser\u00e0 associada a dades personals ni a dades que puguin identificar a l&#8217;usuari.\r\n\r\nNo obstant aix\u00f2, si l&#8217;usuari no desitja que s&#8217;instal\u00b7lin cookies en el seu disc dur, t\u00e9 la possibilitat de configurar el navegador de tal manera que impedeixi la instal\u00b7laci\u00f3 d&#8217;aquests arxius. Per a obtenir m\u00e9s informaci\u00f3 consulti la nostra Pol\u00edtica de Cookies https:\/\/centroalum.com\/resources\/pdf\/cookies-policy.pdf.\r\n<h2>Pot modificar-se la pol\u00edtica de privacitat?<\/h2>\r\nAquesta pol\u00edtica de privacitat pot modificar-se. Et recomanem que revisis la pol\u00edtica de privacitat amb una certa periodicitat.\r\n\r\n[\/et_pb_text][\/et_pb_column][\/et_pb_row][\/et_pb_section]<!-- \/wp:post-content -->","protected":false},"excerpt":{"rendered":"<p>Pol\u00edtica de privacidad Informaci\u00f3 b\u00e0sica sobre Protecci\u00f3 de Dades Responsable CENTRO ALUM, S.A. Finalitat Prestaci\u00f3 de serveis online Gesti\u00f3 d&#8217;usuaris web Comunicacions comercials relacionades amb els nostres serveis legitimaci\u00f3 Consentiment expr\u00e9s i inter\u00e8s leg\u00edtim Destinataris No es cedeixen dades a tercers, excepte obligaci\u00f3 legal Drets Accedir, rectificar i suprimir les dades, aix\u00ed com altres drets, [&hellip;]<\/p>\n","protected":false},"author":10,"featured_media":0,"parent":0,"menu_order":0,"comment_status":"closed","ping_status":"closed","template":"","meta":{"_et_pb_use_builder":"on","_et_pb_old_content":"","_et_gb_content_width":"","inline_featured_image":false,"footnotes":""},"class_list":["post-218422","page","type-page","status-publish","hentry"],"_links":{"self":[{"href":"https:\/\/centroalum.com\/ca\/wp-json\/wp\/v2\/pages\/218422","targetHints":{"allow":["GET"]}}],"collection":[{"href":"https:\/\/centroalum.com\/ca\/wp-json\/wp\/v2\/pages"}],"about":[{"href":"https:\/\/centroalum.com\/ca\/wp-json\/wp\/v2\/types\/page"}],"author":[{"embeddable":true,"href":"https:\/\/centroalum.com\/ca\/wp-json\/wp\/v2\/users\/10"}],"replies":[{"embeddable":true,"href":"https:\/\/centroalum.com\/ca\/wp-json\/wp\/v2\/comments?post=218422"}],"version-history":[{"count":0,"href":"https:\/\/centroalum.com\/ca\/wp-json\/wp\/v2\/pages\/218422\/revisions"}],"wp:attachment":[{"href":"https:\/\/centroalum.com\/ca\/wp-json\/wp\/v2\/media?parent=218422"}],"curies":[{"name":"wp","href":"https:\/\/api.w.org\/{rel}","templated":true}]}}