{"id":226646,"date":"2025-11-25T13:30:21","date_gmt":"2025-11-25T13:30:21","guid":{"rendered":"https:\/\/centroalum.com\/aluminio-para-particulares\/"},"modified":"2025-11-25T13:40:03","modified_gmt":"2025-11-25T13:40:03","slug":"aluminio-para-particulares","status":"publish","type":"page","link":"https:\/\/centroalum.com\/pt-pt\/aluminio-para-particulares\/","title":{"rendered":"Home Particulares"},"content":{"rendered":"<p>[et_pb_section fb_built=&#8221;1&#8243; _builder_version=&#8221;4.0.9&#8243; background_image=&#8221;https:\/\/centroalum.com\/wp-content\/uploads\/2020\/02\/ventanasaluminio-particulares.jpg&#8221; custom_padding=&#8221;53px||355px|||&#8221;][et_pb_row _builder_version=&#8221;4.0.9&#8243; background_color=&#8221;rgba(244,222,147,0.87)&#8221; width=&#8221;30%&#8221; width_tablet=&#8221;77%&#8221; width_phone=&#8221;85%&#8221; width_last_edited=&#8221;on|phone&#8221; custom_margin=&#8221;36px|auto|2px|78px|false|false&#8221; custom_padding=&#8221;32px|32px|32px|32px|true|true&#8221; module_alignment_tablet=&#8221;&#8221; module_alignment_phone=&#8221;center&#8221; module_alignment_last_edited=&#8221;on|phone&#8221;][et_pb_column type=&#8221;4_4&#8243; _builder_version=&#8221;4.0.9&#8243;][et_pb_text _builder_version=&#8221;4.4.2&#8243; text_font_size=&#8221;16px&#8221; text_line_height=&#8221;27px&#8221; header_font=&#8221;|300|||||||&#8221; header_text_color=&#8221;#000000&#8243; header_line_height=&#8221;1.3em&#8221; custom_margin=&#8221;||21px|||&#8221;]<\/p>\n<h1>Vamos ajud\u00e1-lo a encontrar a inspira\u00e7\u00e3o para o<strong> seu projeto<\/strong><\/h1>\n<p>Atrav\u00e9s do nosso showroom, colocamos \u00e0 sua disposi\u00e7\u00e3o um espa\u00e7o onde poder\u00e1 <strong>ver<\/strong>, <strong>sentir<\/strong> e <strong>tocar<\/strong> em alguns dos produtos do <strong>nosso cat\u00e1logo.<\/strong><\/p>\n<p>[\/et_pb_text][et_pb_button button_url=&#8221;https:\/\/centroalum.com\/showroom-aluminio-particulares\/&#8221; button_text=&#8221;Inspiraci\u00f3n&#8221; _builder_version=&#8221;4.0.9&#8243; custom_button=&#8221;on&#8221;][\/et_pb_button][\/et_pb_column][\/et_pb_row][\/et_pb_section][et_pb_section fb_built=&#8221;1&#8243; _builder_version=&#8221;3.22.3&#8243; custom_padding=&#8221;20px||0px&#8221; box_shadow_style=&#8221;preset3&#8243; box_shadow_vertical=&#8221;2px&#8221; box_shadow_blur=&#8221;25px&#8221;][et_pb_row column_structure=&#8221;1_3,1_3,1_3&#8243; make_equal=&#8221;on&#8221; _builder_version=&#8221;3.25&#8243; custom_padding=&#8221;22.9545px|0px|23px|0px|false|false&#8221;][et_pb_column type=&#8221;1_3&#8243; _builder_version=&#8221;3.25&#8243; custom_padding=&#8221;|||&#8221; custom_padding__hover=&#8221;|||&#8221;][et_pb_text _builder_version=&#8221;4.4.2&#8243; text_font=&#8221;||||||||&#8221; custom_margin=&#8221;|-15px||15px|false|false&#8221; custom_margin_tablet=&#8221;&#8221; custom_margin_phone=&#8221;|0px||15px|false|false&#8221; custom_margin_last_edited=&#8221;on|phone&#8221;]<\/p>\n<p style=\"text-align: center;\"><strong>DISE\u00d1O <\/strong><\/p>\n<p style=\"text-align: center;\">Disponemos de dise\u00f1os exclusivos, innovadores y eficientes<\/p>\n<p><strong><\/strong><\/p>\n<p>[\/et_pb_text][et_pb_text disabled_on=&#8221;off|on|on&#8221; _builder_version=&#8221;4.4.2&#8243; text_font=&#8221;||||||||&#8221; custom_margin=&#8221;|-15px||15px&#8221; custom_margin_tablet=&#8221;&#8221; custom_margin_phone=&#8221;|0px||15px|false|false&#8221; custom_margin_last_edited=&#8221;on|phone&#8221;]<\/p>\n<p style=\"text-align: center;\"><strong>BIENESTAR<\/strong><\/p>\n<p style=\"text-align: center;\">Generamos confort, ahorro y seguridad para tu hogar<\/p>\n<p>[\/et_pb_text][et_pb_text disabled_on=&#8221;off|on|on&#8221; _builder_version=&#8221;4.4.2&#8243; text_font=&#8221;||||||||&#8221; custom_margin=&#8221;|-15px||15px|false|false&#8221; custom_margin_tablet=&#8221;&#8221; custom_margin_phone=&#8221;|0px||15px|false|false&#8221; custom_margin_last_edited=&#8221;on|phone&#8221;]<\/p>\n<p style=\"text-align: center;\"><strong>CERCAN\u00cdA<\/strong><\/p>\n<p style=\"text-align: center;\">Ponemos a tu servicio un equipo altamente cualificado<\/p>\n<p>[\/et_pb_text][\/et_pb_column][et_pb_column type=&#8221;1_3&#8243; _builder_version=&#8221;3.25&#8243; custom_padding=&#8221;|||&#8221; custom_padding__hover=&#8221;|||&#8221;][et_pb_text disabled_on=&#8221;on|off|off&#8221; _builder_version=&#8221;4.4.2&#8243; custom_margin=&#8221;|-15px||-15px&#8221; custom_padding=&#8221;|15px||15px&#8221; border_width_right=&#8221;1px&#8221; border_color_right=&#8221;#efefef&#8221; border_width_left=&#8221;1px&#8221; border_color_left=&#8221;#efefef&#8221; border_width_left__hover_enabled=&#8221;on&#8221;]<\/p>\n<p style=\"text-align: center;\"><strong>BIENESTAR<\/strong><\/p>\n<p style=\"text-align: center;\">Generamos confort, ahorro y seguridad para tu hogar<\/p>\n<p>[\/et_pb_text][\/et_pb_column][et_pb_column type=&#8221;1_3&#8243; _builder_version=&#8221;3.25&#8243; custom_padding=&#8221;|||&#8221; custom_padding__hover=&#8221;|||&#8221;][et_pb_text disabled_on=&#8221;on|off|off&#8221; _builder_version=&#8221;4.4.2&#8243; custom_margin=&#8221;|15px||-15px&#8221;]<\/p>\n<p style=\"text-align: center;\"><strong>CERCAN\u00cdA<\/strong><\/p>\n<p style=\"text-align: center;\">Ponemos a tu servicio un equipo altamente cualificado<\/p>\n<p>[\/et_pb_text][\/et_pb_column][\/et_pb_row][\/et_pb_section][et_pb_section fb_built=&#8221;1&#8243; _builder_version=&#8221;4.4.2&#8243; background_image=&#8221;https:\/\/centroalum.com\/wp-content\/uploads\/2020\/04\/IDA-puerta-1.jpg&#8221; custom_margin=&#8221;||0px||false|false&#8221; custom_padding=&#8221;||0px||false|false&#8221;][et_pb_row custom_padding_last_edited=&#8221;on|tablet&#8221; _builder_version=&#8221;4.4.2&#8243; background_enable_color=&#8221;off&#8221; module_alignment=&#8221;center&#8221; custom_margin=&#8221;0px|0px|210px|0px|false|false&#8221; custom_margin_tablet=&#8221;50px|0px|40px|0px|false|false&#8221; custom_margin_phone=&#8221;0px||50px|0px|false|false&#8221; custom_margin_last_edited=&#8221;on|phone&#8221; custom_padding=&#8221;0px|0px|0px|0px|false|false&#8221; custom_padding_tablet=&#8221;&#8221; custom_padding_phone=&#8221;|||0px|false|false&#8221; module_alignment_tablet=&#8221;left&#8221; module_alignment_phone=&#8221;left&#8221; module_alignment_last_edited=&#8221;on|phone&#8221;][et_pb_column type=&#8221;4_4&#8243; _builder_version=&#8221;4.4.2&#8243;][et_pb_image src=&#8221;https:\/\/centroalum.com\/wp-content\/uploads\/2020\/04\/IDA-puertas-ventanas-aluminio-1.png&#8221; _builder_version=&#8221;4.4.2&#8243; background_color=&#8221;rgba(255,255,255,0.74)&#8221; width=&#8221;200px&#8221; custom_padding=&#8221;20px|20px|20px|20px|false|false&#8221;][\/et_pb_image][\/et_pb_column][\/et_pb_row][et_pb_row column_structure=&#8221;1_2,1_2&#8243; _builder_version=&#8221;4.4.2&#8243; width=&#8221;100%&#8221; module_alignment=&#8221;center&#8221; custom_margin=&#8221;||0px||false|false&#8221; custom_padding=&#8221;||0px||false|false&#8221;][et_pb_column type=&#8221;1_2&#8243; _builder_version=&#8221;4.4.2&#8243; background_color=&#8221;rgba(244,222,147,0.73)&#8221;][et_pb_text _builder_version=&#8221;4.4.2&#8243; header_font=&#8221;|600|||||||&#8221; header_text_color=&#8221;#6d6d6d&#8221; header_font_size=&#8221;18px&#8221; header_letter_spacing=&#8221;2px&#8221; header_line_height=&#8221;0.7em&#8221; header_2_font=&#8221;|600|||||||&#8221; header_2_text_color=&#8221;#6d6d6d&#8221; header_2_font_size=&#8221;30px&#8221; header_2_letter_spacing=&#8221;2px&#8221; header_2_line_height=&#8221;0.9em&#8221; header_3_text_color=&#8221;#FFFFFF&#8221; header_3_font_size=&#8221;20px&#8221; header_3_line_height=&#8221;1.3em&#8221; background_enable_color=&#8221;off&#8221; width=&#8221;100%&#8221; width_tablet=&#8221;&#8221; width_phone=&#8221;100%&#8221; width_last_edited=&#8221;on|phone&#8221; custom_margin=&#8221;||0px||false|false&#8221; custom_padding=&#8221;20px|20px|20px|20px|false|false&#8221; width__hover_enabled=&#8221;on|desktop&#8221;]<\/p>\n<h2><\/h2>\n<h2>TU IDEA,<\/h2>\n<h2>NUESTRA SOLUCI\u00d3N<\/h2>\n<p>[\/et_pb_text][et_pb_button button_url=&#8221;https:\/\/centroalum.com\/ida-particulares\/&#8221; button_text=&#8221;CAT\u00c1LOGO&#8221; _builder_version=&#8221;4.4.2&#8243; custom_button=&#8221;on&#8221; button_text_color=&#8221;#606060&#8243; button_bg_color=&#8221;rgba(255,255,255,0.56)&#8221; button_border_color=&#8221;#FFFFFF&#8221; custom_margin=&#8221;||40px|20px|false|false&#8221; button_text_color__hover_enabled=&#8221;on|desktop&#8221; button_text_color__hover=&#8221;#FFFFFF&#8221;][\/et_pb_button][\/et_pb_column][et_pb_column type=&#8221;1_2&#8243; _builder_version=&#8221;4.4.2&#8243;][\/et_pb_column][\/et_pb_row][\/et_pb_section][et_pb_section fb_built=&#8221;1&#8243; _builder_version=&#8221;3.22.3&#8243; background_color=&#8221;#f4de93&#8243; custom_margin=&#8221;0px||0px&#8221; custom_padding=&#8221;16px||16px||true|false&#8221;][et_pb_row column_structure=&#8221;3_5,2_5&#8243; _builder_version=&#8221;3.25&#8243; custom_padding=&#8221;27px|0px|1px|0px|false|false&#8221;][et_pb_column type=&#8221;3_5&#8243; _builder_version=&#8221;3.25&#8243; custom_padding=&#8221;|||&#8221; custom_padding__hover=&#8221;|||&#8221;][et_pb_text _builder_version=&#8221;4.4.2&#8243;]<\/p>\n<h3>centroalum <strong>ASESORA<\/strong><\/h3>\n<p>Te ayudamos a encontrar los sistemas de cerramientos de aluminio que m\u00e1s se adaptan a tu proyecto.\u00a0<span style=\"font-size: 15px;\">Solicita a nuestros expertos una asesor\u00eda personalizada<\/span><\/p>\n<p><strong><\/strong><\/p>\n<p>[\/et_pb_text][\/et_pb_column][et_pb_column type=&#8221;2_5&#8243; _builder_version=&#8221;3.25&#8243; custom_padding=&#8221;|||&#8221; custom_padding__hover=&#8221;|||&#8221;][et_pb_button button_url=&#8221;https:\/\/centroalum.com\/contacto-centroalum-particulares\/&#8221; button_text=&#8221;QUIERO CONTACTAR&#8221; button_alignment=&#8221;right&#8221; _builder_version=&#8221;4.0.9&#8243; custom_margin=&#8221;6.6%||6.6%||true|&#8221;][\/et_pb_button][\/et_pb_column][\/et_pb_row][\/et_pb_section][et_pb_section fb_built=&#8221;1&#8243; _builder_version=&#8221;4.4.2&#8243; background_color=&#8221;rgba(0,0,0,0)&#8221; background_image=&#8221;https:\/\/centroalum.com\/wp-content\/uploads\/2020\/05\/puertas-ventanas-evoque.jpg&#8221; custom_margin=&#8221;0px||0px||false|false&#8221; custom_padding=&#8221;||0px||false|false&#8221;][et_pb_row custom_padding_last_edited=&#8221;on|tablet&#8221; _builder_version=&#8221;4.4.2&#8243; background_enable_color=&#8221;off&#8221; module_alignment=&#8221;center&#8221; custom_margin=&#8221;0px|0px|210px|0px|false|false&#8221; custom_margin_tablet=&#8221;50px|0px|40px|0px|false|false&#8221; custom_margin_phone=&#8221;||40px||false|false&#8221; custom_margin_last_edited=&#8221;on|phone&#8221; custom_padding=&#8221;0px|0px|0px|0px|false|false&#8221; custom_padding_tablet=&#8221;&#8221; custom_padding_phone=&#8221;&#8221;][et_pb_column type=&#8221;4_4&#8243; _builder_version=&#8221;3.29.3&#8243;][et_pb_text _builder_version=&#8221;4.4.2&#8243; text_font=&#8221;|300|||||||&#8221; text_text_color=&#8221;#444444&#8243; text_font_size=&#8221;20px&#8221; header_4_font=&#8221;|600|||||||&#8221; header_4_text_color=&#8221;#444444&#8243; header_4_font_size=&#8221;35px&#8221; background_color=&#8221;rgba(244,222,147,0.76)&#8221; width=&#8221;40%&#8221; width_tablet=&#8221;100%&#8221; width_phone=&#8221;&#8221; width_last_edited=&#8221;on|desktop&#8221; custom_margin=&#8221;||||false|false&#8221; custom_padding=&#8221;20px|20px|20px|20px|true|true&#8221;]<\/p>\n<h4>Evoque &#8211; Inowa<\/h4>\n<p>Confort, dise\u00f1o, innovaci\u00f3n y seguridad.<\/p>\n<p>[\/et_pb_text][\/et_pb_column][\/et_pb_row][et_pb_row column_structure=&#8221;1_2,1_2&#8243; _builder_version=&#8221;4.4.2&#8243; width=&#8221;100%&#8221; module_alignment=&#8221;center&#8221; custom_margin=&#8221;||0px||false|false&#8221; custom_padding=&#8221;||0px||false|false&#8221;][et_pb_column type=&#8221;1_2&#8243; _builder_version=&#8221;4.4.2&#8243; background_color=&#8221;rgba(0,0,0,0.66)&#8221;][et_pb_text _builder_version=&#8221;4.4.2&#8243; header_font=&#8221;|600|||||||&#8221; header_text_color=&#8221;#6d6d6d&#8221; header_font_size=&#8221;18px&#8221; header_letter_spacing=&#8221;2px&#8221; header_line_height=&#8221;0.7em&#8221; header_2_font=&#8221;|600|||||||&#8221; header_2_text_color=&#8221;#FFFFFF&#8221; header_2_font_size=&#8221;30px&#8221; header_2_letter_spacing=&#8221;2px&#8221; header_2_line_height=&#8221;1.6em&#8221; header_3_text_color=&#8221;#FFFFFF&#8221; header_3_font_size=&#8221;20px&#8221; header_3_line_height=&#8221;1.3em&#8221; background_enable_color=&#8221;off&#8221; width=&#8221;100%&#8221; width_tablet=&#8221;&#8221; width_phone=&#8221;100%&#8221; width_last_edited=&#8221;on|phone&#8221; custom_margin=&#8221;||0px||false|false&#8221; custom_padding=&#8221;20px|20px|20px|20px|false|false&#8221; width__hover_enabled=&#8221;on|desktop&#8221;]<\/p>\n<h2><\/h2>\n<h2>SISTEMA DE CORREDERA HERM\u00c9TICA CON<br \/>\nHERRAJE INTELIGENTE<\/h2>\n<p>[\/et_pb_text][et_pb_button button_url=&#8221;https:\/\/centroalum.com\/hoja-deslizante-evoque-particular\/&#8221; button_text=&#8221;CAT\u00c1LOGO&#8221; _builder_version=&#8221;4.4.2&#8243; custom_button=&#8221;on&#8221; button_text_color=&#8221;#000000&#8243; button_bg_color=&#8221;#f4de93&#8243; button_border_color=&#8221;#FFFFFF&#8221; custom_margin=&#8221;||40px|20px|false|false&#8221; hover_enabled=&#8221;0&#8243; button_text_color__hover_enabled=&#8221;on|desktop&#8221; button_text_color__hover=&#8221;#FFFFFF&#8221;][\/et_pb_button][\/et_pb_column][et_pb_column type=&#8221;1_2&#8243; _builder_version=&#8221;4.4.2&#8243;][\/et_pb_column][\/et_pb_row][\/et_pb_section][et_pb_section fb_built=&#8221;1&#8243; _builder_version=&#8221;4.4.2&#8243; background_image=&#8221;https:\/\/centroalum.com\/wp-content\/uploads\/2020\/04\/halley-home.jpg&#8221; custom_margin=&#8221;0px||0px||false|false&#8221; custom_padding=&#8221;||0px||false|false&#8221; hover_enabled=&#8221;0&#8243; border_color_top=&#8221;#000000&#8243; disabled_on=&#8221;on|on|on&#8221; disabled=&#8221;on&#8221;][et_pb_row custom_padding_last_edited=&#8221;on|tablet&#8221; _builder_version=&#8221;4.4.2&#8243; background_enable_color=&#8221;off&#8221; module_alignment=&#8221;center&#8221; custom_margin=&#8221;0px|0px|210px|0px|false|false&#8221; custom_margin_tablet=&#8221;50px|0px|40px|0px|false|false&#8221; custom_margin_phone=&#8221;0px||50px|0px|false|false&#8221; custom_margin_last_edited=&#8221;on|phone&#8221; custom_padding=&#8221;0px|0px|0px|0px|false|false&#8221; custom_padding_tablet=&#8221;&#8221; custom_padding_phone=&#8221;|||0px|false|false&#8221; module_alignment_tablet=&#8221;left&#8221; module_alignment_phone=&#8221;left&#8221; module_alignment_last_edited=&#8221;on|phone&#8221;][et_pb_column type=&#8221;4_4&#8243; _builder_version=&#8221;4.4.2&#8243;][et_pb_image src=&#8221;https:\/\/centroalum.com\/wp-content\/uploads\/2020\/05\/renova-ocultec-logo-1.png&#8221; _builder_version=&#8221;4.4.2&#8243; background_color=&#8221;rgba(0,0,0,0.27)&#8221; width=&#8221;40%&#8221; width_tablet=&#8221;&#8221; width_phone=&#8221;100%&#8221; width_last_edited=&#8221;on|phone&#8221; custom_padding=&#8221;20px|20px|30px|30px|false|false&#8221;][\/et_pb_image][\/et_pb_column][\/et_pb_row][et_pb_row column_structure=&#8221;1_2,1_2&#8243; _builder_version=&#8221;4.4.2&#8243; width=&#8221;100%&#8221; module_alignment=&#8221;center&#8221; custom_margin=&#8221;||0px||false|false&#8221; custom_padding=&#8221;||0px||false|false&#8221;][et_pb_column type=&#8221;1_2&#8243; _builder_version=&#8221;4.4.2&#8243; background_color=&#8221;rgba(0,0,0,0.66)&#8221;][et_pb_text _builder_version=&#8221;4.4.2&#8243; header_font=&#8221;|600|||||||&#8221; header_text_color=&#8221;#6d6d6d&#8221; header_font_size=&#8221;18px&#8221; header_letter_spacing=&#8221;2px&#8221; header_line_height=&#8221;0.7em&#8221; header_2_font=&#8221;|600|||||||&#8221; header_2_text_color=&#8221;#FFFFFF&#8221; header_2_font_size=&#8221;30px&#8221; header_2_letter_spacing=&#8221;2px&#8221; header_2_line_height=&#8221;1.2em&#8221; header_3_text_color=&#8221;#FFFFFF&#8221; header_3_font_size=&#8221;20px&#8221; header_3_line_height=&#8221;1.3em&#8221; background_enable_color=&#8221;off&#8221; width=&#8221;100%&#8221; width_tablet=&#8221;&#8221; width_phone=&#8221;100%&#8221; width_last_edited=&#8221;on|phone&#8221; custom_margin=&#8221;||0px||false|false&#8221; custom_padding=&#8221;20px|20px|20px|20px|false|false&#8221; width__hover_enabled=&#8221;on|desktop&#8221;]<\/p>\n<h2><\/h2>\n<h2>DISE\u00d1O Y SEGURIDAD<\/h2>\n<h2>PARA SU HOGAR<\/h2>\n<p>[\/et_pb_text][et_pb_button button_url=&#8221;https:\/\/centroalum.com\/ocultec-particulares\/&#8221; button_text=&#8221;CAT\u00c1LOGO&#8221; _builder_version=&#8221;4.4.2&#8243; custom_button=&#8221;on&#8221; button_text_color=&#8221;#000000&#8243; button_bg_color=&#8221;#f4de93&#8243; button_border_color=&#8221;#FFFFFF&#8221; custom_margin=&#8221;||40px|20px|false|false&#8221; button_text_color__hover_enabled=&#8221;on|desktop&#8221; button_text_color__hover=&#8221;#FFFFFF&#8221;][\/et_pb_button][\/et_pb_column][et_pb_column type=&#8221;1_2&#8243; _builder_version=&#8221;4.4.2&#8243;][\/et_pb_column][\/et_pb_row][\/et_pb_section][et_pb_section fb_built=&#8221;1&#8243; _builder_version=&#8221;3.22.3&#8243; background_color=&#8221;#f4de93&#8243; custom_margin=&#8221;0px||0px&#8221; custom_padding=&#8221;16px||16px||true|false&#8221;][et_pb_row column_structure=&#8221;3_5,2_5&#8243; _builder_version=&#8221;3.25&#8243; custom_padding=&#8221;27px|0px|1px|0px|false|false&#8221;][et_pb_column type=&#8221;3_5&#8243; _builder_version=&#8221;3.25&#8243; custom_padding=&#8221;|||&#8221; custom_padding__hover=&#8221;|||&#8221;][et_pb_text _builder_version=&#8221;4.4.2&#8243;]<\/p>\n<h3><strong>Nuevas lineas de Manillas<br \/> <\/strong><\/h3>\n<p>Descubre la que mejor se adapta a tu hogar.<\/p>\n<p><strong><\/strong><\/p>\n<p>[\/et_pb_text][\/et_pb_column][et_pb_column type=&#8221;2_5&#8243; _builder_version=&#8221;3.25&#8243; custom_padding=&#8221;|||&#8221; custom_padding__hover=&#8221;|||&#8221;][et_pb_button button_url=&#8221;https:\/\/centroalum.com\/wp-content\/uploads\/2020\/04\/CA-cataleg-manetes.pdf&#8221; url_new_window=&#8221;on&#8221; button_text=&#8221;DESCARGA CAT\u00c1LOGO&#8221; button_alignment=&#8221;right&#8221; module_id=&#8221;manillas&#8221; _builder_version=&#8221;4.4.2&#8243; custom_margin=&#8221;0px||0px||true|false&#8221;][\/et_pb_button][\/et_pb_column][\/et_pb_row][\/et_pb_section][et_pb_section fb_built=&#8221;1&#8243; _builder_version=&#8221;4.4.2&#8243; custom_margin=&#8221;||0px|0px&#8221; custom_padding=&#8221;50px||10px&#8221;][et_pb_row _builder_version=&#8221;3.25&#8243;][et_pb_column type=&#8221;4_4&#8243; _builder_version=&#8221;3.25&#8243; custom_padding=&#8221;|||&#8221; custom_padding__hover=&#8221;|||&#8221;][et_pb_text _builder_version=&#8221;4.0.9&#8243;]<\/p>\n<h2 style=\"text-align: center;\">centroalum<strong> INFORMA<\/strong><\/h2>\n<p style=\"text-align: center;\">Te presentamos todas las novedades y tendencias alrededor de la arquitectura del aluminio.<\/p>\n<p>[\/et_pb_text][\/et_pb_column][\/et_pb_row][et_pb_row _builder_version=&#8221;4.4.2&#8243; module_alignment=&#8221;center&#8221; custom_margin=&#8221;|auto|0px|0px|false|false&#8221; custom_margin_tablet=&#8221;||||false|false&#8221; custom_margin_phone=&#8221;|auto|0px||false|false&#8221; custom_margin_last_edited=&#8221;on|phone&#8221; custom_padding=&#8221;||0px&#8221;][et_pb_column type=&#8221;4_4&#8243; _builder_version=&#8221;3.25&#8243; custom_padding=&#8221;||0px|&#8221; custom_padding__hover=&#8221;|||&#8221;][et_pb_blog fullwidth=&#8221;off&#8221; posts_number=&#8221;3&#8243; show_more=&#8221;on&#8221; show_author=&#8221;off&#8221; show_date=&#8221;off&#8221; show_categories=&#8221;off&#8221; show_pagination=&#8221;off&#8221; _builder_version=&#8221;4.4.2&#8243; header_font=&#8221;||||||||&#8221; body_font=&#8221;||||||||&#8221; body_font_size=&#8221;14px&#8221; body_line_height=&#8221;1.3em&#8221; meta_font=&#8221;||||||||&#8221; border_width_all=&#8221;0px&#8221; box_shadow_style=&#8221;preset2&#8243; box_shadow_horizontal=&#8221;0px&#8221; box_shadow_blur=&#8221;16px&#8221; box_shadow_spread=&#8221;-4px&#8221;][\/et_pb_blog][\/et_pb_column][\/et_pb_row][\/et_pb_section][et_pb_section fb_built=&#8221;1&#8243; _builder_version=&#8221;3.22.3&#8243; background_color=&#8221;#f4de93&#8243; custom_margin=&#8221;0px||0px&#8221; custom_padding=&#8221;16px||16px||true|false&#8221;][et_pb_row column_structure=&#8221;3_5,2_5&#8243; _builder_version=&#8221;3.25&#8243; custom_padding=&#8221;27px|0px|27px|0px|false|false&#8221;][et_pb_column type=&#8221;3_5&#8243; _builder_version=&#8221;3.25&#8243; custom_padding=&#8221;|||&#8221; custom_padding__hover=&#8221;|||&#8221;][et_pb_text _builder_version=&#8221;4.0.9&#8243;]<\/p>\n<h3>centroalum  <strong>ASESORA<\/strong><\/h3>\n<p>Te ayudamos a encontrar los sistemas de cerramientos de aluminio que m\u00e1s se adaptan a tu proyecto.\u00a0<span style=\"font-size: 15px;\">Solicita a nuestros expertos una asesor\u00eda personalizada<\/span><\/p>\n<p><strong><\/strong><\/p>\n<p>[\/et_pb_text][\/et_pb_column][et_pb_column type=&#8221;2_5&#8243; _builder_version=&#8221;3.25&#8243; custom_padding=&#8221;|||&#8221; custom_padding__hover=&#8221;|||&#8221;][et_pb_button button_url=&#8221;https:\/\/centroalum.com\/contacto-centroalum-particulares\/&#8221; button_text=&#8221;QUIERO CONTACTAR&#8221; button_alignment=&#8221;right&#8221; _builder_version=&#8221;4.0.9&#8243; custom_margin=&#8221;10%||10%||true&#8221;][\/et_pb_button][\/et_pb_column][\/et_pb_row][\/et_pb_section][et_pb_section fb_built=&#8221;1&#8243; _builder_version=&#8221;3.22.3&#8243; custom_margin=&#8221;0px||&#8221; custom_padding=&#8221;0px||0px&#8221;][et_pb_row column_structure=&#8221;1_2,1_2&#8243; padding_top_bottom_link_1=&#8221;true&#8221; padding_top_bottom_link_2=&#8221;true&#8221; _builder_version=&#8221;3.25&#8243; module_alignment=&#8221;center&#8221; custom_margin=&#8221;0px||0px||true&#8221; custom_padding=&#8221;0px||0px||true&#8221;][et_pb_column type=&#8221;1_2&#8243; _builder_version=&#8221;3.25&#8243; custom_padding=&#8221;0px||0px|&#8221; custom_padding__hover=&#8221;|||&#8221;][et_pb_image src=&#8221;https:\/\/centroalum.com\/wp-content\/uploads\/2019\/02\/led.jpg&#8221; url=&#8221;https:\/\/centroalum.com\/showroom-aluminio-arquitectos-particulares\/&#8221; align=&#8221;center&#8221; align_tablet=&#8221;center&#8221; align_phone=&#8221;&#8221; align_last_edited=&#8221;on|desktop&#8221; _builder_version=&#8221;4.0.9&#8243; custom_margin=&#8221;15%||&#8221; custom_padding=&#8221;0px||&#8221;]<\/p>\n<h2>CENTROALUM<strong> ASESORA<\/strong><\/h2>\n<p>Te ayudamos a encontrar los sistemas de cerramientos de aluminio que<\/p>\n<p><strong><\/strong><\/p>\n<p>[\/et_pb_image][et_pb_text _builder_version=&#8221;4.0.9&#8243; link_option_url=&#8221;https:\/\/centroalum.com\/showroom-aluminio-arquitectos-particulares\/&#8221;]<\/p>\n<h2 style=\"text-align: center;\">centroalum<strong> INSPIRACI\u00d3N<\/strong><\/h2>\n<p style=\"text-align: center;\">Te ofrecemos soluciones personalizadas para cada proyecto, combinando dise\u00f1o y funcionalidad.<\/p>\n<p>[\/et_pb_text][\/et_pb_column][et_pb_column type=&#8221;1_2&#8243; _builder_version=&#8221;3.25&#8243; custom_padding=&#8221;0px||0px|&#8221; custom_padding__hover=&#8221;|||&#8221;][et_pb_image src=&#8221;https:\/\/centroalum.com\/wp-content\/uploads\/2019\/02\/img.jpg&#8221; url=&#8221;https:\/\/centroalum.com\/showroom-aluminio-arquitectos-particulares\/&#8221; align_tablet=&#8221;center&#8221; align_phone=&#8221;&#8221; align_last_edited=&#8221;on|desktop&#8221; _builder_version=&#8221;4.0.9&#8243;][\/et_pb_image][\/et_pb_column][\/et_pb_row][\/et_pb_section][et_pb_section fb_built=&#8221;1&#8243; _builder_version=&#8221;3.22.3&#8243; background_color=&#8221;#f4de93&#8243; custom_padding=&#8221;15px||15px||true&#8221;][et_pb_row column_structure=&#8221;1_2,1_4,1_4&#8243; use_custom_gutter=&#8221;on&#8221; gutter_width=&#8221;1&#8243; _builder_version=&#8221;3.25&#8243; use_custom_width=&#8221;on&#8221;][et_pb_column type=&#8221;1_2&#8243; _builder_version=&#8221;3.25&#8243; custom_padding=&#8221;|||&#8221; custom_padding__hover=&#8221;|||&#8221;][et_pb_text _builder_version=&#8221;3.27.4&#8243;]<\/p>\n<h3>DESCARGA NUESTRA <strong>APP<\/strong><\/h3>\n<p>Una app de pedidos, disponible para Android e iOS.<\/p>\n<p><strong><\/strong><\/p>\n<p>[\/et_pb_text][\/et_pb_column][et_pb_column type=&#8221;1_4&#8243; _builder_version=&#8221;3.25&#8243; custom_padding=&#8221;|||&#8221; custom_padding__hover=&#8221;|||&#8221;][et_pb_button button_url=&#8221;https:\/\/itunes.apple.com\/es\/app\/centroalum-pedidos\/id834852209?mt=8&#8243; button_text=&#8221;APP PARA IOS&#8221; button_alignment=&#8221;right&#8221; _builder_version=&#8221;3.19.12&#8243;][\/et_pb_button][\/et_pb_column][et_pb_column type=&#8221;1_4&#8243; _builder_version=&#8221;3.25&#8243; custom_padding=&#8221;|||&#8221; custom_padding__hover=&#8221;|||&#8221;][et_pb_button button_url=&#8221;https:\/\/play.google.com\/store\/apps\/details?id=air.com.edertone.CentroalumPedidos&#8221; button_text=&#8221;APP PARA ANDROID&#8221; button_alignment=&#8221;right&#8221; _builder_version=&#8221;3.19.12&#8243;][\/et_pb_button][\/et_pb_column][\/et_pb_row][\/et_pb_section]<\/p>\n","protected":false},"excerpt":{"rendered":"<p>Vamos ajud\u00e1-lo a encontrar a inspira\u00e7\u00e3o para o seu projeto Atrav\u00e9s do nosso showroom, colocamos \u00e0 sua disposi\u00e7\u00e3o um espa\u00e7o onde poder\u00e1 ver, sentir e tocar em alguns dos produtos do nosso cat\u00e1logo.DISE\u00d1O Disponemos de dise\u00f1os exclusivos, innovadores y eficientes BIENESTAR Generamos confort, ahorro y seguridad para tu hogarCERCAN\u00cdA Ponemos a tu servicio un equipo [&hellip;]<\/p>\n","protected":false},"author":10,"featured_media":0,"parent":0,"menu_order":0,"comment_status":"closed","ping_status":"closed","template":"page_particular.php","meta":{"_et_pb_use_builder":"on","_et_pb_old_content":"","_et_gb_content_width":"","inline_featured_image":false,"footnotes":""},"class_list":["post-226646","page","type-page","status-publish","hentry"],"_links":{"self":[{"href":"https:\/\/centroalum.com\/pt-pt\/wp-json\/wp\/v2\/pages\/226646","targetHints":{"allow":["GET"]}}],"collection":[{"href":"https:\/\/centroalum.com\/pt-pt\/wp-json\/wp\/v2\/pages"}],"about":[{"href":"https:\/\/centroalum.com\/pt-pt\/wp-json\/wp\/v2\/types\/page"}],"author":[{"embeddable":true,"href":"https:\/\/centroalum.com\/pt-pt\/wp-json\/wp\/v2\/users\/10"}],"replies":[{"embeddable":true,"href":"https:\/\/centroalum.com\/pt-pt\/wp-json\/wp\/v2\/comments?post=226646"}],"version-history":[{"count":5,"href":"https:\/\/centroalum.com\/pt-pt\/wp-json\/wp\/v2\/pages\/226646\/revisions"}],"predecessor-version":[{"id":226654,"href":"https:\/\/centroalum.com\/pt-pt\/wp-json\/wp\/v2\/pages\/226646\/revisions\/226654"}],"wp:attachment":[{"href":"https:\/\/centroalum.com\/pt-pt\/wp-json\/wp\/v2\/media?parent=226646"}],"curies":[{"name":"wp","href":"https:\/\/api.w.org\/{rel}","templated":true}]}}